{"id":1332,"date":"2023-06-05T23:53:41","date_gmt":"2023-06-05T23:53:41","guid":{"rendered":"https:\/\/rc-chemlab.net\/?post_type=product&#038;p=1332"},"modified":"2024-04-16T01:38:04","modified_gmt":"2024-04-16T01:38:04","slug":"4-fma-kaufen","status":"publish","type":"product","link":"https:\/\/rc-chemlab.net\/el\/product\/4-fma-kaufen\/","title":{"rendered":"4-FMA"},"content":{"rendered":"<h1>\u0391\u03b3\u03bf\u03c1\u03ac\u03c3\u03c4\u03b5 4-FMA<\/h1>\n<p>\u0398\u03b1 \u03b8\u03ad\u03bb\u03b1\u03c4\u03b5 \u03bd\u03b1 \u03b1\u03b3\u03bf\u03c1\u03ac\u03c3\u03b5\u03c4\u03b5 \u03c4\u03bf 4-FMA; \u038c\u03bb\u03b1 \u03c4\u03b1 \u03c0\u03c1\u03bf\u03ca\u03cc\u03bd\u03c4\u03b1 \u03b1\u03c0\u03cc Rc-<a href=\"\/el\/\">Chemlab<\/a> \u03b5\u03af\u03bd\u03b1\u03b9 \u03b5\u03c1\u03b3\u03b1\u03c3\u03c4\u03b7\u03c1\u03b9\u03b1\u03ba\u03ac \u03b5\u03bb\u03b5\u03b3\u03bc\u03ad\u03bd\u03b1 \u03ba\u03b1\u03b9 \u03c5\u03c8\u03b7\u03bb\u03ae\u03c2 \u03c0\u03bf\u03b9\u03cc\u03c4\u03b7\u03c4\u03b1\u03c2. \u039f\u03b9 \u03c0\u03b1\u03c1\u03b1\u03b3\u03b3\u03b5\u03bb\u03af\u03b5\u03c2 \u03c3\u03c5\u03c3\u03ba\u03b5\u03c5\u03ac\u03b6\u03bf\u03bd\u03c4\u03b1\u03b9 \u03b4\u03b9\u03b1\u03ba\u03c1\u03b9\u03c4\u03b9\u03ba\u03ac \u03ba\u03b1\u03b9 \u03b1\u03c0\u03bf\u03c3\u03c4\u03ad\u03bb\u03bb\u03bf\u03bd\u03c4\u03b1\u03b9 \u03b5\u03bd\u03c4\u03cc\u03c2 24 \u03c9\u03c1\u03ce\u03bd. \u039c\u03c0\u03bf\u03c1\u03b5\u03af\u03c4\u03b5 \u03b5\u03c0\u03af\u03c3\u03b7\u03c2 \u03bd\u03b1 \u03c0\u03bb\u03b7\u03c1\u03ce\u03c3\u03b5\u03c4\u03b5 \u03bc\u03b5 \u03b1\u03c3\u03c6\u03ac\u03bb\u03b5\u03b9\u03b1 \u03ba\u03b1\u03b9 \u03b3\u03c1\u03ae\u03b3\u03bf\u03c1\u03b1 \u03bc\u03b5 \u03ba\u03c1\u03c5\u03c0\u03c4\u03bf\u03b3\u03c1\u03b1\u03c6\u03af\u03b1! \u039f\u03b9 \u03c0\u03b1\u03c1\u03b1\u03b3\u03b3\u03b5\u03bb\u03af\u03b5\u03c2 \u03c3\u03c5\u03c3\u03ba\u03b5\u03c5\u03ac\u03b6\u03bf\u03bd\u03c4\u03b1\u03b9 \u03b4\u03b9\u03b1\u03ba\u03c1\u03b9\u03c4\u03b9\u03ba\u03ac \u03ba\u03b1\u03b9 \u03b1\u03c0\u03bf\u03c3\u03c4\u03ad\u03bb\u03bb\u03bf\u03bd\u03c4\u03b1\u03b9 \u03b5\u03bd\u03c4\u03cc\u03c2 24 \u03c9\u03c1\u03ce\u03bd.<\/p>\n<h2>\u03a4\u03b9 \u03b5\u03af\u03bd\u03b1\u03b9 \u03c4\u03bf 4-FMA;<\/h2>\n<p>\u03a4\u03bf 4-FMA \u03b5\u03af\u03bd\u03b1\u03b9 \u03bc\u03b9\u03b1 \u03ba\u03b1\u03c4\u03b7\u03b3\u03bf\u03c1\u03af\u03b1 \u03c7\u03b7\u03bc\u03b9\u03ba\u03ce\u03bd \u03bf\u03c5\u03c3\u03b9\u03ce\u03bd \u03c0\u03bf\u03c5 \u03c3\u03c7\u03b5\u03c4\u03af\u03b6\u03bf\u03bd\u03c4\u03b1\u03b9 \u03c3\u03c4\u03b5\u03bd\u03ac \u03bc\u03b5 \u03c4\u03b7\u03bd \u03b1\u03bc\u03c6\u03b5\u03c4\u03b1\u03bc\u03af\u03bd\u03b7. \u03a0\u03c1\u03cc\u03ba\u03b5\u03b9\u03c4\u03b1\u03b9 \u03b3\u03b9\u03b1 \u03ad\u03bd\u03c9\u03c3\u03b7 \u03c6\u03b8\u03bf\u03c1\u03af\u03bf\u03c5, \u03c0\u03bf\u03c5 \u03c3\u03b7\u03bc\u03b1\u03af\u03bd\u03b5\u03b9 \u03cc\u03c4\u03b9 \u03c3\u03c4\u03bf \u03bc\u03cc\u03c1\u03b9\u03bf \u03ad\u03c7\u03b5\u03b9 \u03c0\u03c1\u03bf\u03c3\u03c4\u03b5\u03b8\u03b5\u03af \u03ad\u03bd\u03b1 \u03ac\u03c4\u03bf\u03bc\u03bf \u03c6\u03b8\u03bf\u03c1\u03af\u03bf\u03c5 \u03b3\u03b9\u03b1 \u03bd\u03b1 \u03bc\u03b5\u03c4\u03b1\u03b2\u03bb\u03b7\u03b8\u03bf\u03cd\u03bd \u03bf\u03b9 \u03b9\u03b4\u03b9\u03cc\u03c4\u03b7\u03c4\u03ad\u03c2 \u03c4\u03bf\u03c5. \u0397 4-FMA \u03b1\u03c0\u03bf\u03c4\u03b5\u03bb\u03b5\u03af\u03c4\u03b1\u03b9 \u03b1\u03c0\u03cc \u03bc\u03b9\u03b1 \u03c6\u03b1\u03b9\u03bd\u03c5\u03bb\u03bf\u03bc\u03ac\u03b4\u03b1 \u03c3\u03c5\u03bd\u03b4\u03b5\u03b4\u03b5\u03bc\u03ad\u03bd\u03b7 \u03bc\u03b5 \u03ad\u03bd\u03b1 \u03bc\u03cc\u03c1\u03b9\u03bf \u03b1\u03bc\u03c6\u03b5\u03c4\u03b1\u03bc\u03af\u03bd\u03b7\u03c2. <a href=\"https:\/\/xtcdrogenhaus.com\/Produkt-Kategorie\/amphetamine-kaufen\/\">\u0391\u03bc\u03c6\u03b5\u03c4\u03b1\u03bc\u03af\u03bd\u03b7<\/a> \u03b5\u03af\u03bd\u03b1\u03b9 \u03bc\u03b9\u03b1 \u03bf\u03c5\u03c3\u03af\u03b1 \u03c0\u03bf\u03c5 \u03b5\u03c0\u03b7\u03c1\u03b5\u03ac\u03b6\u03b5\u03b9 \u03c4\u03bf\u03bd \u03b5\u03b3\u03ba\u03ad\u03c6\u03b1\u03bb\u03bf \u03ba\u03b1\u03b9 \u03c4\u03bf \u03bd\u03b5\u03c5\u03c1\u03b9\u03ba\u03cc \u03c3\u03cd\u03c3\u03c4\u03b7\u03bc\u03b1. \u0391\u03c5\u03be\u03ac\u03bd\u03b5\u03b9 \u03c4\u03b7\u03bd \u03b1\u03c0\u03b5\u03bb\u03b5\u03c5\u03b8\u03ad\u03c1\u03c9\u03c3\u03b7 \u03bf\u03c1\u03b9\u03c3\u03bc\u03ad\u03bd\u03c9\u03bd \u03c7\u03b7\u03bc\u03b9\u03ba\u03ce\u03bd \u03bf\u03c5\u03c3\u03b9\u03ce\u03bd \u03c4\u03bf\u03c5 \u03b5\u03b3\u03ba\u03b5\u03c6\u03ac\u03bb\u03bf\u03c5, \u03cc\u03c0\u03c9\u03c2 \u03b7 \u03bd\u03c4\u03bf\u03c0\u03b1\u03bc\u03af\u03bd\u03b7 \u03ba\u03b1\u03b9 \u03b7 \u03bd\u03bf\u03c1\u03b1\u03b4\u03c1\u03b5\u03bd\u03b1\u03bb\u03af\u03bd\u03b7, \u03bf\u03b9 \u03bf\u03c0\u03bf\u03af\u03b5\u03c2 \u03bc\u03c0\u03bf\u03c1\u03b5\u03af \u03bd\u03b1 \u03bf\u03b4\u03b7\u03b3\u03ae\u03c3\u03bf\u03c5\u03bd \u03c3\u03b5 \u03b1\u03af\u03c3\u03b8\u03b7\u03bc\u03b1 \u03b5\u03c5\u03c6\u03bf\u03c1\u03af\u03b1\u03c2, \u03b1\u03c5\u03be\u03b7\u03bc\u03ad\u03bd\u03b7\u03c2 \u03b5\u03b3\u03c1\u03ae\u03b3\u03bf\u03c1\u03c3\u03b7\u03c2 \u03ba\u03b1\u03b9 \u03b5\u03bd\u03ad\u03c1\u03b3\u03b5\u03b9\u03b1\u03c2.<\/p>\n<h2>\u03a0\u03bf\u03cd \u03bc\u03c0\u03bf\u03c1\u03ce \u03bd\u03b1 \u03b1\u03b3\u03bf\u03c1\u03ac\u03c3\u03c9 \u03c4\u03bf 4-FMA;<\/h2>\n<p>\u03a3\u03c4\u03b7 Chemlab \u03bc\u03c0\u03bf\u03c1\u03b5\u03af\u03c4\u03b5 \u03bd\u03b1 \u03b1\u03b3\u03bf\u03c1\u03ac\u03c3\u03b5\u03c4\u03b5 \u03cc\u03bb\u03b1 \u03c4\u03b1 \u03c7\u03b7\u03bc\u03b9\u03ba\u03ac \u03c0\u03c1\u03bf\u03ca\u03cc\u03bd\u03c4\u03b1 \u03ad\u03c1\u03b5\u03c5\u03bd\u03b1\u03c2, \u03ba\u03b1\u03b9 \u03b5\u03b4\u03ce \u03bc\u03c0\u03bf\u03c1\u03b5\u03af\u03c4\u03b5 \u03b5\u03c0\u03af\u03c3\u03b7\u03c2 \u03bd\u03b1 \u03b1\u03b3\u03bf\u03c1\u03ac\u03c3\u03b5\u03c4\u03b5 4-FMA \u03c3\u03c4\u03b7\u03bd \u03ba\u03b1\u03bb\u03cd\u03c4\u03b5\u03c1\u03b7 \u03c0\u03bf\u03b9\u03cc\u03c4\u03b7\u03c4\u03b1. \u0397 \u03bf\u03c5\u03c3\u03af\u03b1 \u03b1\u03c5\u03c4\u03ae \u03c0\u03b1\u03c1\u03ad\u03c7\u03b5\u03c4\u03b1\u03b9 \u03c3\u03b5 \u03bc\u03bf\u03c1\u03c6\u03ae \u03c3\u03ba\u03cc\u03bd\u03b7\u03c2 \u03ba\u03b1\u03b9 \u03c0\u03c1\u03bf\u03bf\u03c1\u03af\u03b6\u03b5\u03c4\u03b1\u03b9 \u03bc\u03cc\u03bd\u03bf \u03b3\u03b9\u03b1 \u03b5\u03c1\u03b3\u03b1\u03c3\u03c4\u03b7\u03c1\u03b9\u03b1\u03ba\u03ae \u03c7\u03c1\u03ae\u03c3\u03b7 \u03ba\u03b1\u03b9 \u03c0\u03c1\u03ad\u03c0\u03b5\u03b9 \u03c0\u03ac\u03bd\u03c4\u03b1 \u03bd\u03b1 \u03bb\u03b1\u03bc\u03b2\u03ac\u03bd\u03b5\u03c4\u03b5 \u03c4\u03b9\u03c2 \u03ba\u03b1\u03c4\u03ac\u03bb\u03bb\u03b7\u03bb\u03b5\u03c2 \u03c0\u03c1\u03bf\u03c6\u03c5\u03bb\u03ac\u03be\u03b5\u03b9\u03c2 \u03b1\u03c3\u03c6\u03b1\u03bb\u03b5\u03af\u03b1\u03c2. \u03a3\u03b7\u03bc\u03b5\u03af\u03c9\u03c3\u03b7: \u03a4\u03bf 4-FMA, \u03cc\u03c0\u03c9\u03c2 \u03ba\u03b1\u03b9 \u03ac\u03bb\u03bb\u03b1 \u03b5\u03c1\u03b5\u03c5\u03bd\u03b7\u03c4\u03b9\u03ba\u03ac \u03c7\u03b7\u03bc\u03b9\u03ba\u03ac, \u03c0\u03c1\u03bf\u03bf\u03c1\u03af\u03b6\u03b5\u03c4\u03b1\u03b9 \u03bc\u03cc\u03bd\u03bf \u03b3\u03b9\u03b1 \u03b5\u03c1\u03b5\u03c5\u03bd\u03b7\u03c4\u03b9\u03ba\u03ae \u03c7\u03c1\u03ae\u03c3\u03b7 \u03ba\u03b1\u03b9 \u03b4\u03b5\u03bd \u03c0\u03c1\u03ad\u03c0\u03b5\u03b9 \u03c0\u03bf\u03c4\u03ad \u03bd\u03b1 \u03ba\u03b1\u03c4\u03b1\u03bd\u03b1\u03bb\u03ce\u03bd\u03b5\u03c4\u03b1\u03b9 \u03b1\u03c0\u03cc \u03b1\u03bd\u03b8\u03c1\u03ce\u03c0\u03bf\u03c5\u03c2, \u03b6\u03ce\u03b1 \u03ae \u03ac\u03bb\u03bb\u03b1 \u03ad\u03bc\u03b2\u03b9\u03b1 \u03cc\u03bd\u03c4\u03b1. \u0394\u03b5\u03bd \u03c0\u03bf\u03c5\u03bb\u03ac\u03bc\u03b5 \u03b5\u03c1\u03b5\u03c5\u03bd\u03b7\u03c4\u03b9\u03ba\u03ac \u03c7\u03b7\u03bc\u03b9\u03ba\u03ac \u03c3\u03b5 \u03ac\u03c4\u03bf\u03bc\u03b1 \u03ba\u03ac\u03c4\u03c9 \u03c4\u03c9\u03bd 18 \u03b5\u03c4\u03ce\u03bd. \u0393\u03b9\u03b1 \u03c0\u03b5\u03c1\u03b9\u03c3\u03c3\u03cc\u03c4\u03b5\u03c1\u03b5\u03c2 \u03c0\u03bb\u03b7\u03c1\u03bf\u03c6\u03bf\u03c1\u03af\u03b5\u03c2 \u03b5\u03c0\u03b9\u03ba\u03bf\u03b9\u03bd\u03c9\u03bd\u03ae\u03c3\u03c4\u03b5 \u03bc\u03b5 <a href=\"https:\/\/rc-chemlab.net\/el\/kontakt\/\">\u0395\u03c0\u03b9\u03ba\u03bf\u03b9\u03bd\u03c9\u03bd\u03ae\u03c3\u03c4\u03b5 \u03bc\u03b1\u03b6\u03af \u03bc\u03b1\u03c2<\/a> on.<\/p>","protected":false},"excerpt":{"rendered":"<p>4-FMA kaufen Sie m\u00f6chten 4-FMA kaufen? Alle Produkte von Rc-Chemlab sind laborgepr\u00fcft und von h\u00f6chster Qualit\u00e4t. Die Bestellungen werden diskret<\/p>","protected":false},"featured_media":10327,"comment_status":"open","ping_status":"closed","template":"","meta":{"_seopress_robots_primary_cat":"none","_seopress_titles_title":"4-FMA kaufen %%sep%% %%sitetitle%%","_seopress_titles_desc":"4-FMA kaufen - Sie m\u00f6chten 4-FMA kaufen? Alle Produkte von Rc-Chemlab sind laborgepr\u00fcft und von h\u00f6chster Qualit\u00e4t.","_seopress_robots_index":""},"product_brand":[],"product_cat":[140],"product_tag":[],"class_list":{"0":"post-1332","1":"product","2":"type-product","3":"status-publish","4":"has-post-thumbnail","6":"product_cat-forschungschemikalien","8":"first","9":"instock","10":"taxable","11":"shipping-taxable","12":"purchasable","13":"product-type-variable"},"_links":{"self":[{"href":"https:\/\/rc-chemlab.net\/el\/wp-json\/wp\/v2\/product\/1332","targetHints":{"allow":["GET"]}}],"collection":[{"href":"https:\/\/rc-chemlab.net\/el\/wp-json\/wp\/v2\/product"}],"about":[{"href":"https:\/\/rc-chemlab.net\/el\/wp-json\/wp\/v2\/types\/product"}],"replies":[{"embeddable":true,"href":"https:\/\/rc-chemlab.net\/el\/wp-json\/wp\/v2\/comments?post=1332"}],"version-history":[{"count":2,"href":"https:\/\/rc-chemlab.net\/el\/wp-json\/wp\/v2\/product\/1332\/revisions"}],"predecessor-version":[{"id":10328,"href":"https:\/\/rc-chemlab.net\/el\/wp-json\/wp\/v2\/product\/1332\/revisions\/10328"}],"wp:featuredmedia":[{"embeddable":true,"href":"https:\/\/rc-chemlab.net\/el\/wp-json\/wp\/v2\/media\/10327"}],"wp:attachment":[{"href":"https:\/\/rc-chemlab.net\/el\/wp-json\/wp\/v2\/media?parent=1332"}],"wp:term":[{"taxonomy":"product_brand","embeddable":true,"href":"https:\/\/rc-chemlab.net\/el\/wp-json\/wp\/v2\/product_brand?post=1332"},{"taxonomy":"product_cat","embeddable":true,"href":"https:\/\/rc-chemlab.net\/el\/wp-json\/wp\/v2\/product_cat?post=1332"},{"taxonomy":"product_tag","embeddable":true,"href":"https:\/\/rc-chemlab.net\/el\/wp-json\/wp\/v2\/product_tag?post=1332"}],"curies":[{"name":"wp","href":"https:\/\/api.w.org\/{rel}","templated":true}]}}