{"id":9829,"date":"2023-08-26T00:15:45","date_gmt":"2023-08-26T00:15:45","guid":{"rendered":"https:\/\/rc-chemlab.net\/?post_type=product&#038;p=9829"},"modified":"2024-04-15T00:06:53","modified_gmt":"2024-04-15T00:06:53","slug":"5f-adb-kaufen","status":"publish","type":"product","link":"https:\/\/rc-chemlab.net\/cs\/product\/5f-adb-kaufen\/","title":{"rendered":"5F ADB"},"content":{"rendered":"<h1>Koupit 5f-adb<\/h1>\n<p>Objednat 5f-adb online. (zn\u00e1m\u00fd tak\u00e9 jako 5F-MDMB-PINACA nebo 5F-ADB-PINACA) je upraven\u00fd kanabinoid ze skupiny indazol-3-karboxamid\u016f, kter\u00fd se pou\u017e\u00edv\u00e1 jako pracovn\u00ed fixa\u010dn\u00ed l\u00e1tka v konopn\u00fdch produktech. Prod\u00e1v\u00e1 se tak\u00e9 online jako origin\u00e1ln\u00ed p\u0159\u00edpravek. Je \u00fa\u010dinn\u00fdm agonistou receptor\u016f CB1, ale nen\u00ed jasn\u00e9, zda je schopen dos\u00e1hnout tohoto c\u00edle. V listopadu 2014 byl poprv\u00e9 ocen\u011bn posmrtn\u011b odebran\u00fdmi vzorky od osoby, kter\u00e1 zem\u0159ela po u\u017eit\u00ed p\u0159edm\u011btu obsahuj\u00edc\u00edho tuto l\u00e1tku. V\u00fdsledky test\u016f potvrdily, \u017ee p\u0159edm\u011bt byl pou\u017eit celkem u deseti osob v Japonsku v obdob\u00ed od z\u00e1\u0159\u00ed 2014 do prosince 2014 p\u0159i nevysv\u011btliteln\u00e9m p\u0159ed\u00e1vkov\u00e1n\u00ed drogami.<\/p>\n<p>V z\u00e1vislosti na n\u00edzk\u00fdch koncentrac\u00edch zji\u0161t\u011bn\u00fdch p\u0159i testech tk\u00e1n\u00ed se p\u0159edpokl\u00e1d\u00e1, \u017ee je neuv\u011b\u0159iteln\u011b siln\u00fd a zd\u00e1 se, \u017ee je v\u00fdrazn\u011b toxi\u010dt\u011bj\u0161\u00ed ne\u017e d\u0159\u00edve vyr\u00e1b\u011bn\u00e9 kanabinoidn\u00ed drogy, kter\u00e9 se prod\u00e1valy v posledn\u00ed dob\u011b.<\/p>\n<p>V roce 2018 to byl nej\u010dast\u011bji u\u017e\u00edvan\u00fd kanabinoidn\u00ed produkt, kter\u00fd p\u0159itahoval nejv\u011bt\u0161\u00ed pozornost v r\u00e1mci kriz\u00ed \u00da\u0159adu pro kontrolu l\u00e9\u010div. V roce 2018 byl 5F-ADB rozpozn\u00e1n tak\u00e9 ve v\u00fdrobc\u00edch s kanabidiolem (CBD) od americk\u00e9ho v\u00fdrobce.<\/p>\n<h2>Co jsou kanabinoidy?<\/h2>\n<p>Slovo \"kanabinoid\" ozna\u010duje jakoukoli um\u011ble vytvo\u0159enou l\u00e1tku, kter\u00e1 se v\u00e1\u017ee na kanabinoidn\u00ed receptory t\u011bla a mysli a m\u00e1 stejn\u00fd \u00fa\u010dinek na receptory p\u0159en\u00e1\u0161en\u00e9 rostlinou cannabis sativa. T\u0159i typy kanabinoid\u016f, kter\u00e9 lid\u00e9 u\u017e\u00edvaj\u00ed, jsou relaxa\u010dn\u00ed, pomocn\u00e9 a vyvinut\u00e9.<\/p>\n<p>Podle studie obsahuje rostlina konop\u00ed 80 a\u017e 100 kanabinoid\u016f a p\u0159ibli\u017en\u011b 300 nekanabinoidn\u00edch l\u00e1tek. Dva hlavn\u00ed kanabinoidy jsou delta-9-tetrahydrokanabinol neboli THC a kanabidiol neboli CBD. Delta-9-tetrahydrokanabinol (THC), rizikov\u00fd zesilova\u010d psychoaktivn\u00edch \u00fa\u010dink\u016f konop\u00ed, je \u010dast\u011bji pova\u017eov\u00e1n za jednu z nich.<\/p>\n<p>Hlavn\u00ed rozd\u00edly mezi ob\u011bma kanabinoidy spo\u010d\u00edvaj\u00ed v tom, \u017ee THC m\u00e1 siln\u00e9 psychoaktivn\u00ed \u00fa\u010dinky, co\u017e znamen\u00e1, \u017ee \u010dlov\u011bka \"sjede\", zat\u00edmco CBD psychoaktivn\u00ed \u00fa\u010dinky THC tlum\u00ed nebo zachov\u00e1v\u00e1. P\u0159edpokl\u00e1d\u00e1 se, \u017ee CBD sni\u017euje n\u011bkter\u00e9 dal\u0161\u00ed negativn\u00ed \u00fa\u010dinky, kter\u00e9 lid\u00e9 znaj\u00ed z THC, nap\u0159\u00edklad neklid.<\/p>\n<h2>Negativn\u00ed \u00fa\u010dinky<\/h2>\n<p>Nezd\u00e1 se, \u017ee by \u0161kodlivost a dlouhodob\u00e9 \u00fa\u010dinky rekrea\u010dn\u00edho u\u017e\u00edv\u00e1n\u00ed 5F-AKB48 na pohodu byly zam\u011b\u0159eny v n\u011bjak\u00e9m logick\u00e9m kontextu, a neexistuje \u017e\u00e1dn\u00e9 konkr\u00e9tn\u00ed m\u011b\u0159en\u00ed t\u00e9to toxick\u00e9 l\u00e1tky. Motivuje k tomu skute\u010dnost, \u017ee s pou\u017eit\u00edm 5F-AKB48 u lid\u00ed nejsou t\u00e9m\u011b\u0159 \u017e\u00e1dn\u00e9 zku\u0161enosti. D\u016fkazy od osob, kter\u00e9 vyzkou\u0161ely 5F-AKB48 uvnit\u0159 s\u00edt\u011b, nazna\u010duj\u00ed, \u017ee nedoch\u00e1z\u00ed k \u017e\u00e1dn\u00fdm negativn\u00edm dopad\u016fm na pohodu (nic v\u0161ak nelze zcela zajistit). N\u00e1hodn\u00e9 studie uk\u00e1zaly, \u017ee p\u0159ed\u00e1vkov\u00e1n\u00ed v mnohem ni\u017e\u0161\u00edch ne\u017e rizikov\u00fdch d\u00e1vk\u00e1ch zp\u016fsobuje fyzick\u00e9 pot\u00ed\u017ee, jako je bu\u0161en\u00ed srdce, z\u00e1vrat\u011b a sedace, co\u017e obvykle zp\u016fsobuje, \u017ee pacient sn\u00e1\u0161\u00ed velk\u00e9 nap\u011bt\u00ed nebo us\u00edn\u00e1.<\/p>\n<p>Vzhledem k tomu, \u017ee tyto l\u00e1tky jednozna\u010dn\u011b zvy\u0161uj\u00ed aktu\u00e1ln\u00ed stavy mozku a emoc\u00ed, \u010dasto se doporu\u010duje, aby osoby s p\u0159edchoz\u00edmi z\u00e1va\u017en\u00fdmi poruchami n\u00e1lady tyto l\u00e1tky neu\u017e\u00edvaly. Podobn\u011b jako THC m\u016f\u017ee dlouhodob\u00e9 u\u017e\u00edv\u00e1n\u00ed vyroben\u00fdch kanabinoid\u016f, jako je 5F-AKB48 , roz\u0161\u00ed\u0159it v\u00fdskyt a\u017e k dysfunk\u010dn\u00edmu chov\u00e1n\u00ed a psych\u00f3ze, zejm\u00e9na u zraniteln\u00fdch osob s rizikov\u00fdmi faktory m\u00e1nie (nap\u0159. p\u0159edchoz\u00ed schizofrenie nebo v\u00fdskyt v rodin\u011b).<\/p>\n<p>B\u011bhem d\u00e1vkov\u00e1n\u00ed je nutn\u00e9 p\u0159ijmout vhodn\u00e1 opat\u0159en\u00ed, abyste si udr\u017eeli strategick\u00fd odstup od negativn\u00edho setk\u00e1n\u00ed, proto\u017ee kanabinoidy jsou dynamick\u00e9 v miligramov\u00e9m rozmez\u00ed (typick\u00e1 d\u00e1vka je men\u0161\u00ed ne\u017e 5 mg).<\/p>\n<p>P\u0159i u\u017e\u00edv\u00e1n\u00ed tohoto p\u0159\u00edpravku se d\u016frazn\u011b doporu\u010duje prov\u00e1d\u011bt testy bolesti.<\/p>\n<h2>5F-ADB - Odolnost a potenci\u00e1l z\u00e1vislosti<\/h2>\n<p>Podobn\u011b jako u jin\u00fdch manipulovan\u00fdch kanabinoid\u016f je dlouhodob\u00e9 u\u017e\u00edv\u00e1n\u00ed 5F-AKB48 tolerovanou z\u00e1vislost\u00ed s vysok\u00fdm potenci\u00e1lem zneu\u017e\u00edv\u00e1n\u00ed, kter\u00e1 m\u016f\u017ee u n\u011bkter\u00fdch pacient\u016f v\u00e9st k psychick\u00e9 z\u00e1vislosti. Pokud \u010dlov\u011bk n\u00e1hle p\u0159estane, mohou se objevit touhy a \u00fa\u010dinky odvyk\u00e1n\u00ed, a\u017e dojde k vazb\u011b.<\/p>\n<p>P\u0159i dlouhodob\u00e9m a modifikovan\u00e9m pou\u017e\u00edv\u00e1n\u00ed se 5F-AKB48 st\u00e1v\u00e1 odoln\u00fdm v\u016f\u010di zna\u010dn\u00fdm ot\u0159es\u016fm. Z\u00e1kazn\u00edci proto v\u017edy dodr\u017euj\u00ed v\u011bt\u0161\u00ed d\u00e1vky, aby dos\u00e1hli podobn\u00fdch v\u00fdsledk\u016f. Od t\u00e9 doby trv\u00e1 p\u0159ibli\u017en\u011b 3 a\u017e 7 dn\u00ed, ne\u017e se odolnost sn\u00ed\u017e\u00ed na polovinu, a 1 a\u017e 14 dn\u00ed, ne\u017e se vr\u00e1t\u00ed k norm\u00e1lu (bez dal\u0161\u00edho pou\u017e\u00edv\u00e1n\u00ed). 5F-AKB48 prop\u016fj\u010duje v\u0161em kanabinoid\u016fm zk\u0159\u00ed\u017eenou odolnost, co\u017e znamen\u00e1, \u017ee po pou\u017eit\u00ed 5F-AKB48 budou m\u00edt v\u0161echny kanabinoidy sn\u00ed\u017een\u00fd \u00fa\u010dinek.<\/p>\n<p>Kliknut\u00edm sem se dozv\u00edte v\u00edce o na\u0161ich \u010dl\u00e1nc\u00edch.<\/p>","protected":false},"excerpt":{"rendered":"<p>5f-adb kaufen Bestellen Sie 5f-adb online. (auch bekannt als 5F-MDMB-PINACA oder 5F-ADB-PINACA) ist ein technisch hergestelltes Cannabinoid der Indazol-3-carboxamid-Familie, das<\/p>","protected":false},"featured_media":10285,"comment_status":"open","ping_status":"closed","template":"","meta":{"_seopress_robots_primary_cat":"none","_seopress_titles_title":"5f-adb kaufen %%sep%% %%sitetitle%%","_seopress_titles_desc":"5f-adb kaufen - Bestellen Sie 5f-adb online. (auch bekannt als 5F-MDMB-PINACA oder 5F-ADB-PINACA) ist ein technisch hergestelltes","_seopress_robots_index":""},"product_brand":[],"product_cat":[140],"product_tag":[],"class_list":{"0":"post-9829","1":"product","2":"type-product","3":"status-publish","4":"has-post-thumbnail","6":"product_cat-forschungschemikalien","8":"first","9":"instock","10":"taxable","11":"shipping-taxable","12":"purchasable","13":"product-type-variable"},"_links":{"self":[{"href":"https:\/\/rc-chemlab.net\/cs\/wp-json\/wp\/v2\/product\/9829","targetHints":{"allow":["GET"]}}],"collection":[{"href":"https:\/\/rc-chemlab.net\/cs\/wp-json\/wp\/v2\/product"}],"about":[{"href":"https:\/\/rc-chemlab.net\/cs\/wp-json\/wp\/v2\/types\/product"}],"replies":[{"embeddable":true,"href":"https:\/\/rc-chemlab.net\/cs\/wp-json\/wp\/v2\/comments?post=9829"}],"version-history":[{"count":3,"href":"https:\/\/rc-chemlab.net\/cs\/wp-json\/wp\/v2\/product\/9829\/revisions"}],"predecessor-version":[{"id":10286,"href":"https:\/\/rc-chemlab.net\/cs\/wp-json\/wp\/v2\/product\/9829\/revisions\/10286"}],"wp:featuredmedia":[{"embeddable":true,"href":"https:\/\/rc-chemlab.net\/cs\/wp-json\/wp\/v2\/media\/10285"}],"wp:attachment":[{"href":"https:\/\/rc-chemlab.net\/cs\/wp-json\/wp\/v2\/media?parent=9829"}],"wp:term":[{"taxonomy":"product_brand","embeddable":true,"href":"https:\/\/rc-chemlab.net\/cs\/wp-json\/wp\/v2\/product_brand?post=9829"},{"taxonomy":"product_cat","embeddable":true,"href":"https:\/\/rc-chemlab.net\/cs\/wp-json\/wp\/v2\/product_cat?post=9829"},{"taxonomy":"product_tag","embeddable":true,"href":"https:\/\/rc-chemlab.net\/cs\/wp-json\/wp\/v2\/product_tag?post=9829"}],"curies":[{"name":"wp","href":"https:\/\/api.w.org\/{rel}","templated":true}]}}