{"id":9587,"date":"2023-06-11T15:10:31","date_gmt":"2023-06-11T15:10:31","guid":{"rendered":"https:\/\/rc-chemlab.net\/?post_type=product&#038;p=9587"},"modified":"2024-04-16T02:28:24","modified_gmt":"2024-04-16T02:28:24","slug":"1cp-lsd-kaufen","status":"publish","type":"product","link":"https:\/\/rc-chemlab.net\/cs\/product\/1cp-lsd-kaufen\/","title":{"rendered":"1cP-LSD 100MCG"},"content":{"rendered":"<h1><span class=\"___SText_mzmpq-ko_\" data-ui-name=\"Link.Text\">Koupit 1cP LSD<\/span><\/h1>\n<h2>1cP-LSD Vlastnosti<\/h2>\n<p>Synonymum: <a href=\"https:\/\/en.wikipedia.org\/wiki\/N1-Methyl-lysergic_acid_diethylamide\">N1-(cyklopropylmethanoyl)-dietylamid kyseliny lysergov\u00e9<\/a><br \/>\n\u010c\u00edslo CAS: nepou\u017eije se<br \/>\nVzorec: C24H29N3O2 - HCL<br \/>\nMolekulov\u00e1 hmotnost: 391,515 g\/mol<br \/>\n\u010cistota: ?98%<\/p>\n<h2>Varov\u00e1n\u00ed p\u0159ed nebezpe\u010d\u00edm<\/h2>\n<p>1cP-LSD m\u016f\u017ee zp\u016fsobit podr\u00e1\u017ed\u011bn\u00ed d\u00fdchac\u00edch cest<br \/>\n1cP-LSD m\u016f\u017ee zp\u016fsobit podr\u00e1\u017ed\u011bn\u00ed o\u010d\u00ed<br \/>\nUvol\u0148ov\u00e1n\u00ed RC do \u017eivotn\u00edho prost\u0159ed\u00ed je zak\u00e1z\u00e1no.<\/p>\n<p>1cP-LSD P\u0158I VST\u0158IKU DO O\u010c\u00cd: O\u010di d\u016fkladn\u011b vyplachujte vodou po dobu p\u011bti minut. Pokud je to mo\u017en\u00e9, vyjm\u011bte kontaktn\u00ed \u010do\u010dky.<\/p>\n<p>1cP-LSD P\u0158I STYKU S K\u016e\u017d\u00cd: Omyjte k\u016f\u017ei vodou a m\u00fddlem.<\/p>\n<p>PO VDECHNUT\u00cd 1cP-LSD: Vyve\u010fte ob\u011b\u0165 na \u010derstv\u00fd vzduch a udr\u017eujte ji v poloze, kter\u00e1 je pro d\u00fdch\u00e1n\u00ed pohodln\u00e1.<\/p>\n<p>TYTO PRODUKTY JSOU UR\u010cENY POUZE PRO V\u00ddZKUMN\u00c9 \u00da\u010cELY A NEJSOU UR\u010cENY K LIDSK\u00c9 SPOT\u0158EB\u011a! Pro dal\u0161\u00ed informace se pros\u00edm obra\u0165te na <a href=\"https:\/\/rc-chemlab.net\/cs\/kontakt\/\">Kontaktujte n\u00e1s<\/a> na.<\/p>","protected":false},"excerpt":{"rendered":"<p>1cP LSD kaufen 1cP-LSD Eigenschaften Synonym: N1-(Cyclopropylmethanoyl)-Lysergs\u00e4urediethylamid CAS-Nummer: entf\u00e4llt Formel: C24H29N3O2 &#8211; HCL Molekulare Masse: 391,515 g\/mol Reinheit: ?98% Gefahrenhinweise<\/p>","protected":false},"featured_media":10376,"comment_status":"open","ping_status":"closed","template":"","meta":{"_seopress_robots_primary_cat":"none","_seopress_titles_title":"1cP LSD kaufen %%sep%% %%sitetitle%%","_seopress_titles_desc":"1cP LSD kaufen - 1cP-LSD BEI KONTAKT MIT DEN AUGEN: Die Augen f\u00fcnf Minuten lang sorgf\u00e4ltig mit Wasser aussp\u00fclen. Kontaktlinsen nach M\u00f6glichkeit herausnehmen.","_seopress_robots_index":""},"product_brand":[],"product_cat":[141],"product_tag":[],"class_list":{"0":"post-9587","1":"product","2":"type-product","3":"status-publish","4":"has-post-thumbnail","6":"product_cat-blotter-kaufen","8":"first","9":"instock","10":"taxable","11":"shipping-taxable","12":"purchasable","13":"product-type-variable"},"_links":{"self":[{"href":"https:\/\/rc-chemlab.net\/cs\/wp-json\/wp\/v2\/product\/9587","targetHints":{"allow":["GET"]}}],"collection":[{"href":"https:\/\/rc-chemlab.net\/cs\/wp-json\/wp\/v2\/product"}],"about":[{"href":"https:\/\/rc-chemlab.net\/cs\/wp-json\/wp\/v2\/types\/product"}],"replies":[{"embeddable":true,"href":"https:\/\/rc-chemlab.net\/cs\/wp-json\/wp\/v2\/comments?post=9587"}],"version-history":[{"count":1,"href":"https:\/\/rc-chemlab.net\/cs\/wp-json\/wp\/v2\/product\/9587\/revisions"}],"predecessor-version":[{"id":9593,"href":"https:\/\/rc-chemlab.net\/cs\/wp-json\/wp\/v2\/product\/9587\/revisions\/9593"}],"wp:featuredmedia":[{"embeddable":true,"href":"https:\/\/rc-chemlab.net\/cs\/wp-json\/wp\/v2\/media\/10376"}],"wp:attachment":[{"href":"https:\/\/rc-chemlab.net\/cs\/wp-json\/wp\/v2\/media?parent=9587"}],"wp:term":[{"taxonomy":"product_brand","embeddable":true,"href":"https:\/\/rc-chemlab.net\/cs\/wp-json\/wp\/v2\/product_brand?post=9587"},{"taxonomy":"product_cat","embeddable":true,"href":"https:\/\/rc-chemlab.net\/cs\/wp-json\/wp\/v2\/product_cat?post=9587"},{"taxonomy":"product_tag","embeddable":true,"href":"https:\/\/rc-chemlab.net\/cs\/wp-json\/wp\/v2\/product_tag?post=9587"}],"curies":[{"name":"wp","href":"https:\/\/api.w.org\/{rel}","templated":true}]}}