{"id":9580,"date":"2023-06-11T14:47:31","date_gmt":"2023-06-11T14:47:31","guid":{"rendered":"https:\/\/rc-chemlab.net\/?post_type=product&#038;p=9580"},"modified":"2024-04-16T02:20:45","modified_gmt":"2024-04-16T02:20:45","slug":"1b-lsd-kaufen","status":"publish","type":"product","link":"https:\/\/rc-chemlab.net\/cs\/product\/1b-lsd-kaufen\/","title":{"rendered":"1B-LSD 100MCG"},"content":{"rendered":"<h1>1B LSD kaufen<\/h1>\n<h2>1B-LSD Eigenschaften<\/h2>\n<p>Synonymum: <a href=\"https:\/\/www.researchgate.net\/figure\/Effects-of-AL-LAD-A-and-LSZ-B-on-the-head-twitch-response-Data-are-presented-as_fig1_303820411\">N1-Butyryl-Lysergs\u00e4urediethylamid<\/a><br \/>\nCAS-Nummer: 2349376-12-9<br \/>\nFormel: C24H31N3O2 &#8211; HCL<br \/>\nMasse: 393,531 g\/mol<br \/>\n\u010cistota: ?98%<\/p>\n<p>Varov\u00e1n\u00ed p\u0159ed nebezpe\u010d\u00edm<\/p>\n<p>1B-LSD kann Reizungen der Atemwege verursachen<br \/>\n1B-LSD kann Augenreizungen verursachen<br \/>\nUvol\u0148ov\u00e1n\u00ed RC do \u017eivotn\u00edho prost\u0159ed\u00ed je zak\u00e1z\u00e1no.<\/p>\n<p>1B-LSD BEI KONTAKT MIT DEN AUGEN: Die Augen f\u00fcnf Minuten lang sorgf\u00e4ltig mit Wasser aussp\u00fclen. Kontaktlinsen nach M\u00f6glichkeit herausnehmen.<\/p>\n<p>1B-LSD BEI KONTAKT MIT DER HAUT: Haut mit Wasser und Seife waschen.<\/p>\n<p>NACH EINATMEN VON 1B-LSD: Das Opfer an die frische Luft bringen und in einer Position belassen, die das Atmen erleichtert.<\/p>\n<p>TYTO PRODUKTY JSOU UR\u010cENY POUZE PRO V\u00ddZKUMN\u00c9 \u00da\u010cELY A NEJSOU UR\u010cENY K LIDSK\u00c9 SPOT\u0158EB\u011a! Pro dal\u0161\u00ed informace se pros\u00edm obra\u0165te na <a href=\"https:\/\/rc-chemlab.net\/cs\/kontakt\/\">Kontaktujte n\u00e1s<\/a> na.<\/p>\n<p>&nbsp;<\/p>","protected":false},"excerpt":{"rendered":"<p>1B LSD kaufen 1B-LSD Eigenschaften Synonym: N1-Butyryl-Lysergs\u00e4urediethylamid CAS-Nummer: 2349376-12-9 Formel: C24H31N3O2 &#8211; HCL Masse: 393,531 g\/mol Reinheit: ?98% Gefahrenhinweise 1B-LSD<\/p>","protected":false},"featured_media":10368,"comment_status":"open","ping_status":"closed","template":"","meta":{"_seopress_robots_primary_cat":"none","_seopress_titles_title":"1B LSD kaufen %%sep%% %%sitetitle%%","_seopress_titles_desc":"1B LSD kaufen - Die Augen f\u00fcnf Minuten lang sorgf\u00e4ltig mit Wasser aussp\u00fclen. Kontaktlinsen nach M\u00f6glichkeit herausnehmen.","_seopress_robots_index":""},"product_brand":[],"product_cat":[141],"product_tag":[],"class_list":{"0":"post-9580","1":"product","2":"type-product","3":"status-publish","4":"has-post-thumbnail","6":"product_cat-blotter-kaufen","8":"first","9":"instock","10":"taxable","11":"shipping-taxable","12":"purchasable","13":"product-type-variable"},"_links":{"self":[{"href":"https:\/\/rc-chemlab.net\/cs\/wp-json\/wp\/v2\/product\/9580","targetHints":{"allow":["GET"]}}],"collection":[{"href":"https:\/\/rc-chemlab.net\/cs\/wp-json\/wp\/v2\/product"}],"about":[{"href":"https:\/\/rc-chemlab.net\/cs\/wp-json\/wp\/v2\/types\/product"}],"replies":[{"embeddable":true,"href":"https:\/\/rc-chemlab.net\/cs\/wp-json\/wp\/v2\/comments?post=9580"}],"version-history":[{"count":1,"href":"https:\/\/rc-chemlab.net\/cs\/wp-json\/wp\/v2\/product\/9580\/revisions"}],"predecessor-version":[{"id":9586,"href":"https:\/\/rc-chemlab.net\/cs\/wp-json\/wp\/v2\/product\/9580\/revisions\/9586"}],"wp:featuredmedia":[{"embeddable":true,"href":"https:\/\/rc-chemlab.net\/cs\/wp-json\/wp\/v2\/media\/10368"}],"wp:attachment":[{"href":"https:\/\/rc-chemlab.net\/cs\/wp-json\/wp\/v2\/media?parent=9580"}],"wp:term":[{"taxonomy":"product_brand","embeddable":true,"href":"https:\/\/rc-chemlab.net\/cs\/wp-json\/wp\/v2\/product_brand?post=9580"},{"taxonomy":"product_cat","embeddable":true,"href":"https:\/\/rc-chemlab.net\/cs\/wp-json\/wp\/v2\/product_cat?post=9580"},{"taxonomy":"product_tag","embeddable":true,"href":"https:\/\/rc-chemlab.net\/cs\/wp-json\/wp\/v2\/product_tag?post=9580"}],"curies":[{"name":"wp","href":"https:\/\/api.w.org\/{rel}","templated":true}]}}