{"id":68,"date":"2020-03-13T10:27:32","date_gmt":"2020-03-13T10:27:32","guid":{"rendered":"https:\/\/demo.creativethemes.com\/blocksy\/modern-shop\/?post_type=product&#038;p=68"},"modified":"2024-04-11T16:32:23","modified_gmt":"2024-04-11T16:32:23","slug":"2-methyl-ap-237-hcl","status":"publish","type":"product","link":"https:\/\/rc-chemlab.net\/cs\/product\/2-methyl-ap-237-hcl\/","title":{"rendered":"2-METHYL-AP-237-HCL"},"content":{"rendered":"<h1>2-METHYL-AP-237-HCL<\/h1>\n<p>Waar kan ik 2-METHYL-AP-237-HCL goedkoop kopen? Chemlab zoekt de beste innovatieve medicijnen. 2methyl-ap-237.hcl je zkratka pro <a href=\"https:\/\/en.wikipedia.org\/wiki\/2-Fluoromethamphetamine\">2-fluoromethamfetamin<\/a>.<\/p>\n<p>Produkt se od roku 2014 pou\u017e\u00edv\u00e1 jako designov\u00e1 droga. Za zna\u010dkov\u00e9 drogy u\u017e nikdy nezaplat\u00edte p\u0159\u00edli\u0161 mnoho. We kunnen altijd de beste prijs garanderen, weil we rechtstreeks bij de fabrikanten inkopen.<\/p>\n<p>Vysoce kvalitn\u00ed 2-METHYL-AP-237-HCL. P\u0159i n\u00e1kupu zna\u010dkov\u00fdch drog online bu\u010fte opatrn\u00ed; existuje \u0159ada internetov\u00fdch obchod\u016f, kter\u00e9 prod\u00e1vaj\u00ed fale\u0161n\u00e9 nebo \u0161patn\u00e9 zna\u010dkov\u00e9 drogy.<\/p>\n<p>Je weet zeker dat de producten die je in Chemlab koopt van de hoogste kwaliteit zijn. Ka\u017ed\u00e1 zna\u010dkov\u00e1 droga, kterou si objedn\u00e1te u Chemlab Team, v\u00e1m bude bezpe\u010dn\u011b a diskr\u00e9tn\u011b doru\u010dena a\u017e dom\u016f!<\/p>\n<p>2-METHYL-AP-237-HCL, testov\u00e1no v laborato\u0159i<br \/>\nJe wilt er zeker van zijn dat de producten van hoge kwaliteit zijn als je op zoek bent nach designerdrogen. V\u0161echny na\u0161e kreativn\u00ed l\u00e9ky jsou k dispozici v r\u016fzn\u00fdch barv\u00e1ch a velikostech. V\u0161echny n\u00e1mi vyv\u00edjen\u00e9 l\u00e9ky maj\u00ed nejvy\u0161\u0161\u00ed kvalitu a jsou neust\u00e1le testov\u00e1ny v laborato\u0159i.<\/p>\n<p>Objednat diskr\u00e9tn\u00ed zna\u010dkov\u00e9 drogy: Zna\u010dkov\u00e9 drogy je nyn\u00ed mo\u017en\u00e9 leg\u00e1ln\u011b koupit online!<\/p>\n<p>Het is van cruciaal belang om de juiste bron te gebruiken wanneer u designerdrogen kauft. V d\u016fsledku toho existuje \u0159ada webov\u00fdch str\u00e1nek, kter\u00e9 nejsou spolehliv\u00e9 a mohou zas\u00edlat nebezpe\u010dn\u00e9 zbo\u017e\u00ed.<\/p>\n<p>Doporu\u010dujeme proto, abyste si inovativn\u00ed l\u00e9ky objednali u t\u00fdmu spole\u010dnosti Chemlab.<\/p>\n<p>Chemlab heeft een groot klantenbestand en is al lange tijd marktleider in de verkoop van innovatieve designerdrugs. Pro dal\u0161\u00ed informace n\u00e1s pros\u00edm kontaktujte.<\/p>","protected":false},"excerpt":{"rendered":"<p>2-METHYL-AP-237-HCL Waar kan ik 2-METHYL-AP-237-HCL goedkoop kopen? Chemlab zoekt de beste innovatieve medicijnen. 2methyl-ap-237.hcl ist die Abk\u00fcrzung f\u00fcr 2-fluormethamfetamine. Seit<\/p>","protected":false},"featured_media":10249,"comment_status":"open","ping_status":"closed","template":"","meta":{"_seopress_robots_primary_cat":"none","_seopress_titles_title":"2-METHYL-AP-237-HCL %%sep%% %%sitetitle%%","_seopress_titles_desc":"Waar kan ik 2-METHYL-AP-237-HCL goedkoop kopen? Chemlab zoekt de beste innovatieve medicijnen. 2methyl-ap-237.hcl ist die Abk\u00fcrzung f\u00fcr 2-fluormethamfetamine.","_seopress_robots_index":""},"product_brand":[],"product_cat":[140],"product_tag":[],"class_list":{"0":"post-68","1":"product","2":"type-product","3":"status-publish","4":"has-post-thumbnail","6":"product_cat-forschungschemikalien","8":"first","9":"instock","10":"featured","11":"taxable","12":"shipping-taxable","13":"purchasable","14":"product-type-variable"},"_links":{"self":[{"href":"https:\/\/rc-chemlab.net\/cs\/wp-json\/wp\/v2\/product\/68","targetHints":{"allow":["GET"]}}],"collection":[{"href":"https:\/\/rc-chemlab.net\/cs\/wp-json\/wp\/v2\/product"}],"about":[{"href":"https:\/\/rc-chemlab.net\/cs\/wp-json\/wp\/v2\/types\/product"}],"replies":[{"embeddable":true,"href":"https:\/\/rc-chemlab.net\/cs\/wp-json\/wp\/v2\/comments?post=68"}],"version-history":[{"count":3,"href":"https:\/\/rc-chemlab.net\/cs\/wp-json\/wp\/v2\/product\/68\/revisions"}],"predecessor-version":[{"id":10251,"href":"https:\/\/rc-chemlab.net\/cs\/wp-json\/wp\/v2\/product\/68\/revisions\/10251"}],"wp:featuredmedia":[{"embeddable":true,"href":"https:\/\/rc-chemlab.net\/cs\/wp-json\/wp\/v2\/media\/10249"}],"wp:attachment":[{"href":"https:\/\/rc-chemlab.net\/cs\/wp-json\/wp\/v2\/media?parent=68"}],"wp:term":[{"taxonomy":"product_brand","embeddable":true,"href":"https:\/\/rc-chemlab.net\/cs\/wp-json\/wp\/v2\/product_brand?post=68"},{"taxonomy":"product_cat","embeddable":true,"href":"https:\/\/rc-chemlab.net\/cs\/wp-json\/wp\/v2\/product_cat?post=68"},{"taxonomy":"product_tag","embeddable":true,"href":"https:\/\/rc-chemlab.net\/cs\/wp-json\/wp\/v2\/product_tag?post=68"}],"curies":[{"name":"wp","href":"https:\/\/api.w.org\/{rel}","templated":true}]}}