{"id":66,"date":"2020-03-13T10:24:27","date_gmt":"2020-03-13T10:24:27","guid":{"rendered":"https:\/\/demo.creativethemes.com\/blocksy\/modern-shop\/?post_type=product&#038;p=66"},"modified":"2024-12-21T15:40:24","modified_gmt":"2024-12-21T15:40:24","slug":"3-cmc-kaufen","status":"publish","type":"product","link":"https:\/\/rc-chemlab.net\/cs\/product\/3-cmc-kaufen\/","title":{"rendered":"3 CMC"},"content":{"rendered":"<h1>Koupit 3-CMC<\/h1>\n<p>Molekula 3-MMC, zn\u00e1m\u00e1 tak\u00e9 jako 3-methylmethcathinone, pat\u0159\u00ed do skupiny substituovan\u00fdch katinon\u016f. Katinony jsou podskupinou amfetamin\u016f, kter\u00e9 maj\u00ed amfetaminovou z\u00e1kladn\u00ed strukturu fenylov\u00e9ho kruhu v\u00e1zan\u00e9ho na aminoskupinu (NH2) prost\u0159ednictv\u00edm ethylov\u00e9ho \u0159et\u011bzce a dal\u0161\u00ed methylovou substituci na R\u03b1.<\/p>\n<p>3MMC a dal\u0161\u00ed katinony se li\u0161\u00ed substituc\u00ed ketonu na beta-uhl\u00edku amfetaminov\u00e9ho skeletu, tak\u017ee se jedn\u00e1 o \u03b2-keto-amfetaminy. 3MMC m\u00e1 na kathinonov\u00e9m skeletu dv\u011b methylov\u00e9 substituce: jednu na R3 fenylov\u00e9ho kruhu a druhou na dus\u00edkov\u00e9 skupin\u011b RN. 3MMC je podobn\u00fd mefedronu; m\u00e1 stejnou strukturu s t\u00edm rozd\u00edlem, \u017ee methylov\u00e1 skupina je um\u00edst\u011bna na R3 m\u00edsto na R4.<\/p>\n<h2>Koupit 3-CMC N\u011bmecko<\/h2>\n<p>3-MMC se prod\u00e1v\u00e1 pouze pro v\u00fdzkumn\u00e9 \u00fa\u010dely a nesm\u00ed se pou\u017e\u00edvat pro jin\u00e9 \u00fa\u010dely, jako je diagnostika in vivo, v potravin\u00e1ch, l\u00e9c\u00edch, zdravotnick\u00fdch prost\u0159edc\u00edch a\/nebo kosmetice pro lidi nebo zv\u00ed\u0159ata.<\/p>\n<p>P\u0159ed objedn\u00e1n\u00edm se ujist\u011bte, \u017ee jste \u0159\u00e1dn\u011b vybaveni pro pr\u00e1ci s v\u00fdzkumn\u00fdmi chemik\u00e1liemi a \u017ee je va\u0161e pracovi\u0161t\u011b dob\u0159e v\u011btran\u00e9. Pro objedn\u00e1n\u00ed tohoto v\u00fdrobku mus\u00edte b\u00fdt star\u0161\u00ed 18 let.<\/p>\n<p>3-MMC je v na\u0161\u00ed zemi leg\u00e1ln\u00ed. Je va\u0161\u00ed odpov\u011bdnost\u00ed porozum\u011bt z\u00e1kon\u016fm ve va\u0161em st\u00e1t\u011b, kraji, regionu, zemi nebo m\u011bst\u011b a dodr\u017eovat je. Nep\u0159eb\u00edr\u00e1me \u017e\u00e1dnou odpov\u011bdnost za jak\u00e9koli kroky nebo d\u016fsledky vypl\u00fdvaj\u00edc\u00ed z va\u0161\u00ed objedn\u00e1vky.<\/p>","protected":false},"excerpt":{"rendered":"<p>3-CMC kaufen Der Molek\u00fcl 3-MMC, auch bekannt als 3-Methylmethcathinon, geh\u00f6rt zur Klasse der substituierten Cathinone. Cathinone sind eine Untergruppe der<\/p>","protected":false},"featured_media":10257,"comment_status":"open","ping_status":"closed","template":"","meta":{"_seopress_robots_primary_cat":"none","_seopress_titles_title":"3 CMC Kaufen %%sep%% %%sitetitle%%","_seopress_titles_desc":"Der Molek\u00fcl 3-MMC, auch bekannt als 3-Methylmethcathinon, geh\u00f6rt zur Klasse der substituierten Cathinone.","_seopress_robots_index":""},"product_brand":[],"product_cat":[140],"product_tag":[],"class_list":{"0":"post-66","1":"product","2":"type-product","3":"status-publish","4":"has-post-thumbnail","6":"product_cat-forschungschemikalien","8":"first","9":"instock","10":"featured","11":"taxable","12":"shipping-taxable","13":"purchasable","14":"product-type-variable"},"_links":{"self":[{"href":"https:\/\/rc-chemlab.net\/cs\/wp-json\/wp\/v2\/product\/66","targetHints":{"allow":["GET"]}}],"collection":[{"href":"https:\/\/rc-chemlab.net\/cs\/wp-json\/wp\/v2\/product"}],"about":[{"href":"https:\/\/rc-chemlab.net\/cs\/wp-json\/wp\/v2\/types\/product"}],"replies":[{"embeddable":true,"href":"https:\/\/rc-chemlab.net\/cs\/wp-json\/wp\/v2\/comments?post=66"}],"version-history":[{"count":2,"href":"https:\/\/rc-chemlab.net\/cs\/wp-json\/wp\/v2\/product\/66\/revisions"}],"predecessor-version":[{"id":10258,"href":"https:\/\/rc-chemlab.net\/cs\/wp-json\/wp\/v2\/product\/66\/revisions\/10258"}],"wp:featuredmedia":[{"embeddable":true,"href":"https:\/\/rc-chemlab.net\/cs\/wp-json\/wp\/v2\/media\/10257"}],"wp:attachment":[{"href":"https:\/\/rc-chemlab.net\/cs\/wp-json\/wp\/v2\/media?parent=66"}],"wp:term":[{"taxonomy":"product_brand","embeddable":true,"href":"https:\/\/rc-chemlab.net\/cs\/wp-json\/wp\/v2\/product_brand?post=66"},{"taxonomy":"product_cat","embeddable":true,"href":"https:\/\/rc-chemlab.net\/cs\/wp-json\/wp\/v2\/product_cat?post=66"},{"taxonomy":"product_tag","embeddable":true,"href":"https:\/\/rc-chemlab.net\/cs\/wp-json\/wp\/v2\/product_tag?post=66"}],"curies":[{"name":"wp","href":"https:\/\/api.w.org\/{rel}","templated":true}]}}