{"id":64,"date":"2020-03-13T10:16:57","date_gmt":"2020-03-13T10:16:57","guid":{"rendered":"https:\/\/demo.creativethemes.com\/blocksy\/modern-shop\/?post_type=product&#038;p=64"},"modified":"2024-04-11T16:18:31","modified_gmt":"2024-04-11T16:18:31","slug":"2-fma-kaufen","status":"publish","type":"product","link":"https:\/\/rc-chemlab.net\/cs\/product\/2-fma-kaufen\/","title":{"rendered":"2-FMA"},"content":{"rendered":"<h1>Koupit 2-FMA<\/h1>\n<p>2-FMA, tak\u00e9 <a href=\"https:\/\/en.wikipedia.org\/wiki\/2-Fluoromethamphetamine\">2-fluorometamfetamin<\/a> je vz\u00e1cn\u00fd stimulant ze skupiny metamfetaminu, kter\u00fd je mnoh\u00fdmi velmi vyhled\u00e1van\u00fd a je velmi zaj\u00edmav\u00fd pro v\u00fdzkum.<\/p>\n<p>Studie ukazuj\u00ed, \u017ee v\u00fdzkumn\u00e1 chemick\u00e1 l\u00e1tka 2-FMA p\u016fsob\u00ed jako l\u00e1tka uvol\u0148uj\u00edc\u00ed dopamin i noradrenalin, a\u010dkoli nebyla ofici\u00e1ln\u011b studov\u00e1na na stejn\u00e9 \u00farovni jako b\u011b\u017en\u00e9 amfetaminy. To ukazuje, \u017ee \u00fa\u010dinn\u011b zvy\u0161uje hladinu noradrenalinu a dopaminu t\u00edm, \u017ee se v\u00e1\u017ee na transportn\u00ed proteiny a \u010d\u00e1ste\u010dn\u011b je blokuje, co\u017e je za norm\u00e1ln\u00edch okolnost\u00ed odstra\u0148uje ze synaptick\u00e9 \u0161t\u011brbiny. Proto m\u016f\u017ee doch\u00e1zet k hromad\u011bn\u00ed dopaminu a noradrenalinu, co\u017e v chemick\u00fdch studi\u00edch vede ke stimula\u010dn\u00edm a euforick\u00fdm v\u00fdsledk\u016fm.<\/p>\n<h2>Jak pou\u017e\u00edvat 2-FMA?<\/h2>\n<p>Kupte si 2-FMA v nejlep\u0161\u00ed pr\u00e1\u0161kov\u00e9 form\u011b online. Kupte si 2-FDCK v 50 gramech, 100 gramech, 150 gramech, 200 gramech a 250 gramech. Chcete-li maximalizovat trvanlivost pr\u00e1\u0161ku 2-FDCK, uchov\u00e1vejte jej na such\u00e9m a chladn\u00e9m m\u00edst\u011b. Nejl\u00e9pe je uchov\u00e1vat jej na such\u00e9m a chladn\u00e9m m\u00edst\u011b. P\u0159i manipulaci s v\u00fdzkumn\u00fdmi chemik\u00e1liemi v laborato\u0159i dodr\u017eujte p\u0159\u00edslu\u0161n\u00e1 bezpe\u010dnostn\u00ed opat\u0159en\u00ed, nap\u0159\u00edklad ot\u00edrejte povrchy a pou\u017e\u00edvejte rukavice, masku a ochrann\u00fd od\u011bv.<\/p>\n<h2>Definice 2-FMA<\/h2>\n<p>Ofici\u00e1ln\u00ed n\u00e1zev 2-FMA je 2-fluorometamfetamin, vz\u00e1cn\u00e1 l\u00e1tka ze skupiny amfetamin\u016f. Je p\u0159\u00edbuzn\u00e1 2-FA, 3-FA a 4-FMA a m\u00e1 strukturn\u00ed podobnost s metamfetaminem. Krom\u011b dal\u0161\u00edch fluorovan\u00fdch amfetamin\u016f, jako jsou 2-FA a 4-FA, se vyskytuje tak\u00e9 2-FEA. 2-FMA je dnes na trhu s v\u00fdzkumn\u00fdmi chemik\u00e1liemi st\u00e1le popul\u00e1rn\u011bj\u0161\u00ed, a\u010dkoli ji\u017e n\u011bjakou dobu nen\u00ed form\u00e1ln\u011b studov\u00e1n na stejn\u00e9 \u00farovni jako tradi\u010dn\u00ed amfetaminy.<\/p>\n<h2>Z\u00e1kladn\u00ed informace o chemii 2-FMA<\/h2>\n<p>2-fluorometamfetamin je synteticky vyr\u00e1b\u011bn\u00e1 molekula ze skupiny amfetamin\u016f. Molekuly t\u0159\u00eddy amfetamin\u016f obsahuj\u00ed methylovou skupinu p\u0159ipojenou k RN endaminu amfetaminov\u00e9ho j\u00e1dra, kterou sd\u00edl\u00ed s metamfetaminem. 2 FMA je \u00fazce p\u0159\u00edbuzn\u00fd metamfetaminu a 2-fluoroamfetaminu. P\u0159edpokl\u00e1d\u00e1 se, \u017ee 2-FMA uplat\u0148uje sv\u00e9 stimula\u010dn\u00ed vlastnosti ovliv\u0148ov\u00e1n\u00edm dopaminov\u00fdch a noradrenalinov\u00fdch receptor\u016f. P\u0159i u\u017e\u00edv\u00e1n\u00ed t\u00e9to l\u00e1tky se d\u016frazn\u011b doporu\u010duj\u00ed postupy sni\u017eov\u00e1n\u00ed \u0161kod, proto\u017ee v\u00fdzkum 2-FMA je omezen\u00fd.<\/p>\n<h2>Kde si mohu koupit 2-FMA?<\/h2>\n<p>P\u0159\u00edpravek 2-FMA je mo\u017en\u00e9 zakoupit na webov\u00fdch str\u00e1nk\u00e1ch spole\u010dnosti Chemlab. Prod\u00e1v\u00e1me 2-FMA ve form\u011b pr\u00e1\u0161ku v prvot\u0159\u00eddn\u00ed kvalit\u011b. \u010casto v\u0161ak m\u00e1me k dispozici i jin\u00e9 formy l\u00e1tek. Kontaktujte n\u00e1s a zjist\u011bte, zda m\u00e1me v\u00e1mi preferovanou formu l\u00e1tky na sklad\u011b. Chcete-li si u n\u00e1s koupit 2-FMA, mus\u00ed v\u00e1m b\u00fdt alespo\u0148 18 let.<\/p>","protected":false},"excerpt":{"rendered":"<p>2-FMA kaufen 2-FMA, auch 2-Fluormethamphetamin genannt, ist ein seltenes Stimulans der Methamphetamin-Familie, das von vielen sehr gesucht wird und eine<\/p>","protected":false},"featured_media":10244,"comment_status":"open","ping_status":"closed","template":"","meta":{"_seopress_robots_primary_cat":"none","_seopress_titles_title":"2-FMA kaufen %%sep%% %%sitetitle%%","_seopress_titles_desc":"2-FMA, auch 2-Fluormethamphetamin genannt, ist ein seltenes Stimulans der Methamphetamin-Familie, das von vielen sehr gesucht wird und eine sehr interessante Forschung ist.","_seopress_robots_index":""},"product_brand":[],"product_cat":[140],"product_tag":[],"class_list":{"0":"post-64","1":"product","2":"type-product","3":"status-publish","4":"has-post-thumbnail","6":"product_cat-forschungschemikalien","8":"first","9":"instock","10":"featured","11":"taxable","12":"shipping-taxable","13":"purchasable","14":"product-type-variable"},"_links":{"self":[{"href":"https:\/\/rc-chemlab.net\/cs\/wp-json\/wp\/v2\/product\/64","targetHints":{"allow":["GET"]}}],"collection":[{"href":"https:\/\/rc-chemlab.net\/cs\/wp-json\/wp\/v2\/product"}],"about":[{"href":"https:\/\/rc-chemlab.net\/cs\/wp-json\/wp\/v2\/types\/product"}],"replies":[{"embeddable":true,"href":"https:\/\/rc-chemlab.net\/cs\/wp-json\/wp\/v2\/comments?post=64"}],"version-history":[{"count":3,"href":"https:\/\/rc-chemlab.net\/cs\/wp-json\/wp\/v2\/product\/64\/revisions"}],"predecessor-version":[{"id":10245,"href":"https:\/\/rc-chemlab.net\/cs\/wp-json\/wp\/v2\/product\/64\/revisions\/10245"}],"wp:featuredmedia":[{"embeddable":true,"href":"https:\/\/rc-chemlab.net\/cs\/wp-json\/wp\/v2\/media\/10244"}],"wp:attachment":[{"href":"https:\/\/rc-chemlab.net\/cs\/wp-json\/wp\/v2\/media?parent=64"}],"wp:term":[{"taxonomy":"product_brand","embeddable":true,"href":"https:\/\/rc-chemlab.net\/cs\/wp-json\/wp\/v2\/product_brand?post=64"},{"taxonomy":"product_cat","embeddable":true,"href":"https:\/\/rc-chemlab.net\/cs\/wp-json\/wp\/v2\/product_cat?post=64"},{"taxonomy":"product_tag","embeddable":true,"href":"https:\/\/rc-chemlab.net\/cs\/wp-json\/wp\/v2\/product_tag?post=64"}],"curies":[{"name":"wp","href":"https:\/\/api.w.org\/{rel}","templated":true}]}}