{"id":57,"date":"2020-03-13T10:07:44","date_gmt":"2020-03-13T10:07:44","guid":{"rendered":"https:\/\/demo.creativethemes.com\/blocksy\/modern-shop\/?post_type=product&#038;p=57"},"modified":"2024-10-10T12:54:44","modified_gmt":"2024-10-10T12:54:44","slug":"2-fdck-kaufen-deutschland","status":"publish","type":"product","link":"https:\/\/rc-chemlab.net\/cs\/product\/2-fdck-kaufen-deutschland\/","title":{"rendered":"2-FDCK"},"content":{"rendered":"<h1><span class=\"___SText_v2vqb-ko_\" data-ui-name=\"Link.Text\">2-FDCK koupit N\u011bmecko<\/span><\/h1>\n<p>Koupit 2-FDCK v N\u011bmecku. Hled\u00e1te nejlep\u0161\u00ed nab\u00eddku pr\u00e1\u0161ku 2-FDCK? Rc-Chemlab je tou nejlep\u0161\u00ed volbou! N\u00e1\u0161 vysoce kvalitn\u00ed 2-FDCK je v\u017edy k dispozici a p\u0159ipraven k odesl\u00e1n\u00ed, tak\u017ee m\u016f\u017eete rychle z\u00edskat nejlep\u0161\u00ed dostupn\u00e9 zna\u010dkov\u00e9 drogy. D\u00edky na\u0161im bezpe\u010dn\u00fdm mo\u017enostem platby si nav\u00edc m\u016f\u017eete b\u00fdt jisti, \u017ee sv\u016fj produkt obdr\u017e\u00edte p\u0159esn\u011b v dob\u011b, kdy ho pot\u0159ebujete. Kupte si nyn\u00ed a u\u0161et\u0159ete pen\u00edze!<\/p>\n<p>Zna\u010dkov\u00fdmi drogami se zab\u00fdv\u00e1me ji\u017e 7 let a v\u017edy v\u00e1m m\u016f\u017eeme poskytnout prvot\u0159\u00eddn\u00ed produkty. V\u0161echny na\u0161e produkty jsou bezpe\u010dn\u00e9 pro v\u00fdzkumn\u00e9 \u00fa\u010dely, proto\u017ee byly testov\u00e1ny v laborato\u0159i.<\/p>\n<h3><span class=\"___SText_v2vqb-ko_\" data-ui-name=\"Link.Text\">2-FDCK koupit N\u011bmecko<\/span><\/h3>\n<p>Existuje mnoho internetov\u00fdch obchod\u016f, kter\u00e9 prod\u00e1vaj\u00ed pad\u011blky nebo nekvalitn\u00ed zna\u010dkov\u00e9 drogy, proto bu\u010fte p\u0159i n\u00e1kupu zna\u010dkov\u00fdch drog online opatrn\u00ed. Kdy\u017e se obr\u00e1t\u00edte na spole\u010dnost Chemlab, m\u016f\u017eete si b\u00fdt jisti, \u017ee produkty, kter\u00e9 si koup\u00edte, jsou prvot\u0159\u00eddn\u00ed kvality. Diskr\u00e9tn\u00ed objedn\u00e1v\u00e1n\u00ed drog pro n\u00e1vrh\u00e1\u0159e.<\/p>\n<p>Samoz\u0159ejm\u011b je d\u016fle\u017eit\u00e9 kupovat zna\u010dkov\u00e9 drogy ze spr\u00e1vn\u00e9ho zdroje. Vzhledem k tomu, \u017ee \u0159ada webov\u00fdch str\u00e1nek je nespolehliv\u00e1 a m\u016f\u017ee zas\u00edlat \u0161kodliv\u00e9 produkty. Z tohoto d\u016fvodu doporu\u010dujeme, abyste si zna\u010dkov\u00e9 drogy objednali u t\u00fdmu Rc-Chemlab.<\/p>\n<p>Spole\u010dnost Rc-Chemlab m\u00e1 velkou z\u00e1kaznickou z\u00e1kladnu a ji\u017e \u0159adu let je l\u00eddrem na trhu v prodeji prvot\u0159\u00eddn\u00edch zna\u010dkov\u00fdch drog.<\/p>","protected":false},"excerpt":{"rendered":"<p>2-FDCK kaufen Deutschland 2-FDCK in Deutschland kaufen. Sie suchen nach dem besten 2-FDCK-Pulverangebot? Rc-Chemlab ist die beste Wahl! Unser hochwertiges<\/p>","protected":false},"featured_media":10240,"comment_status":"open","ping_status":"closed","template":"","meta":{"_seopress_robots_primary_cat":"none","_seopress_titles_title":"2-FDCK kaufen Deutschland %%sep%% %%sitetitle%%","_seopress_titles_desc":"2-FDCK in Deutschland kaufen. Sie suchen nach dem besten 2-FDCK-Pulverangebot? Rc-Chemlab ist die beste Wahl!","_seopress_robots_index":""},"product_brand":[],"product_cat":[140],"product_tag":[],"class_list":{"0":"post-57","1":"product","2":"type-product","3":"status-publish","4":"has-post-thumbnail","6":"product_cat-forschungschemikalien","8":"first","9":"instock","10":"featured","11":"taxable","12":"shipping-taxable","13":"purchasable","14":"product-type-variable"},"_links":{"self":[{"href":"https:\/\/rc-chemlab.net\/cs\/wp-json\/wp\/v2\/product\/57","targetHints":{"allow":["GET"]}}],"collection":[{"href":"https:\/\/rc-chemlab.net\/cs\/wp-json\/wp\/v2\/product"}],"about":[{"href":"https:\/\/rc-chemlab.net\/cs\/wp-json\/wp\/v2\/types\/product"}],"replies":[{"embeddable":true,"href":"https:\/\/rc-chemlab.net\/cs\/wp-json\/wp\/v2\/comments?post=57"}],"version-history":[{"count":3,"href":"https:\/\/rc-chemlab.net\/cs\/wp-json\/wp\/v2\/product\/57\/revisions"}],"predecessor-version":[{"id":1157,"href":"https:\/\/rc-chemlab.net\/cs\/wp-json\/wp\/v2\/product\/57\/revisions\/1157"}],"wp:featuredmedia":[{"embeddable":true,"href":"https:\/\/rc-chemlab.net\/cs\/wp-json\/wp\/v2\/media\/10240"}],"wp:attachment":[{"href":"https:\/\/rc-chemlab.net\/cs\/wp-json\/wp\/v2\/media?parent=57"}],"wp:term":[{"taxonomy":"product_brand","embeddable":true,"href":"https:\/\/rc-chemlab.net\/cs\/wp-json\/wp\/v2\/product_brand?post=57"},{"taxonomy":"product_cat","embeddable":true,"href":"https:\/\/rc-chemlab.net\/cs\/wp-json\/wp\/v2\/product_cat?post=57"},{"taxonomy":"product_tag","embeddable":true,"href":"https:\/\/rc-chemlab.net\/cs\/wp-json\/wp\/v2\/product_tag?post=57"}],"curies":[{"name":"wp","href":"https:\/\/api.w.org\/{rel}","templated":true}]}}