{"id":279,"date":"2020-03-18T15:35:09","date_gmt":"2020-03-18T15:35:09","guid":{"rendered":"https:\/\/demo.creativethemes.com\/blocksy\/modern-shop\/?post_type=product&#038;p=279"},"modified":"2024-04-12T20:55:47","modified_gmt":"2024-04-12T20:55:47","slug":"4f-mph-kaufen","status":"publish","type":"product","link":"https:\/\/rc-chemlab.net\/cs\/product\/4f-mph-kaufen\/","title":{"rendered":"4F-MPH"},"content":{"rendered":"<h1><span class=\"___SText_mzmpq-ko_\" data-ui-name=\"Link.Text\">Koupit 4F MPH<\/span><\/h1>\n<p>Chcete si koupit 4F-MPH? Pak jste na adrese <a href=\"\/cs\/\">Rc-Chemlab<\/a> p\u0159esn\u011b tak, jak m\u00e1 b\u00fdt! V\u0161echny produkty Research Chemicals Nederland byly testov\u00e1ny v laborato\u0159i a maj\u00ed nejvy\u0161\u0161\u00ed kvalitu. Objedn\u00e1vky jsou diskr\u00e9tn\u011b baleny a odes\u00edl\u00e1ny do 24 hodin. Krom\u011b toho m\u00e1te mo\u017enost bezpe\u010dn\u011b a rychle zaplatit kryptom\u011bnou a bankovn\u00edm p\u0159evodem.<\/p>\n<h2>Co je 4F-MPH?<\/h2>\n<p>4F-MPH je stimula\u010dn\u00ed l\u00e1tka, kter\u00e1 pat\u0159\u00ed mezi tzv. <a href=\"https:\/\/docplayer.org\/129150624-Institut-fuer-organische-katalyseforschung-an-der.html\">T\u0159\u00eddy ethylamin\u016f a piperidin\u016f<\/a> v\u00fdzkumn\u00fdch chemick\u00fdch l\u00e1tek. 4F-Ritalin, zn\u00e1m\u00fd tak\u00e9 jako 4F-MPH, je strukturn\u011b t\u00e9m\u011b\u0159 identick\u00fd s methylfenid\u00e1tem. Jedinou v\u00fdjimkou je jedin\u00fd atom fluoru p\u0159ipojen\u00fd na \u010dtvrtou pozici fenetylaminov\u00e9ho j\u00e1dra. Podobnost mezi methylfenid\u00e1tem a 4F-MPH je vid\u011bt na obr\u00e1zku v\u00fdrobku. Methylfenid\u00e1t se v Nizozemsku p\u0159edepisuje mimo jin\u00e9 na ADHD a narkolepsii. Z tohoto d\u016fvodu je 4F-MPH mo\u017enou n\u00e1hradou za Ritalin.<\/p>\n<p>4F-Ritalin lze zakoupit bez l\u00e9ka\u0159sk\u00e9ho p\u0159edpisu, ale jeho po\u017eadovan\u00e9 \u00fa\u010dinky jsou velmi podobn\u00e9 jako u Ritalinu. Pokud chcete l\u00e1tku pou\u017e\u00edt jednou v laborato\u0159i, u\u0161et\u0159\u00edte t\u00edm spoustu \u010dasu a \u00fasil\u00ed. Jak byste pravd\u011bpodobn\u011b o\u010dek\u00e1vali, 4F-Ritalin funguje podobn\u011b jako methylfenid\u00e1t. 4F-MPH v\u0161ak zvy\u0161uje bd\u011blost a \u00fanavu, nikoli v\u0161ak energii. Navzdory podobnosti mezi ob\u011bma l\u00e1tkami by se 4F-MPH nem\u011bl konzumovat. Chcete z\u00edskat v\u00edce informac\u00ed o \u00fa\u010dinc\u00edch p\u0159\u00edpravku 4F-MPH? Pak byste se m\u011bli pod\u00edvat na Wikipedii nebo Psychonaut Wiki.<\/p>\n<h2>Kde si mohu koupit 4F-MPH?<\/h2>\n<p>RC-Chemlab je t\u00edm prav\u00fdm m\u00edstem, kde najdete v\u0161echny chemik\u00e1lie pro v\u00fdzkum, v\u010detn\u011b nejkvalitn\u011bj\u0161\u00edho 4F-MPH. V\u0161echny v\u00fdzkumn\u00e9 chemik\u00e1lie zas\u00edl\u00e1me z Nizozemska, co\u017e znamen\u00e1, \u017ee va\u0161e objedn\u00e1vka doraz\u00ed do 1 a\u017e 2 pracovn\u00edch dn\u016f! 4F-MPH jsou k dispozici ve form\u011b pr\u00e1\u0161ku, tak\u017ee si m\u016f\u017eete vybrat, kter\u00e1 forma je pro v\u00e1\u0161 experiment nejvhodn\u011bj\u0161\u00ed.<\/p>\n<h2>Koupit 4F-MPH za v\u00fdhodnou cenu<\/h2>\n<p>Chcete v\u011bd\u011bt, zda m\u00e1 na v\u00e1s Ritalin po\u017eadovan\u00fd \u00fa\u010dinek? Pak si zde objednejte 4F-MPH a otestujte jej ve sv\u00e9 laborato\u0159i. Upozorn\u011bn\u00ed: Stejn\u011b jako ostatn\u00ed v\u00fdzkumn\u00e9 chemik\u00e1lie je i 4F-MPH ur\u010den pouze pro v\u00fdzkumn\u00e9 \u00fa\u010dely a nikdy nesm\u00ed b\u00fdt konzumov\u00e1n lidmi, zv\u00ed\u0159aty nebo jin\u00fdmi \u017eiv\u00fdmi bytostmi. 4F-MPH by m\u011bl b\u00fdt skladov\u00e1n na such\u00e9m a chladn\u00e9m m\u00edst\u011b, aby byla zaji\u0161t\u011bna jeho maxim\u00e1ln\u00ed trvanlivost. Pro dal\u0161\u00ed informace se pros\u00edm obra\u0165te na <a href=\"https:\/\/rc-chemlab.net\/cs\/kontakt\/\">Kontaktujte n\u00e1s<\/a> na.<\/p>","protected":false},"excerpt":{"rendered":"<p>4F MPH kaufen Willst du 4F-MPH kaufen? Dann sind Sie bei Rc-Chemlab genau richtig! Alle Produkte von Research Chemicals Nederland<\/p>","protected":false},"featured_media":10272,"comment_status":"open","ping_status":"closed","template":"","meta":{"_seopress_robots_primary_cat":"none","_seopress_titles_title":"4F MPH kaufen %%sep%% %%sitetitle%%","_seopress_titles_desc":"Willst du 4F-MPH kaufen? Dann sind Sie bei Rc-Chemlab genau richtig! Alle Produkte von Research Chemicals Nederland wurden im Labor getestet und sind von h\u00f6chster Qualit\u00e4t.","_seopress_robots_index":""},"product_brand":[],"product_cat":[140],"product_tag":[],"class_list":{"0":"post-279","1":"product","2":"type-product","3":"status-publish","4":"has-post-thumbnail","6":"product_cat-forschungschemikalien","8":"first","9":"instock","10":"featured","11":"taxable","12":"shipping-taxable","13":"purchasable","14":"product-type-variable"},"_links":{"self":[{"href":"https:\/\/rc-chemlab.net\/cs\/wp-json\/wp\/v2\/product\/279","targetHints":{"allow":["GET"]}}],"collection":[{"href":"https:\/\/rc-chemlab.net\/cs\/wp-json\/wp\/v2\/product"}],"about":[{"href":"https:\/\/rc-chemlab.net\/cs\/wp-json\/wp\/v2\/types\/product"}],"replies":[{"embeddable":true,"href":"https:\/\/rc-chemlab.net\/cs\/wp-json\/wp\/v2\/comments?post=279"}],"version-history":[{"count":3,"href":"https:\/\/rc-chemlab.net\/cs\/wp-json\/wp\/v2\/product\/279\/revisions"}],"predecessor-version":[{"id":10273,"href":"https:\/\/rc-chemlab.net\/cs\/wp-json\/wp\/v2\/product\/279\/revisions\/10273"}],"wp:featuredmedia":[{"embeddable":true,"href":"https:\/\/rc-chemlab.net\/cs\/wp-json\/wp\/v2\/media\/10272"}],"wp:attachment":[{"href":"https:\/\/rc-chemlab.net\/cs\/wp-json\/wp\/v2\/media?parent=279"}],"wp:term":[{"taxonomy":"product_brand","embeddable":true,"href":"https:\/\/rc-chemlab.net\/cs\/wp-json\/wp\/v2\/product_brand?post=279"},{"taxonomy":"product_cat","embeddable":true,"href":"https:\/\/rc-chemlab.net\/cs\/wp-json\/wp\/v2\/product_cat?post=279"},{"taxonomy":"product_tag","embeddable":true,"href":"https:\/\/rc-chemlab.net\/cs\/wp-json\/wp\/v2\/product_tag?post=279"}],"curies":[{"name":"wp","href":"https:\/\/api.w.org\/{rel}","templated":true}]}}