{"id":170,"date":"2020-03-16T09:21:08","date_gmt":"2020-03-16T09:21:08","guid":{"rendered":"https:\/\/demo.creativethemes.com\/blocksy\/modern-shop\/?post_type=product&#038;p=170"},"modified":"2024-12-21T15:56:21","modified_gmt":"2024-12-21T15:56:21","slug":"clonazolam-kaufen","status":"publish","type":"product","link":"https:\/\/rc-chemlab.net\/cs\/product\/clonazolam-kaufen\/","title":{"rendered":"Pr\u00e1\u0161ek klonazolamu"},"content":{"rendered":"<h1>Koupit Clonazolam<\/h1>\n<p>Pr\u00e1\u0161ek klonazolamu pat\u0159\u00ed do skupiny <a href=\"https:\/\/www.gelbe-liste.de\/wirkstoffgruppen\/benzodiazepine\">Benzodiazepiny<\/a> a pou\u017e\u00edv\u00e1 se v mnoha situac\u00edch pro r\u016fzn\u00e9 \u00fa\u010dely u lid\u00ed. Poprv\u00e9 byl syntetizov\u00e1n jako designov\u00e1 droga v roce 1971. V posledn\u00edch letech se d\u00edky sv\u00fdm jedine\u010dn\u00fdm vlastnostem stala jednou z nejroz\u0161\u00ed\u0159en\u011bj\u0161\u00edch drog na sv\u011bt\u011b. Dnes se pou\u017e\u00edv\u00e1 jako v\u00fdzkumn\u00e1 chemick\u00e1 l\u00e1tka a k l\u00e9\u010db\u011b r\u016fzn\u00fdch onemocn\u011bn\u00ed.<\/p>\n<h2>\u00da\u010dinek pr\u00e1\u0161ku klonazolamu<\/h2>\n<ul>\n<li>Pr\u00e1\u0161ek klonazolamu je tak\u00e9 psychoaktivn\u00ed l\u00e9k pat\u0159\u00edc\u00ed mezi benzodiazepiny a p\u016fsob\u00ed stejn\u011b jako v\u0161echny tyto prodrugy. M\u00e1 vy\u0161\u0161\u00ed potenci\u00e1l ne\u017e ostatn\u00ed prol\u00e9\u010diva z \u0159ady benzodiazepin\u016f.<\/li>\n<li>P\u016fsob\u00ed tak\u00e9 stejn\u011b jako v\u0161echny prol\u00e9\u010diva, ale p\u016fsob\u00ed rychleji ne\u017e v\u0161echna prol\u00e9\u010diva nejen z t\u00e9to rodiny, ale i z jin\u00fdch rodin prol\u00e9\u010div. Jeho \u00fa\u010dinek je zalo\u017een na p\u0159\u00edm\u00e9m ovlivn\u011bn\u00ed neurotransmiterov\u00e9ho syst\u00e9mu lidsk\u00e9ho mozku.<\/li>\n<li>To stimuluje \u0159adu specifick\u00fdch chemick\u00fdch l\u00e1tek, kter\u00e9 pln\u00ed danou funkci. Pou\u017e\u00edv\u00e1 se tak\u00e9 k uvoln\u011bn\u00ed sval\u016f a zaji\u0161t\u011bn\u00ed dobr\u00e9ho sp\u00e1nku.<\/li>\n<li>Pr\u00e1\u0161ek klonazolamu zaji\u0161\u0165uje spr\u00e1vn\u00fd sp\u00e1nek pro lidsk\u00e9 t\u011blo. Pou\u017e\u00edvaj\u00ed ho t\u00e9m\u011b\u0159 v\u0161ichni l\u00e9ka\u0159i pro pacienty trp\u00edc\u00ed nespavost\u00ed. L\u00e9ka\u0159i jej pou\u017e\u00edvaj\u00ed tak\u00e9 p\u0159i chirurgick\u00fdch z\u00e1kroc\u00edch, kdy cht\u011bj\u00ed pacienta uv\u00e9st do bezv\u011bdom\u00ed.<\/li>\n<li>Tento l\u00e9k tak\u00e9 pom\u00e1h\u00e1 l\u00e9ka\u0159\u016fm udr\u017eet pacienta mimo dosah jin\u00fdch l\u00e9k\u016f. Pou\u017e\u00edv\u00e1 se tak\u00e9 k odstran\u011bn\u00ed alkoholu z cel\u00e9ho t\u011bla prost\u0159ednictv\u00edm r\u016fzn\u00fdch procedur. Clonazolam je velmi dobr\u00fd l\u00e9k, ale pouze pokud je u\u017e\u00edv\u00e1n v souladu s po\u017eadavky organismu a podle p\u0159edpisu.<\/li>\n<li>Pr\u00e1\u0161ek klonazolamu nen\u00ed dobr\u00fd pro lidsk\u00e9 zdrav\u00ed, pokud je u\u017e\u00edv\u00e1n po dlouhou dobu. M\u016f\u017ee zp\u016fsobit v\u00e1\u017en\u00e9 po\u0161kozen\u00ed zdrav\u00ed a ovlivnit neuron\u00e1ln\u00ed syst\u00e9m lidsk\u00e9ho mozku.<\/li>\n<\/ul>\n<p>N\u00e1\u0161 internetov\u00fd obchod nab\u00edz\u00ed Clonazolam za velmi n\u00edzk\u00e9 ceny. N\u00e1\u0161 obchod tak\u00e9 nab\u00edz\u00ed dod\u00e1n\u00ed produktu ve velmi kr\u00e1tk\u00e9m \u010dase. Pro v\u00edce informac\u00ed kontaktujte <a href=\"https:\/\/rc-chemlab.net\/cs\/kontakt\/\">n\u00e1s<\/a>.<\/p>","protected":false},"excerpt":{"rendered":"<p>Clonazolam kaufen Clonazolam-Pulver geh\u00f6rt zur Gruppe der Benzodiazepine und wird in vielen Situationen f\u00fcr verschiedene Zwecke beim Menschen eingesetzt. Es<\/p>","protected":false},"featured_media":10296,"comment_status":"open","ping_status":"closed","template":"","meta":{"_seopress_robots_primary_cat":"none","_seopress_titles_title":"Clonazolam kaufen %%sep%% %%sitetitle%%","_seopress_titles_desc":"Clonazolam kaufen - Clonazolam-Pulver geh\u00f6rt zur Gruppe der Benzodiazepine und wird in vielen Situationen f\u00fcr verschiedene Zwecke beim Menschen eingesetzt.","_seopress_robots_index":""},"product_brand":[],"product_cat":[140],"product_tag":[],"class_list":{"0":"post-170","1":"product","2":"type-product","3":"status-publish","4":"has-post-thumbnail","6":"product_cat-forschungschemikalien","8":"first","9":"instock","10":"taxable","11":"shipping-taxable","12":"purchasable","13":"product-type-variable"},"_links":{"self":[{"href":"https:\/\/rc-chemlab.net\/cs\/wp-json\/wp\/v2\/product\/170","targetHints":{"allow":["GET"]}}],"collection":[{"href":"https:\/\/rc-chemlab.net\/cs\/wp-json\/wp\/v2\/product"}],"about":[{"href":"https:\/\/rc-chemlab.net\/cs\/wp-json\/wp\/v2\/types\/product"}],"replies":[{"embeddable":true,"href":"https:\/\/rc-chemlab.net\/cs\/wp-json\/wp\/v2\/comments?post=170"}],"version-history":[{"count":2,"href":"https:\/\/rc-chemlab.net\/cs\/wp-json\/wp\/v2\/product\/170\/revisions"}],"predecessor-version":[{"id":1244,"href":"https:\/\/rc-chemlab.net\/cs\/wp-json\/wp\/v2\/product\/170\/revisions\/1244"}],"wp:featuredmedia":[{"embeddable":true,"href":"https:\/\/rc-chemlab.net\/cs\/wp-json\/wp\/v2\/media\/10296"}],"wp:attachment":[{"href":"https:\/\/rc-chemlab.net\/cs\/wp-json\/wp\/v2\/media?parent=170"}],"wp:term":[{"taxonomy":"product_brand","embeddable":true,"href":"https:\/\/rc-chemlab.net\/cs\/wp-json\/wp\/v2\/product_brand?post=170"},{"taxonomy":"product_cat","embeddable":true,"href":"https:\/\/rc-chemlab.net\/cs\/wp-json\/wp\/v2\/product_cat?post=170"},{"taxonomy":"product_tag","embeddable":true,"href":"https:\/\/rc-chemlab.net\/cs\/wp-json\/wp\/v2\/product_tag?post=170"}],"curies":[{"name":"wp","href":"https:\/\/api.w.org\/{rel}","templated":true}]}}