{"id":168,"date":"2020-03-16T09:19:03","date_gmt":"2020-03-16T09:19:03","guid":{"rendered":"https:\/\/demo.creativethemes.com\/blocksy\/modern-shop\/?post_type=product&#038;p=168"},"modified":"2024-12-21T03:50:31","modified_gmt":"2024-12-21T03:50:31","slug":"etizolam-kaufen","status":"publish","type":"product","link":"https:\/\/rc-chemlab.net\/cs\/product\/etizolam-kaufen\/","title":{"rendered":"Pr\u00e1\u0161ek etizolam"},"content":{"rendered":"<h1><span class=\"___SText_mzmpq-ko_\" data-ui-name=\"Link.Text\">Koupit Etizolam<\/span><\/h1>\n<p>Flunitrazolam je dal\u0161\u00edm v\u00fdvojem etizolamu. Etizolam m\u00e1 m\u00e9n\u011b zn\u00e1m\u00e9 \u00fa\u010dinky ne\u017e oxazepam nebo diazepam. L\u00e1tka je zn\u00e1m\u00e1 sv\u00fdm sedativn\u00edm \u00fa\u010dinkem. \u010casto se pou\u017e\u00edv\u00e1 k navozen\u00ed sp\u00e1nku.<\/p>\n<h2>Co je etizolam?<\/h2>\n<p>Etizolam je dob\u0159e zn\u00e1m\u00fd l\u00e9k, kter\u00fd lze pou\u017e\u00edt k r\u016fzn\u00fdm \u00fa\u010del\u016fm. Pou\u017e\u00edv\u00e1 se nap\u0159\u00edklad k l\u00e9\u010db\u011b \u00fazkosti, panick\u00fdch poruch, deprese nebo poruch sp\u00e1nku. Na\u0161t\u011bst\u00ed je k dispozici t\u00e9m\u011b\u0159 p\u0159esn\u00e1 kopie p\u0159\u00edpravku Etizolam. Tento l\u00e9k se naz\u00fdv\u00e1 flunitrazolam. Samoz\u0159ejm\u011b m\u00e1te mo\u017enost si tento l\u00e9k diskr\u00e9tn\u011b a bezpe\u010dn\u011b objednat u n\u00e1s.<\/p>\n<p>Flunitrazolam (etizolam) pat\u0159\u00ed do kategorie <a href=\"https:\/\/de.wikipedia.org\/wiki\/Kategorie:Benzodiazepin\">Benzodiapin<\/a>. Benzodiapiny mohou m\u00edt r\u016fzn\u00e9 terapeutick\u00e9 \u00fa\u010dinky. Tyto l\u00e9ky maj\u00ed p\u0159i n\u00edzk\u00fdch d\u00e1vk\u00e1ch uklid\u0148uj\u00edc\u00ed \u00fa\u010dinek. Diazepam a alprazolam (Xanax) pat\u0159\u00ed do stejn\u00e9 kategorie. U benzodiazepin\u016f je velmi d\u016fle\u017eit\u00e9 d\u011blat mezi jednotliv\u00fdmi l\u00e9ky p\u0159est\u00e1vky. Jejich u\u017e\u00edv\u00e1n\u00ed po dobu del\u0161\u00ed ne\u017e 6 po sob\u011b jdouc\u00edch t\u00fddn\u016f m\u016f\u017ee m\u00edt negativn\u00ed \u00fa\u010dinky na v\u00e1\u0161 psychick\u00fd stav. Je to proto, \u017ee t\u011blo si nem\u00e1 na benzo zvykat a o\u010dek\u00e1v\u00e1, \u017ee ho bude u\u017e\u00edvat.<\/p>\n<p>Pokud m\u00e1te pot\u00ed\u017ee s us\u00edn\u00e1n\u00edm, Etizolam je ide\u00e1ln\u00edm pomocn\u00edkem p\u0159i us\u00edn\u00e1n\u00ed!<\/p>\n<h2>Kdy mohu Etizolam pou\u017e\u00edt?<\/h2>\n<p>U\u017eivatel\u00e9 etizolamu uv\u00e1d\u011bli, \u017ee p\u0159ed u\u017eit\u00edm l\u00e9ku u\u017e\u00edvali stimulancia. Vzpome\u0148te si na kokain, 3mmc, speed atd. Proto\u017ee jste u\u017eili stimulanty, nejste schopni sp\u00e1t. P\u0159estanete u\u017e\u00edvat stimulanty a po\u010dk\u00e1te alespo\u0148 1,5 hodiny p\u0159ed u\u017eit\u00edm p\u0159\u00edpravku Etizolam. B\u011bhem t\u00e9to hodiny se \u00fa\u010dinek stimulanci\u00ed sn\u00ed\u017e\u00ed a po u\u017eit\u00ed p\u0159\u00edpravku Etizolam se uvoln\u00edte. Proto\u017ee mozek ji\u017e neprodukuje dopamin, \u010dasto se po u\u017eit\u00ed stimulanci\u00ed objevuj\u00ed pocity \u00fazkosti nebo paniky. Etizolam V\u00e1m pom\u016f\u017ee klidn\u011b usnout a vyhnout se \u00fazkosti.<\/p>\n<h2>Kdo jsou u\u017eivatel\u00e9 p\u0159\u00edpravku Etizolam?<\/h2>\n<p>Etizolam se pou\u017e\u00edv\u00e1 v mnoha oblastech. Vzpome\u0148te si nap\u0159\u00edklad na vyt\u00ed\u017een\u00e9 novin\u00e1\u0159e, advok\u00e1ty, \u00fa\u010detn\u00ed nebo DJ. Lid\u00e9 s nabit\u00fdm programem maj\u00ed ka\u017ed\u00fd den spoustu stresu. Tito lid\u00e9 maj\u00ed v\u011bt\u0161\u00ed sklon u\u017e\u00edvat l\u00e9ky nebo n\u011bco podobn\u00e9ho, aby usnuli a sn\u00ed\u017eili \u00fazkost\/stres.<\/p>\n<p>Existuje tak\u00e9 velmi po\u010detn\u00e1 skupina u\u017eivatel\u016f stran, kte\u0159\u00ed u\u017e\u00edvaj\u00ed etizolam. Pat\u0159\u00ed sem lid\u00e9, kte\u0159\u00ed u\u017e\u00edvaj\u00ed kokain, 3mmc (nebo 3cmc), speed nebo n\u011bco podobn\u00e9ho. Po dlouh\u00e9m fl\u00e1mu nebo p\u0159\u00edjemn\u00e9m dni str\u00e1ven\u00e9m venku se na fl\u00e1mu v\u017edy dostav\u00ed pocit hr\u016fzy. Aby se zbavili \u00fazkosti a nervozity, berou si elektrick\u00e9 k\u0159eslo, aby se mohli uvolnit a dob\u0159e sp\u00e1t.<\/p>\n<h2>Doba trv\u00e1n\u00ed \u00fa\u010dinku<\/h2>\n<p>L\u00e9k za\u010d\u00edn\u00e1 v t\u011ble \u00fa\u010dinkovat p\u0159ibli\u017en\u011b po 30 a\u017e 60 minut\u00e1ch. Etizolam z\u016fst\u00e1v\u00e1 v krvi u\u017eivatele po dobu 6-8 hodin. Pro dal\u0161\u00ed informace se pros\u00edm obra\u0165te na <a href=\"https:\/\/rc-chemlab.net\/cs\/kontakt\/\">Kontaktujte n\u00e1s<\/a> s n\u00e1mi.<\/p>","protected":false},"excerpt":{"rendered":"<p>Etizolam kaufen Flunitrazolam ist eine Weiterentwicklung von Etizolam. Etizolam hat weniger bekannte Wirkungen als Oxazepam oder Diazepam. Die Substanz ist<\/p>","protected":false},"featured_media":10276,"comment_status":"open","ping_status":"closed","template":"","meta":{"_seopress_robots_primary_cat":"none","_seopress_titles_title":"Etizolam kaufen %%sep%% %%sitetitle%%","_seopress_titles_desc":"Etizolam kaufen - Flunitrazolam ist eine Weiterentwicklung von Etizolam. Etizolam hat weniger bekannte Wirkungen als Oxazepam oder Diazepam.","_seopress_robots_index":""},"product_brand":[],"product_cat":[140],"product_tag":[],"class_list":{"0":"post-168","1":"product","2":"type-product","3":"status-publish","4":"has-post-thumbnail","6":"product_cat-forschungschemikalien","8":"first","9":"instock","10":"featured","11":"taxable","12":"shipping-taxable","13":"purchasable","14":"product-type-variable"},"_links":{"self":[{"href":"https:\/\/rc-chemlab.net\/cs\/wp-json\/wp\/v2\/product\/168","targetHints":{"allow":["GET"]}}],"collection":[{"href":"https:\/\/rc-chemlab.net\/cs\/wp-json\/wp\/v2\/product"}],"about":[{"href":"https:\/\/rc-chemlab.net\/cs\/wp-json\/wp\/v2\/types\/product"}],"replies":[{"embeddable":true,"href":"https:\/\/rc-chemlab.net\/cs\/wp-json\/wp\/v2\/comments?post=168"}],"version-history":[{"count":2,"href":"https:\/\/rc-chemlab.net\/cs\/wp-json\/wp\/v2\/product\/168\/revisions"}],"predecessor-version":[{"id":10277,"href":"https:\/\/rc-chemlab.net\/cs\/wp-json\/wp\/v2\/product\/168\/revisions\/10277"}],"wp:featuredmedia":[{"embeddable":true,"href":"https:\/\/rc-chemlab.net\/cs\/wp-json\/wp\/v2\/media\/10276"}],"wp:attachment":[{"href":"https:\/\/rc-chemlab.net\/cs\/wp-json\/wp\/v2\/media?parent=168"}],"wp:term":[{"taxonomy":"product_brand","embeddable":true,"href":"https:\/\/rc-chemlab.net\/cs\/wp-json\/wp\/v2\/product_brand?post=168"},{"taxonomy":"product_cat","embeddable":true,"href":"https:\/\/rc-chemlab.net\/cs\/wp-json\/wp\/v2\/product_cat?post=168"},{"taxonomy":"product_tag","embeddable":true,"href":"https:\/\/rc-chemlab.net\/cs\/wp-json\/wp\/v2\/product_tag?post=168"}],"curies":[{"name":"wp","href":"https:\/\/api.w.org\/{rel}","templated":true}]}}