{"id":166,"date":"2020-03-16T09:14:43","date_gmt":"2020-03-16T09:14:43","guid":{"rendered":"https:\/\/demo.creativethemes.com\/blocksy\/modern-shop\/?post_type=product&#038;p=166"},"modified":"2024-04-15T00:17:02","modified_gmt":"2024-04-15T00:17:02","slug":"al-lad-blotter-kaufen","status":"publish","type":"product","link":"https:\/\/rc-chemlab.net\/cs\/product\/al-lad-blotter-kaufen\/","title":{"rendered":"AL-LAD 150MCG"},"content":{"rendered":"<h1>Koupit AL LAD Blotter<\/h1>\n<p>Diethylamid kyseliny 6-allyl-6-nor-lysergov\u00e9, zn\u00e1m\u00fd sp\u00ed\u0161e pod zkratkou AL-LAD, je polosyntetick\u00e1 l\u00e1tka ze skupiny <a href=\"https:\/\/psychonautwiki.org\/wiki\/Lysergamides\">T\u0159\u00edda lysergamid\u016f<\/a>. AL-LAD byl poprv\u00e9 syntetizov\u00e1n v roce 1984. Tuto l\u00e1tku prod\u00e1v\u00e1me zpracovanou v blistrech po 2x 150mcg. Blottery jsou raz\u00edtka, na kter\u00fdch byla l\u00e1tka vysu\u0161ena. Tento produkt je ur\u010den pouze pro v\u00fdzkumn\u00e9 \u00fa\u010dely a nen\u00ed v\u00fdslovn\u011b ur\u010den ke konzumaci. Proto jej uchov\u00e1vejte mimo dosah d\u011bt\u00ed a dom\u00e1c\u00edch zv\u00ed\u0159at a p\u0159ed pou\u017eit\u00edm si p\u0159e\u010dt\u011bte bezpe\u010dnostn\u00ed pokyny na na\u0161ich webov\u00fdch str\u00e1nk\u00e1ch. <a href=\"\/cs\/\">Webov\u00e9 str\u00e1nky<\/a>.<\/p>\n<p><strong>Pozor!<\/strong> Neprod\u00e1v\u00e1me osob\u00e1m mlad\u0161\u00edm 21 let. V\u00fdrobek AL-LAD Blotters (2x150mcg) m\u016f\u017ee b\u00fdt zdrav\u00ed \u0161kodliv\u00fd a nen\u00ed vhodn\u00fd ke konzumaci. Upozor\u0148ujeme, \u017ee nedodr\u017een\u00ed na\u0161ich bezpe\u010dnostn\u00edch opat\u0159en\u00ed m\u016f\u017ee v\u00e9st k v\u00e1\u017en\u00e9mu ohro\u017een\u00ed zdrav\u00ed. Proto pros\u00edm dodr\u017eujte na\u0161e bezpe\u010dnostn\u00ed pokyny.<\/p>","protected":false},"excerpt":{"rendered":"<p>AL LAD Blotter kaufen 6-Allyl-6-nor-Lysergs\u00e4urediethylamid, besser bekannt als AL-LAD, ist eine halbsynthetische Substanz aus der Klasse der Lysergamide. AL-LAD wurde<\/p>","protected":false},"featured_media":10292,"comment_status":"open","ping_status":"closed","template":"","meta":{"_seopress_robots_primary_cat":"none","_seopress_titles_title":"AL LAD Blotter kaufen %%sep%% %%sitetitle%%","_seopress_titles_desc":"6-Allyl-6-nor-Lysergs\u00e4urediethylamid, besser bekannt als AL-LAD, ist eine halbsynthetische Substanz aus der Klasse der Lysergamide.","_seopress_robots_index":""},"product_brand":[],"product_cat":[140],"product_tag":[],"class_list":{"0":"post-166","1":"product","2":"type-product","3":"status-publish","4":"has-post-thumbnail","6":"product_cat-forschungschemikalien","8":"first","9":"instock","10":"taxable","11":"shipping-taxable","12":"purchasable","13":"product-type-variable"},"_links":{"self":[{"href":"https:\/\/rc-chemlab.net\/cs\/wp-json\/wp\/v2\/product\/166","targetHints":{"allow":["GET"]}}],"collection":[{"href":"https:\/\/rc-chemlab.net\/cs\/wp-json\/wp\/v2\/product"}],"about":[{"href":"https:\/\/rc-chemlab.net\/cs\/wp-json\/wp\/v2\/types\/product"}],"replies":[{"embeddable":true,"href":"https:\/\/rc-chemlab.net\/cs\/wp-json\/wp\/v2\/comments?post=166"}],"version-history":[{"count":2,"href":"https:\/\/rc-chemlab.net\/cs\/wp-json\/wp\/v2\/product\/166\/revisions"}],"predecessor-version":[{"id":10293,"href":"https:\/\/rc-chemlab.net\/cs\/wp-json\/wp\/v2\/product\/166\/revisions\/10293"}],"wp:featuredmedia":[{"embeddable":true,"href":"https:\/\/rc-chemlab.net\/cs\/wp-json\/wp\/v2\/media\/10292"}],"wp:attachment":[{"href":"https:\/\/rc-chemlab.net\/cs\/wp-json\/wp\/v2\/media?parent=166"}],"wp:term":[{"taxonomy":"product_brand","embeddable":true,"href":"https:\/\/rc-chemlab.net\/cs\/wp-json\/wp\/v2\/product_brand?post=166"},{"taxonomy":"product_cat","embeddable":true,"href":"https:\/\/rc-chemlab.net\/cs\/wp-json\/wp\/v2\/product_cat?post=166"},{"taxonomy":"product_tag","embeddable":true,"href":"https:\/\/rc-chemlab.net\/cs\/wp-json\/wp\/v2\/product_tag?post=166"}],"curies":[{"name":"wp","href":"https:\/\/api.w.org\/{rel}","templated":true}]}}