{"id":164,"date":"2020-03-16T09:11:32","date_gmt":"2020-03-16T09:11:32","guid":{"rendered":"https:\/\/demo.creativethemes.com\/blocksy\/modern-shop\/?post_type=product&#038;p=164"},"modified":"2024-04-15T00:12:18","modified_gmt":"2024-04-15T00:12:18","slug":"flualprazolam-kaufen","status":"publish","type":"product","link":"https:\/\/rc-chemlab.net\/cs\/product\/flualprazolam-kaufen\/","title":{"rendered":"Flualprazolam"},"content":{"rendered":"<h1>Koupit Flualprazolam<\/h1>\n<p>Flualprazolam je nov\u00fd <a href=\"https:\/\/checkit.wien\/warnung-synthetisches-opioid-in-benzodiazepin\/\">syntetick\u00fd benzodiazepin<\/a>. Flualprazolam je zn\u00e1m\u00fd sv\u00fdmi siln\u00fdmi sedativn\u00edmi, euforizuj\u00edc\u00edmi a svaly uvol\u0148uj\u00edc\u00edmi \u00fa\u010dinky.<\/p>\n<h2>D\u00e1vkov\u00e1n\u00ed flualprazolamu<\/h2>\n<p>Neexistuje \u017e\u00e1dn\u00e1 doporu\u010den\u00e1 d\u00e1vka, proto\u017ee flualprazolam nen\u00ed ur\u010den k lidsk\u00e9 spot\u0159eb\u011b, ale prod\u00e1v\u00e1 se pouze pro \u00fa\u010dely v\u011bdeck\u00e9ho v\u00fdzkumu.<\/p>\n<h2>\u00da\u010dinky flualprazolamu:<\/h2>\n<p>Klinick\u00e9 \u00fa\u010dinky v\u011bt\u0161iny nov\u00fdch designov\u00fdch drog, jako je flualprazolam, lze popsat jako halucinogenn\u00ed, stimula\u010dn\u00ed nebo podobn\u00e9 opioid\u016fm. Kombinace t\u011bchto \u00fa\u010dink\u016f se \u010dasto dosahuje nahrazen\u00edm vedlej\u0161\u00edch \u0159et\u011bzc\u016f design\u00e9rsk\u00fdmi drogami. Odpov\u00eddaj\u00edc\u00ed zpr\u00e1vy o zku\u0161enostech s flualprazolamem lze v hojn\u00e9 m\u00ed\u0159e nal\u00e9zt na p\u0159\u00edslu\u0161n\u00fdch f\u00f3rech a prost\u0159ednictv\u00edm vyhled\u00e1va\u010d\u016f.<\/p>\n<h2>Ne\u017e\u00e1douc\u00ed \u00fa\u010dinky flualprazolamu<\/h2>\n<p>Stejn\u011b jako u jin\u00fdch designov\u00fdch drog m\u016f\u017ee konzumace flualprazolamu v\u00e9st k z\u00e1va\u017en\u00fdm vedlej\u0161\u00edm \u00fa\u010dink\u016fm; l\u00e1tka nebyla klinicky testov\u00e1na ani schv\u00e1lena jako spot\u0159ebitelsk\u00fd produkt! Flualprazolam se proto nedoporu\u010duje k lidsk\u00e9 spot\u0159eb\u011b, ale pouze k v\u011bdeck\u00e9mu v\u00fdzkumu a testov\u00e1n\u00ed!<\/p>\n<h2>Skladov\u00e1n\u00ed a doba pou\u017eitelnosti flualprazolamu<\/h2>\n<p>Flualprazolam uchov\u00e1vejte v\u017edy p\u0159i teplot\u011b do 30 \u00b0C a v p\u016fvodn\u00edm obalu. Chra\u0148te p\u0159ed p\u0159\u00edm\u00fdm slune\u010dn\u00edm z\u00e1\u0159en\u00edm a vlhkost\u00ed. Doba pou\u017eitelnosti \u00fa\u010dinn\u00e9 l\u00e1tky je p\u0159i spr\u00e1vn\u00e9m skladov\u00e1n\u00ed nejm\u00e9n\u011b 1 rok. Pros\u00edm, pod\u00edvejte se na . <a href=\"https:\/\/rc-chemlab.net\/cs\/kontakt\/\">Kontaktujte n\u00e1s<\/a> n\u00e1s pro dal\u0161\u00ed informace.<\/p>","protected":false},"excerpt":{"rendered":"<p>Flualprazolam Kaufen Flualprazolam ist ein neues synthetisches Benzodiazepin. Flualprazolam ist bekannt f\u00fcr seine stark sedierende, euphorisierende und muskelentspannende Wirkung. Dosierung<\/p>","protected":false},"featured_media":10289,"comment_status":"open","ping_status":"closed","template":"","meta":{"_seopress_robots_primary_cat":"none","_seopress_titles_title":"Flualprazolam Kaufen %%sep%% %%sitetitle%%","_seopress_titles_desc":"Flualprazolam ist ein neues synthetisches Benzodiazepin. Flualprazolam ist bekannt f\u00fcr seine stark sedierende, euphorisierende und muskelentspannende Wirkung.","_seopress_robots_index":""},"product_brand":[],"product_cat":[140],"product_tag":[],"class_list":{"0":"post-164","1":"product","2":"type-product","3":"status-publish","4":"has-post-thumbnail","6":"product_cat-forschungschemikalien","8":"first","9":"instock","10":"taxable","11":"shipping-taxable","12":"purchasable","13":"product-type-variable"},"_links":{"self":[{"href":"https:\/\/rc-chemlab.net\/cs\/wp-json\/wp\/v2\/product\/164","targetHints":{"allow":["GET"]}}],"collection":[{"href":"https:\/\/rc-chemlab.net\/cs\/wp-json\/wp\/v2\/product"}],"about":[{"href":"https:\/\/rc-chemlab.net\/cs\/wp-json\/wp\/v2\/types\/product"}],"replies":[{"embeddable":true,"href":"https:\/\/rc-chemlab.net\/cs\/wp-json\/wp\/v2\/comments?post=164"}],"version-history":[{"count":3,"href":"https:\/\/rc-chemlab.net\/cs\/wp-json\/wp\/v2\/product\/164\/revisions"}],"predecessor-version":[{"id":10290,"href":"https:\/\/rc-chemlab.net\/cs\/wp-json\/wp\/v2\/product\/164\/revisions\/10290"}],"wp:featuredmedia":[{"embeddable":true,"href":"https:\/\/rc-chemlab.net\/cs\/wp-json\/wp\/v2\/media\/10289"}],"wp:attachment":[{"href":"https:\/\/rc-chemlab.net\/cs\/wp-json\/wp\/v2\/media?parent=164"}],"wp:term":[{"taxonomy":"product_brand","embeddable":true,"href":"https:\/\/rc-chemlab.net\/cs\/wp-json\/wp\/v2\/product_brand?post=164"},{"taxonomy":"product_cat","embeddable":true,"href":"https:\/\/rc-chemlab.net\/cs\/wp-json\/wp\/v2\/product_cat?post=164"},{"taxonomy":"product_tag","embeddable":true,"href":"https:\/\/rc-chemlab.net\/cs\/wp-json\/wp\/v2\/product_tag?post=164"}],"curies":[{"name":"wp","href":"https:\/\/api.w.org\/{rel}","templated":true}]}}