{"id":162,"date":"2020-03-16T09:08:51","date_gmt":"2020-03-16T09:08:51","guid":{"rendered":"https:\/\/demo.creativethemes.com\/blocksy\/modern-shop\/?post_type=product&#038;p=162"},"modified":"2024-06-15T13:25:32","modified_gmt":"2024-06-15T13:25:32","slug":"4f-adb-kaufen","status":"publish","type":"product","link":"https:\/\/rc-chemlab.net\/cs\/product\/4f-adb-kaufen\/","title":{"rendered":"4F-ADB"},"content":{"rendered":"<h1>Koupit 4F-ADB<\/h1>\n<h2>Co je pr\u00e1\u0161ek 4F-ADB?<\/h2>\n<p>4F-ADB je syntetick\u00fd kanabinoid na b\u00e1zi indazolu. M\u00e1 siln\u00fd \u00fa\u010dinek na kanabinoidn\u00ed receptory. Je velmi podobn\u00fd jin\u00fdm syntetick\u00fdm kanabinoid\u016fm, jako je 5F-ADB. K experimentov\u00e1n\u00ed s t\u00edmto kanabinoidem sta\u010d\u00ed mal\u00e9 d\u00e1vky.<\/p>\n<p>D\u016fvodem je s\u00edla t\u00e9to chemick\u00e9 l\u00e1tky. Pe\u010dliv\u011b dodr\u017eujte bezpe\u010dnostn\u00ed pravidla, abyste se vyhnuli experiment\u016fm.<\/p>\n<h2>Koupit 4F-ADB<\/h2>\n<p>4F-ADB nejvy\u0161\u0161\u00ed kvality prod\u00e1v\u00e1 spole\u010dnost Rc-Chemlab. N\u00e1mi nab\u00edzen\u00fd 4F-ADB je k dispozici ve form\u011b pr\u00e1\u0161ku. Chcete-li si u n\u00e1s koupit 4F-ADB, mus\u00ed v\u00e1m b\u00fdt alespo\u0148 18 let.<\/p>\n<p>V\u00fdrobek nen\u00ed ur\u010den pro lidi ani zv\u00ed\u0159ata. Byl vyvinut pouze pro experiment\u00e1ln\u00ed \u00fa\u010dely. Krom\u011b toho mus\u00ed b\u00fdt n\u00e1kup proveden v pln\u00e9m souladu s vnitrost\u00e1tn\u00edmi z\u00e1kony va\u0161\u00ed zem\u011b.<\/p>\n<h2>Pr\u00e1vn\u00ed status 4F-ADB<\/h2>\n<p>4F-ADB je v sou\u010dasn\u00e9 dob\u011b v mnoha zem\u00edch nezn\u00e1m\u00fd, a proto je na mnoha m\u00edstech leg\u00e1ln\u00ed. Mohl by v\u0161ak b\u00fdt pova\u017eov\u00e1n za analog 5F-ADB, co\u017e by jej mohlo u\u010dinit neleg\u00e1ln\u00edm v zem\u00edch s p\u0159\u00edsn\u00fdmi analogov\u00fdmi z\u00e1kony, jako jsou Spojen\u00e9 st\u00e1ty. Pro v\u00edce informac\u00ed se pros\u00edm obra\u0165te na<a href=\"https:\/\/rc-chemlab.net\/cs\/kontakt\/\"> Kontaktujte n\u00e1s<\/a> na.<\/p>","protected":false},"excerpt":{"rendered":"<p>4F-ADB kaufen Was ist 4F-ADB Pulver? 4F-ADB ist ein synthetisches Indazol-basiertes Cannabinoid. Es wirkt sich stark auf die Cannabinoidrezeptoren aus.<\/p>","protected":false},"featured_media":10269,"comment_status":"open","ping_status":"closed","template":"","meta":{"_seopress_robots_primary_cat":"none","_seopress_titles_title":"4F-ADB kaufen %%sep%% %%sitetitle%%","_seopress_titles_desc":"4F-ADB kaufen - 4F-ADB ist ein synthetisches Indazol-basiertes Cannabinoid. Es wirkt sich stark auf die Cannabinoidrezeptoren aus.","_seopress_robots_index":""},"product_brand":[],"product_cat":[140],"product_tag":[],"class_list":{"0":"post-162","1":"product","2":"type-product","3":"status-publish","4":"has-post-thumbnail","6":"product_cat-forschungschemikalien","8":"first","9":"instock","10":"featured","11":"taxable","12":"shipping-taxable","13":"purchasable","14":"product-type-variable"},"_links":{"self":[{"href":"https:\/\/rc-chemlab.net\/cs\/wp-json\/wp\/v2\/product\/162","targetHints":{"allow":["GET"]}}],"collection":[{"href":"https:\/\/rc-chemlab.net\/cs\/wp-json\/wp\/v2\/product"}],"about":[{"href":"https:\/\/rc-chemlab.net\/cs\/wp-json\/wp\/v2\/types\/product"}],"replies":[{"embeddable":true,"href":"https:\/\/rc-chemlab.net\/cs\/wp-json\/wp\/v2\/comments?post=162"}],"version-history":[{"count":2,"href":"https:\/\/rc-chemlab.net\/cs\/wp-json\/wp\/v2\/product\/162\/revisions"}],"predecessor-version":[{"id":10270,"href":"https:\/\/rc-chemlab.net\/cs\/wp-json\/wp\/v2\/product\/162\/revisions\/10270"}],"wp:featuredmedia":[{"embeddable":true,"href":"https:\/\/rc-chemlab.net\/cs\/wp-json\/wp\/v2\/media\/10269"}],"wp:attachment":[{"href":"https:\/\/rc-chemlab.net\/cs\/wp-json\/wp\/v2\/media?parent=162"}],"wp:term":[{"taxonomy":"product_brand","embeddable":true,"href":"https:\/\/rc-chemlab.net\/cs\/wp-json\/wp\/v2\/product_brand?post=162"},{"taxonomy":"product_cat","embeddable":true,"href":"https:\/\/rc-chemlab.net\/cs\/wp-json\/wp\/v2\/product_cat?post=162"},{"taxonomy":"product_tag","embeddable":true,"href":"https:\/\/rc-chemlab.net\/cs\/wp-json\/wp\/v2\/product_tag?post=162"}],"curies":[{"name":"wp","href":"https:\/\/api.w.org\/{rel}","templated":true}]}}