{"id":159,"date":"2020-03-16T09:03:45","date_gmt":"2020-03-16T09:03:45","guid":{"rendered":"https:\/\/demo.creativethemes.com\/blocksy\/modern-shop\/?post_type=product&#038;p=159"},"modified":"2024-09-17T01:32:26","modified_gmt":"2024-09-17T01:32:26","slug":"3-fpm-kaufen","status":"publish","type":"product","link":"https:\/\/rc-chemlab.net\/cs\/product\/3-fpm-kaufen\/","title":{"rendered":"3-FPM"},"content":{"rendered":"<h1>N\u00e1kup 3-FPM<\/h1>\n<h2>Co je to 3-FPM?<\/h2>\n<p>3FPM je zkratka pro <a href=\"https:\/\/psychonautwiki.org\/wiki\/3-fpm\">3-fluorfenmetrazin<\/a>. 3-FPM je chemick\u00fd stimulant pro v\u00fdzkumn\u00e9 \u00fa\u010dely. 3-FPM je chemick\u00e1 t\u0159\u00edda fenylmorfolinu. Experiment\u00e1ln\u00ed v\u00fdsledky s 3-FPM jsou obecn\u011b velmi podobn\u00e9 a t\u00e9m\u011b\u0159 toto\u017en\u00e9 s v\u00fdsledky amfetaminu.<\/p>\n<p>Pokusy s 3-FPM obecn\u011b vedou ke zv\u00fd\u0161en\u00e9 koncentraci a motivaci, zrychlen\u00ed my\u0161len\u00ed a euforii. Tyto v\u00fdsledky jsou v\u0161ak \u010dasto popisov\u00e1ny jako m\u00e9n\u011b intenzivn\u00ed ne\u017e u amfetaminu nebo jin\u00fdch stimulanci\u00ed. V d\u016fsledku sn\u00ed\u017een\u00fdch d\u00e1vek 3-FPM byly m\u00e9n\u011b p\u0159\u00edtomny dva n\u00e1lezy: nervozita a nespavost.<\/p>\n<h2>Kde si m\u016f\u017eete koupit 3-FPM?<\/h2>\n<p>Ve spole\u010dnosti Chemical Planet nab\u00edz\u00edme vynikaj\u00edc\u00ed 3-FPM. Na\u0161e 3-FPM je k dispozici ve form\u011b granul\u00ed a pr\u00e1\u0161ku. M\u00e1me \u0159e\u0161en\u00ed pro jak\u00fdkoli chemick\u00fd stav, kter\u00fd up\u0159ednost\u0148ujete.<br \/>\nN\u00e1mi prod\u00e1van\u00fd produkt 3-FPM je ur\u010den pouze pro v\u00fdzkumn\u00e9 \u00fa\u010dely. Nen\u00ed ur\u010den pro pou\u017eit\u00ed v interi\u00e9ru. Krom\u011b toho mus\u00edte b\u00fdt star\u0161\u00ed 18 let, abyste si u n\u00e1s mohli koupit 3-FPM, a mus\u00edte pln\u011b dodr\u017eovat n\u00e1rodn\u00ed legislativu.<\/p>\n<h2>Pr\u00e1vn\u00ed status 3-FPM<\/h2>\n<p>V Izraeli, \u0160v\u00fdcarsku a USA je n\u00e1kup, prodej nebo dr\u017een\u00ed 3-FPM nez\u00e1konn\u00e9. Ve Spojen\u00e9m kr\u00e1lovstv\u00ed je pova\u017eov\u00e1n za ekvivalent fenmetrazinu, kter\u00fd je p\u0159i pou\u017eit\u00ed pro lidskou spot\u0159ebu za\u0159azen do seznamu II.<\/p>\n<p>Pro maxim\u00e1ln\u00ed trvanlivost skladujte v\u017edy na chladn\u00e9m a such\u00e9m m\u00edst\u011b. Tento v\u00fdrobek je ur\u010den pouze pro forenzn\u00ed a v\u00fdzkumn\u00e9 \u00fa\u010dely. NEN\u00cd proto ur\u010den k lidsk\u00e9 spot\u0159eb\u011b ani k jak\u00e9mukoli testov\u00e1n\u00ed in vivo na zv\u00ed\u0159atech nebo \u017eiv\u00fdch organismech. Pro dal\u0161\u00ed informace se obra\u0165te na <a href=\"https:\/\/rc-chemlab.net\/cs\/kontakt\/\">Kontaktujte n\u00e1s<\/a> na.<\/p>","protected":false},"excerpt":{"rendered":"<p>3-FPM-Kaufen Was ist 3-FPM? 3FPM ist die Abk\u00fcrzung f\u00fcr 3-Fluorophenmetrazin. 3-FPM ist ein chemisches Stimulans f\u00fcr Forschungszwecke. 3-FPM ist eine<\/p>","protected":false},"featured_media":10264,"comment_status":"open","ping_status":"closed","template":"","meta":{"_seopress_robots_primary_cat":"none","_seopress_titles_title":"3-FPM-Kaufen %%sep%% %%sitetitle%%","_seopress_titles_desc":"3-FPM-Kaufen - 3FPM ist die Abk\u00fcrzung f\u00fcr 3-Fluorophenmetrazin. 3-FPM ist ein chemisches Stimulans f\u00fcr Forschungszwecke.","_seopress_robots_index":""},"product_brand":[],"product_cat":[140],"product_tag":[],"class_list":{"0":"post-159","1":"product","2":"type-product","3":"status-publish","4":"has-post-thumbnail","6":"product_cat-forschungschemikalien","8":"first","9":"instock","10":"featured","11":"taxable","12":"shipping-taxable","13":"purchasable","14":"product-type-variable"},"_links":{"self":[{"href":"https:\/\/rc-chemlab.net\/cs\/wp-json\/wp\/v2\/product\/159","targetHints":{"allow":["GET"]}}],"collection":[{"href":"https:\/\/rc-chemlab.net\/cs\/wp-json\/wp\/v2\/product"}],"about":[{"href":"https:\/\/rc-chemlab.net\/cs\/wp-json\/wp\/v2\/types\/product"}],"replies":[{"embeddable":true,"href":"https:\/\/rc-chemlab.net\/cs\/wp-json\/wp\/v2\/comments?post=159"}],"version-history":[{"count":4,"href":"https:\/\/rc-chemlab.net\/cs\/wp-json\/wp\/v2\/product\/159\/revisions"}],"predecessor-version":[{"id":10266,"href":"https:\/\/rc-chemlab.net\/cs\/wp-json\/wp\/v2\/product\/159\/revisions\/10266"}],"wp:featuredmedia":[{"embeddable":true,"href":"https:\/\/rc-chemlab.net\/cs\/wp-json\/wp\/v2\/media\/10264"}],"wp:attachment":[{"href":"https:\/\/rc-chemlab.net\/cs\/wp-json\/wp\/v2\/media?parent=159"}],"wp:term":[{"taxonomy":"product_brand","embeddable":true,"href":"https:\/\/rc-chemlab.net\/cs\/wp-json\/wp\/v2\/product_brand?post=159"},{"taxonomy":"product_cat","embeddable":true,"href":"https:\/\/rc-chemlab.net\/cs\/wp-json\/wp\/v2\/product_cat?post=159"},{"taxonomy":"product_tag","embeddable":true,"href":"https:\/\/rc-chemlab.net\/cs\/wp-json\/wp\/v2\/product_tag?post=159"}],"curies":[{"name":"wp","href":"https:\/\/api.w.org\/{rel}","templated":true}]}}