{"id":157,"date":"2020-03-16T09:02:10","date_gmt":"2020-03-16T09:02:10","guid":{"rendered":"https:\/\/demo.creativethemes.com\/blocksy\/modern-shop\/?post_type=product&#038;p=157"},"modified":"2024-11-16T20:01:58","modified_gmt":"2024-11-16T20:01:58","slug":"3-fma-kaufen","status":"publish","type":"product","link":"https:\/\/rc-chemlab.net\/cs\/product\/3-fma-kaufen\/","title":{"rendered":"3-FMA"},"content":{"rendered":"<h1>3-FMA Koupit<\/h1>\n<h2><strong><span data-contrast=\"auto\">Co je 3-FMA?<\/span><\/strong><\/h2>\n<p>3-FMA je v\u00fdzkumn\u00e1 chemick\u00e1 l\u00e1tka ze skupiny substituovan\u00fdch amfetamin\u016f. Chemick\u00e9 struktury 3-FMA a 4-FMA jsou velmi podobn\u00e9 struktur\u00e1m 2-FMA, 3-FA, 4-FMA a 4-FA. 3-FMA je zkratka pro 3-fluorometamfetamin. O v\u00fdsledc\u00edch experiment\u016f s touto v\u00fdzkumnou chemickou l\u00e1tkou zat\u00edm neexistuje mnoho zpr\u00e1v, proto\u017ee je velmi nov\u00e1.<\/p>\n<p>Proto byste p\u0159i experimentov\u00e1n\u00ed s n\u00edm m\u011bli dodr\u017eovat bezpe\u010dnostn\u00ed opat\u0159en\u00ed. P\u0159edchoz\u00ed zpr\u00e1vy v\u0161ak uk\u00e1zaly, \u017ee 3-FMA poskytuje stimulaci, taktick\u00e9 pos\u00edlen\u00ed, kognitivn\u00ed euforii, zkreslen\u00ed \u010dasu, zrychlen\u00ed my\u0161lenkov\u00fdch proces\u016f, bd\u011blost, zv\u00fd\u0161en\u00ed motivace a zlep\u0161en\u00ed anal\u00fdzy. P\u0159i experimentov\u00e1n\u00ed s l\u00e1tkou 3-FMA nezapome\u0148te nosit ochrann\u00e9 br\u00fdle.<\/p>\n<h2><strong><span data-contrast=\"auto\">Kde si m\u016f\u017eete koupit 3-FMA?<\/span><\/strong><\/h2>\n<p>Ve spole\u010dnosti Chemical Planet prod\u00e1v\u00e1me nejlep\u0161\u00ed druhy 3-FMA. Na\u0161e 3-FMA se obvykle dod\u00e1v\u00e1 ve form\u011b pr\u00e1\u0161ku. N\u011bkdy jsou v\u0161ak k dispozici i alternativn\u00ed form\u00e1ty. Pokud si tedy p\u0159ejete koupit 3-FMA v jin\u00e9 form\u011b, nev\u00e1hejte n\u00e1s kontaktovat.<\/p>\n<p>Chcete-li si u n\u00e1s koupit 3-FMA, mus\u00ed v\u00e1m b\u00fdt alespo\u0148 18 let a mus\u00edte pln\u011b dodr\u017eovat z\u00e1kony sv\u00e9 zem\u011b. Jako platebn\u00ed metody p\u0159ij\u00edm\u00e1me bitcoiny i v\u0161echny hlavn\u00ed kreditn\u00ed karty. V mnoha zem\u00edch je k dispozici doprava ve stejn\u00fd den.<\/p>\n<h2><strong><span data-contrast=\"auto\">3-FMA Z\u00e1konnost<\/span><\/strong><\/h2>\n<p>V USA je 3-FMA pravd\u011bpodobn\u011b neleg\u00e1ln\u00ed, proto\u017ee se jedn\u00e1 o analog amfetaminu. Ve Spojen\u00e9m kr\u00e1lovstv\u00ed je 3-FMA pova\u017eov\u00e1n za drogu t\u0159\u00eddy A. V Kanad\u011b je 3-FMA drogou za\u0159azenou do seznamu 1. V \u010c\u00edn\u011b je 3-FMA pova\u017eov\u00e1n za kontrolovanou l\u00e1tku. Na Nov\u00e9m Z\u00e9landu je 3-FMA analogem amfetaminu a je neleg\u00e1ln\u00ed. V N\u011bmecku se jedn\u00e1 o kontrolovanou l\u00e1tku. Pro dal\u0161\u00ed informace se obra\u0165te na <a href=\"https:\/\/rc-chemlab.net\/cs\/kontakt\/\">Kontaktujte n\u00e1s<\/a> s n\u00e1mi.<\/p>","protected":false},"excerpt":{"rendered":"<p>3-FMA Kaufen Was ist 3-FMA? 3-FMA ist eine Forschungschemikalie der substituierten Amphetamine-Klasse. Die chemischen Strukturen von 3-FMA und 4-FMA \u00e4hneln<\/p>","protected":false},"featured_media":10260,"comment_status":"open","ping_status":"closed","template":"","meta":{"_seopress_robots_primary_cat":"none","_seopress_titles_title":"3-FMA kaufen %%sep%% %%sitetitle%%","_seopress_titles_desc":"3-FMA kaufen - 3-FMA ist eine Forschungschemikalie der substituierten Amphetamine-Klasse.","_seopress_robots_index":""},"product_brand":[],"product_cat":[140],"product_tag":[],"class_list":{"0":"post-157","1":"product","2":"type-product","3":"status-publish","4":"has-post-thumbnail","6":"product_cat-forschungschemikalien","8":"first","9":"instock","10":"featured","11":"taxable","12":"shipping-taxable","13":"purchasable","14":"product-type-variable"},"_links":{"self":[{"href":"https:\/\/rc-chemlab.net\/cs\/wp-json\/wp\/v2\/product\/157","targetHints":{"allow":["GET"]}}],"collection":[{"href":"https:\/\/rc-chemlab.net\/cs\/wp-json\/wp\/v2\/product"}],"about":[{"href":"https:\/\/rc-chemlab.net\/cs\/wp-json\/wp\/v2\/types\/product"}],"replies":[{"embeddable":true,"href":"https:\/\/rc-chemlab.net\/cs\/wp-json\/wp\/v2\/comments?post=157"}],"version-history":[{"count":3,"href":"https:\/\/rc-chemlab.net\/cs\/wp-json\/wp\/v2\/product\/157\/revisions"}],"predecessor-version":[{"id":10261,"href":"https:\/\/rc-chemlab.net\/cs\/wp-json\/wp\/v2\/product\/157\/revisions\/10261"}],"wp:featuredmedia":[{"embeddable":true,"href":"https:\/\/rc-chemlab.net\/cs\/wp-json\/wp\/v2\/media\/10260"}],"wp:attachment":[{"href":"https:\/\/rc-chemlab.net\/cs\/wp-json\/wp\/v2\/media?parent=157"}],"wp:term":[{"taxonomy":"product_brand","embeddable":true,"href":"https:\/\/rc-chemlab.net\/cs\/wp-json\/wp\/v2\/product_brand?post=157"},{"taxonomy":"product_cat","embeddable":true,"href":"https:\/\/rc-chemlab.net\/cs\/wp-json\/wp\/v2\/product_cat?post=157"},{"taxonomy":"product_tag","embeddable":true,"href":"https:\/\/rc-chemlab.net\/cs\/wp-json\/wp\/v2\/product_tag?post=157"}],"curies":[{"name":"wp","href":"https:\/\/api.w.org\/{rel}","templated":true}]}}