{"id":155,"date":"2020-03-16T09:00:48","date_gmt":"2020-03-16T09:00:48","guid":{"rendered":"https:\/\/demo.creativethemes.com\/blocksy\/modern-shop\/?post_type=product&#038;p=155"},"modified":"2024-04-11T16:43:03","modified_gmt":"2024-04-11T16:43:03","slug":"2-mmc-kaufen","status":"publish","type":"product","link":"https:\/\/rc-chemlab.net\/cs\/product\/2-mmc-kaufen\/","title":{"rendered":"2-MMC"},"content":{"rendered":"<h1>Koupit 2-MMC<\/h1>\n<h2><strong>Co je 2-MMC?<\/strong><\/h2>\n<p>2-MMC je v\u00fdzkumn\u00e1 chemick\u00e1 l\u00e1tka, kter\u00e1 stejn\u011b jako MDPHP, <a href=\"https:\/\/rc-chemlab.net\/cs\/product\/3-cmc-kaufen-deutschland\/\">3-CMC<\/a> a 5-MMPA (mefedren) se \u0159ad\u00ed mezi katinony.<\/p>\n<p>Poprv\u00e9 byl tento l\u00e9k zaznamen\u00e1n ve \u0160v\u00e9dsku v roce 2014 a od t\u00e9 doby se objevil i v dal\u0161\u00edch evropsk\u00fdch zem\u00edch. Droga m\u00e1 n\u011bkolik \u00fa\u010dink\u016f, kter\u00e9 jsou velmi podobn\u00e9 \u00fa\u010dink\u016fm mefedronu. 2-MMC m\u00e1 potenci\u00e1l st\u00e1t se velmi d\u016fle\u017eitou slo\u017ekou pro v\u00fdrobu <a href=\"https:\/\/en.wikipedia.org\/wiki\/4-Methylcathinone#:~:text=4%2DMethylcathinone%20(also%20known%20as,mephedrone%20(4%2Dmethylmethcathinone).\">4-methyl-MC<\/a> b\u00fdt.<\/p>\n<p>Toxikologick\u00e9 \u00fa\u010dinky t\u00e9to chemick\u00e9 l\u00e1tky nebyly dosud pln\u011b prozkoum\u00e1ny, a proto by se m\u011bla pou\u017e\u00edvat pouze pro v\u00fdzkumn\u00e9 \u00fa\u010dely.<\/p>\n<h2><strong>Odm\u00edtnut\u00ed odpov\u011bdnosti<\/strong><\/h2>\n<p>2-MMC prod\u00e1v\u00e1me pouze pro v\u00fdzkumn\u00e9 \u00fa\u010dely. Tento produkt by nem\u011bl b\u00fdt pou\u017e\u00edv\u00e1n na lidech ani zv\u00ed\u0159atech. Na\u0161im z\u00e1kazn\u00edk\u016fm tak\u00e9 d\u016frazn\u011b doporu\u010dujeme, aby p\u0159i manipulaci s touto chemickou l\u00e1tkou p\u0159ijali vhodn\u00e1 ochrann\u00e1 opat\u0159en\u00ed, jako je pou\u017e\u00edv\u00e1n\u00ed masek, rukavic a dal\u0161\u00edch ochrann\u00fdch pom\u016fcek.<\/p>\n<h2><strong>Je 2-MMC leg\u00e1ln\u00ed?<\/strong><\/h2>\n<p>Pokud jde o leg\u00e1lnost, d\u016frazn\u011b doporu\u010dujeme na\u0161im z\u00e1kazn\u00edk\u016fm, aby si u p\u0159\u00edslu\u0161n\u00fdch \u00fa\u0159ad\u016f ov\u011b\u0159ili leg\u00e1lnost 2-MMC v zemi sv\u00e9ho bydli\u0161t\u011b nebo doru\u010den\u00ed. Zavedli jsme p\u0159\u00edsn\u00e1 omezen\u00ed, abychom p\u0159ede\u0161li jak\u00fdmkoli pr\u00e1vn\u00edm komplikac\u00edm pro na\u0161e z\u00e1kazn\u00edky. Vzhledem k m\u011bn\u00edc\u00ed se legislativ\u011b v r\u016fzn\u00fdch regionech v\u0161ak neneseme \u017e\u00e1dnou odpov\u011bdnost za p\u0159\u00edpadn\u00e9 pr\u00e1vn\u00ed d\u016fsledky. V kone\u010dn\u00e9m d\u016fsledku je v\u00fdhradn\u00ed odpov\u011bdnost\u00ed na\u0161ich z\u00e1kazn\u00edk\u016f zajistit, aby p\u0159i n\u00e1kupu t\u00e9to chemick\u00e9 l\u00e1tky neporu\u0161ili \u017e\u00e1dn\u00e9 z\u00e1kony.<\/p>\n<h2><strong>Kde si mohu koupit 2-MMC?<\/strong><\/h2>\n<p>Spole\u010dnost Chemical Planet je hrd\u00e1 na to, \u017ee je jedn\u00edm z nejlep\u0161\u00edch dodavatel\u016f vysoce kvalitn\u00edch chemik\u00e1li\u00ed pro v\u00fdzkum v EU. 2-MMC je k dispozici ve form\u011b krystal\u016f a prod\u00e1v\u00e1 se pouze pro v\u00fdzkumn\u00e9 \u00fa\u010dely. Neprod\u00e1v\u00e1 se pro pou\u017eit\u00ed na lidech nebo zv\u00ed\u0159atech. Tento produkt si u n\u00e1s mohou zakoupit pouze osoby star\u0161\u00ed 18 let. Dal\u0161\u00ed informace <a href=\"https:\/\/rc-chemlab.net\/cs\/kontakt\/\">kontaktujte pros\u00edm<\/a> pros\u00edm <a href=\"https:\/\/rc-chemlab.net\/cs\/kontakt\/\">k n\u00e1m<\/a>.<\/p>","protected":false},"excerpt":{"rendered":"<p>2-MMC Kaufen Was ist 2-MMC? 2-MMC ist eine Forschungschemikalie, die wie MDPHP, 3-CMC und 5-MMPA (Mephedren) als Cathinon kategorisiert wird.<\/p>","protected":false},"featured_media":10254,"comment_status":"open","ping_status":"closed","template":"","meta":{"_seopress_robots_primary_cat":"none","_seopress_titles_title":"2-MMC Kaufen %%sep%% %%sitetitle%%","_seopress_titles_desc":"2-MMC ist eine Forschungschemikalie, die wie MDPHP, 3-CMC und 5-MMPA (Mephedren) als Cathinon kategorisiert wird.","_seopress_robots_index":""},"product_brand":[],"product_cat":[140],"product_tag":[],"class_list":{"0":"post-155","1":"product","2":"type-product","3":"status-publish","4":"has-post-thumbnail","6":"product_cat-forschungschemikalien","8":"first","9":"instock","10":"featured","11":"taxable","12":"shipping-taxable","13":"purchasable","14":"product-type-variable"},"_links":{"self":[{"href":"https:\/\/rc-chemlab.net\/cs\/wp-json\/wp\/v2\/product\/155","targetHints":{"allow":["GET"]}}],"collection":[{"href":"https:\/\/rc-chemlab.net\/cs\/wp-json\/wp\/v2\/product"}],"about":[{"href":"https:\/\/rc-chemlab.net\/cs\/wp-json\/wp\/v2\/types\/product"}],"replies":[{"embeddable":true,"href":"https:\/\/rc-chemlab.net\/cs\/wp-json\/wp\/v2\/comments?post=155"}],"version-history":[{"count":2,"href":"https:\/\/rc-chemlab.net\/cs\/wp-json\/wp\/v2\/product\/155\/revisions"}],"predecessor-version":[{"id":10256,"href":"https:\/\/rc-chemlab.net\/cs\/wp-json\/wp\/v2\/product\/155\/revisions\/10256"}],"wp:featuredmedia":[{"embeddable":true,"href":"https:\/\/rc-chemlab.net\/cs\/wp-json\/wp\/v2\/media\/10254"}],"wp:attachment":[{"href":"https:\/\/rc-chemlab.net\/cs\/wp-json\/wp\/v2\/media?parent=155"}],"wp:term":[{"taxonomy":"product_brand","embeddable":true,"href":"https:\/\/rc-chemlab.net\/cs\/wp-json\/wp\/v2\/product_brand?post=155"},{"taxonomy":"product_cat","embeddable":true,"href":"https:\/\/rc-chemlab.net\/cs\/wp-json\/wp\/v2\/product_cat?post=155"},{"taxonomy":"product_tag","embeddable":true,"href":"https:\/\/rc-chemlab.net\/cs\/wp-json\/wp\/v2\/product_tag?post=155"}],"curies":[{"name":"wp","href":"https:\/\/api.w.org\/{rel}","templated":true}]}}