{"id":1375,"date":"2023-06-08T03:07:20","date_gmt":"2023-06-08T03:07:20","guid":{"rendered":"https:\/\/rc-chemlab.net\/?post_type=product&#038;p=1375"},"modified":"2024-04-16T02:02:41","modified_gmt":"2024-04-16T02:02:41","slug":"o-dsmt-kaufen","status":"publish","type":"product","link":"https:\/\/rc-chemlab.net\/cs\/product\/o-dsmt-kaufen\/","title":{"rendered":"O-DSMT"},"content":{"rendered":"<h1><span class=\"___SText_mzmpq-ko_\" data-ui-name=\"Link.Text\">Koupit O-DSMT<\/span><\/h1>\n<p>O-desmethyltramadol (zn\u00e1m\u00fd tak\u00e9 jako O-DSMT a <a href=\"https:\/\/en.wikipedia.org\/wiki\/Desmetramadol\">Desmetramadol<\/a>) je aktivn\u00edm metabolitem tramadolu a m\u011bl by b\u00fdt pou\u017e\u00edv\u00e1n pouze pro v\u00fdzkumn\u00e9 \u00fa\u010dely.<\/p>\n<h2>\u00da\u010dinky O-DSMT<\/h2>\n<ul>\n<li>euforick\u00fd<\/li>\n<li>Uklid\u0148uj\u00edc\u00ed<\/li>\n<li>narkotizuj\u00edc\u00ed<\/li>\n<\/ul>\n<h2>Doba trv\u00e1n\u00ed \u00fa\u010dinku a d\u00e1vkov\u00e1n\u00ed O-DSMT<\/h2>\n<p>O p\u0159\u00edjmu O-DSMT existuje pouze n\u011bkolik spolehliv\u00fdch poznatk\u016f. Z dostupn\u00fdch zpr\u00e1v vypl\u00fdv\u00e1, \u017ee doba trv\u00e1n\u00ed \u00fa\u010dinku se pohybuje mezi 3 a 4 hodinami. Probuzen\u00ed m\u016f\u017ee n\u011bkdy trvat i hodinu. Bu\u010fte proto opatrn\u00ed s d\u00e1vkov\u00e1n\u00edm!<\/p>\n<p>UPOZORN\u011aN\u00cd: O-DSMT je velmi siln\u00e1 l\u00e1tka, nekombinujte s benzodiazepiny, antidepresivy a alkoholem p\u0159i testech!<\/p>\n<h2>Varov\u00e1n\u00ed p\u0159ed nebezpe\u010d\u00edm pro O-DSMT:<\/h2>\n<p>M\u016f\u017ee zp\u016fsobit podr\u00e1\u017ed\u011bn\u00ed d\u00fdchac\u00edch cest a o\u010d\u00ed. Nikdy nevypou\u0161t\u011bjte RC do \u017eivotn\u00edho prost\u0159ed\u00ed.<br \/>\nBezpe\u010dnostn\u00ed doporu\u010den\u00ed O-DSMT:<\/p>\n<p>P\u0159i zasa\u017een\u00ed o\u010d\u00ed: D\u016fkladn\u011b vyplachujte vodou po dobu nejm\u00e9n\u011b 10 a\u017e 15 minut, v p\u0159\u00edpad\u011b pot\u0159eby vyjm\u011bte kontaktn\u00ed \u010do\u010dky. P\u0159i styku s k\u016f\u017e\u00ed: Opl\u00e1chn\u011bte vodou, pokud mo\u017eno tak\u00e9 m\u00fddlem. P\u0159i vdechnut\u00ed: P\u0159iv\u00e9st \u010derstv\u00fd vzduch a zaujmout polohu pro d\u00fdch\u00e1n\u00ed.<\/p>\n<p>Nep\u0159ich\u00e1zejte do styku se zdroji tepla. Skladujte v such\u00e9m prost\u0159ed\u00ed p\u0159i pokojov\u00e9 teplot\u011b v t\u011bsn\u011b uzav\u0159en\u00e9m obalu a uchov\u00e1vejte mimo dosah d\u011bt\u00ed. Dobr\u00e1 stabilita skvrn za v\u00fd\u0161e uveden\u00fdch podm\u00ednek m\u016f\u017ee trvat a\u017e 2 roky. Pro dal\u0161\u00ed informace se obra\u0165te na <a href=\"https:\/\/rc-chemlab.net\/cs\/kontakt\/\">Kontaktujte n\u00e1s<\/a> na.<\/p>","protected":false},"excerpt":{"rendered":"<p>O-DSMT kaufen O-Desmethyltramadol (auch bekannt als O-DSMT und Desmetramadol) ist ein aktiver Metabolit von Tramadol und sollte nur zu Forschungszwecken<\/p>","protected":false},"featured_media":10347,"comment_status":"open","ping_status":"closed","template":"","meta":{"_seopress_robots_primary_cat":"none","_seopress_titles_title":"O-DSMT kaufen %%sep%% %%sitetitle%%","_seopress_titles_desc":"O-DSMT kaufen - O-Desmethyltramadol (auch bekannt als O-DSMT und Desmetramadol) ist ein aktiver Metabolit von Tramadol und sollte nur zu Forschungszwecken verwendet werden.","_seopress_robots_index":""},"product_brand":[],"product_cat":[140],"product_tag":[],"class_list":{"0":"post-1375","1":"product","2":"type-product","3":"status-publish","4":"has-post-thumbnail","6":"product_cat-forschungschemikalien","8":"first","9":"instock","10":"taxable","11":"shipping-taxable","12":"purchasable","13":"product-type-variable"},"_links":{"self":[{"href":"https:\/\/rc-chemlab.net\/cs\/wp-json\/wp\/v2\/product\/1375","targetHints":{"allow":["GET"]}}],"collection":[{"href":"https:\/\/rc-chemlab.net\/cs\/wp-json\/wp\/v2\/product"}],"about":[{"href":"https:\/\/rc-chemlab.net\/cs\/wp-json\/wp\/v2\/types\/product"}],"replies":[{"embeddable":true,"href":"https:\/\/rc-chemlab.net\/cs\/wp-json\/wp\/v2\/comments?post=1375"}],"version-history":[{"count":1,"href":"https:\/\/rc-chemlab.net\/cs\/wp-json\/wp\/v2\/product\/1375\/revisions"}],"predecessor-version":[{"id":10348,"href":"https:\/\/rc-chemlab.net\/cs\/wp-json\/wp\/v2\/product\/1375\/revisions\/10348"}],"wp:featuredmedia":[{"embeddable":true,"href":"https:\/\/rc-chemlab.net\/cs\/wp-json\/wp\/v2\/media\/10347"}],"wp:attachment":[{"href":"https:\/\/rc-chemlab.net\/cs\/wp-json\/wp\/v2\/media?parent=1375"}],"wp:term":[{"taxonomy":"product_brand","embeddable":true,"href":"https:\/\/rc-chemlab.net\/cs\/wp-json\/wp\/v2\/product_brand?post=1375"},{"taxonomy":"product_cat","embeddable":true,"href":"https:\/\/rc-chemlab.net\/cs\/wp-json\/wp\/v2\/product_cat?post=1375"},{"taxonomy":"product_tag","embeddable":true,"href":"https:\/\/rc-chemlab.net\/cs\/wp-json\/wp\/v2\/product_tag?post=1375"}],"curies":[{"name":"wp","href":"https:\/\/api.w.org\/{rel}","templated":true}]}}