{"id":1348,"date":"2023-06-08T02:32:49","date_gmt":"2023-06-08T02:32:49","guid":{"rendered":"https:\/\/rc-chemlab.net\/?post_type=product&#038;p=1348"},"modified":"2024-04-16T01:56:02","modified_gmt":"2024-04-16T01:56:02","slug":"alpha-php-bestellen","status":"publish","type":"product","link":"https:\/\/rc-chemlab.net\/cs\/product\/alpha-php-bestellen\/","title":{"rendered":"Alpha-PHP"},"content":{"rendered":"<h1><span class=\"___SText_mzmpq-ko_\" data-ui-name=\"Link.Text\">Objedn\u00e1vka Alpha PHP<\/span><\/h1>\n<p>\u00da\u010dinn\u00e9 l\u00e1tky v a-PHP Obsahuje 1000 mg nejm\u00e9n\u011b 99 % \u010dist\u00e9ho a-PHP (\u010dist\u00fd pr\u00e1\u0161ek) na objednac\u00ed jednotku.<\/p>\n<p><a href=\"https:\/\/en.wikipedia.org\/wiki\/Alpha-Pyrrolidinohexiophenone\">alfa-pyrrolidinohexiofenon<\/a> neboli \u03b1-PHP \/ alfa-PHP \/ a-PHP je horn\u00ed l\u00e1tka, poprv\u00e9 syntetizovan\u00e1 v 60. letech 20. stolet\u00ed, kter\u00e1 pat\u0159\u00ed mezi katinony a je velmi \u00fazce p\u0159\u00edbuzn\u00e1 alfa-PVP (a-PVP, \u03b1-PVP) a pyrovaleronu. a-PHP pat\u0159\u00ed nejen mezi katinony, ale tak\u00e9 mezi pyrovalerony.<\/p>\n<p>Mezi spot\u0159ebiteli je a-PHP pova\u017eov\u00e1n za jeden z nejsiln\u011bj\u0161\u00edch analog\u016f pyrovaleronu, srovnateln\u00fd s a-PVP nebo MDPV.<\/p>\n<h2>D\u00e1vkov\u00e1n\u00ed a-PHP<\/h2>\n<p>Neexistuje \u017e\u00e1dn\u00e1 doporu\u010den\u00e1 d\u00e1vka, proto\u017ee a-PHP nen\u00ed ur\u010den k lidsk\u00e9 spot\u0159eb\u011b, ale prod\u00e1v\u00e1 se pouze pro \u00fa\u010dely v\u011bdeck\u00e9ho v\u00fdzkumu.<\/p>\n<h2>\u00da\u010dinky a-PHP:<\/h2>\n<p>Klinick\u00e9 \u00fa\u010dinky v\u011bt\u0161iny nov\u00fdch designov\u00fdch drog, jako je a-PHP, lze popsat jako halucinogenn\u00ed, stimula\u010dn\u00ed nebo podobn\u00e9 opioid\u016fm. Nahrazen\u00edm vedlej\u0161\u00edch \u0159et\u011bzc\u016f design\u00e9rsk\u00fdmi drogami se \u010dasto dosahuje kombinace t\u011bchto \u00fa\u010dink\u016f. Odpov\u00eddaj\u00edc\u00ed zpr\u00e1vy o zku\u0161enostech s a-PHP lze v hojn\u00e9 m\u00ed\u0159e nal\u00e9zt na p\u0159\u00edslu\u0161n\u00fdch f\u00f3rech a prost\u0159ednictv\u00edm vyhled\u00e1va\u010d\u016f.<\/p>\n<h2>Ne\u017e\u00e1douc\u00ed \u00fa\u010dinky a-PHP<\/h2>\n<p>Stejn\u011b jako u jin\u00fdch designov\u00fdch drog m\u016f\u017ee konzumace a-PHP v\u00e9st k z\u00e1va\u017en\u00fdm vedlej\u0161\u00edm \u00fa\u010dink\u016fm; l\u00e1tka nebyla klinicky testov\u00e1na ani schv\u00e1lena jako produkt pro lidskou spot\u0159ebu! a-PHP se proto nedoporu\u010duje pro lidskou spot\u0159ebu, ale pouze pro v\u011bdeck\u00fd v\u00fdzkum a testov\u00e1n\u00ed!<\/p>\n<h2>Skladov\u00e1n\u00ed a doba pou\u017eitelnosti a-PHP<\/h2>\n<p>P\u0159\u00edpravek a-PHP skladujte v\u017edy p\u0159i teplot\u011b do 30 stup\u0148\u016f Celsia a v p\u016fvodn\u00edm obalu. Chra\u0148te p\u0159ed p\u0159\u00edm\u00fdm slune\u010dn\u00edm z\u00e1\u0159en\u00edm a vlhkost\u00ed. Doba pou\u017eitelnosti \u00fa\u010dinn\u00e9 l\u00e1tky je p\u0159i spr\u00e1vn\u00e9m skladov\u00e1n\u00ed nejm\u00e9n\u011b 1 rok. Pro dal\u0161\u00ed informace se pros\u00edm obra\u0165te na <a href=\"https:\/\/rc-chemlab.net\/cs\/kontakt\/\">Kontaktujte n\u00e1s<\/a> na.<\/p>","protected":false},"excerpt":{"rendered":"<p>Alpha PHP Bestellen Wirkstoffe in a-PHP Enth\u00e4lt 1000 mg mindestens 99 % reines a-PHP (Pulver rein) pro Bestelleinheit. alpha-Pyrrolidinohexiophenon oder<\/p>","protected":false},"featured_media":10336,"comment_status":"open","ping_status":"closed","template":"","meta":{"_seopress_robots_primary_cat":"none","_seopress_titles_title":"Alpha PHP Bestellen %%sep%% %%sitetitle%%","_seopress_titles_desc":"Alpha PHP Bestellen - Wirkstoffe in a-PHP Enth\u00e4lt 1000 mg mindestens 99 % reines a-PHP (Pulver rein) pro Bestelleinheit.","_seopress_robots_index":""},"product_brand":[],"product_cat":[140],"product_tag":[],"class_list":{"0":"post-1348","1":"product","2":"type-product","3":"status-publish","4":"has-post-thumbnail","6":"product_cat-forschungschemikalien","8":"first","9":"instock","10":"taxable","11":"shipping-taxable","12":"purchasable","13":"product-type-variable"},"_links":{"self":[{"href":"https:\/\/rc-chemlab.net\/cs\/wp-json\/wp\/v2\/product\/1348","targetHints":{"allow":["GET"]}}],"collection":[{"href":"https:\/\/rc-chemlab.net\/cs\/wp-json\/wp\/v2\/product"}],"about":[{"href":"https:\/\/rc-chemlab.net\/cs\/wp-json\/wp\/v2\/types\/product"}],"replies":[{"embeddable":true,"href":"https:\/\/rc-chemlab.net\/cs\/wp-json\/wp\/v2\/comments?post=1348"}],"version-history":[{"count":1,"href":"https:\/\/rc-chemlab.net\/cs\/wp-json\/wp\/v2\/product\/1348\/revisions"}],"predecessor-version":[{"id":10337,"href":"https:\/\/rc-chemlab.net\/cs\/wp-json\/wp\/v2\/product\/1348\/revisions\/10337"}],"wp:featuredmedia":[{"embeddable":true,"href":"https:\/\/rc-chemlab.net\/cs\/wp-json\/wp\/v2\/media\/10336"}],"wp:attachment":[{"href":"https:\/\/rc-chemlab.net\/cs\/wp-json\/wp\/v2\/media?parent=1348"}],"wp:term":[{"taxonomy":"product_brand","embeddable":true,"href":"https:\/\/rc-chemlab.net\/cs\/wp-json\/wp\/v2\/product_brand?post=1348"},{"taxonomy":"product_cat","embeddable":true,"href":"https:\/\/rc-chemlab.net\/cs\/wp-json\/wp\/v2\/product_cat?post=1348"},{"taxonomy":"product_tag","embeddable":true,"href":"https:\/\/rc-chemlab.net\/cs\/wp-json\/wp\/v2\/product_tag?post=1348"}],"curies":[{"name":"wp","href":"https:\/\/api.w.org\/{rel}","templated":true}]}}