{"id":1340,"date":"2023-06-07T03:47:53","date_gmt":"2023-06-07T03:47:53","guid":{"rendered":"https:\/\/rc-chemlab.net\/?post_type=product&#038;p=1340"},"modified":"2024-04-16T01:49:53","modified_gmt":"2024-04-16T01:49:53","slug":"a-pihp","status":"publish","type":"product","link":"https:\/\/rc-chemlab.net\/cs\/product\/a-pihp\/","title":{"rendered":"A PiHP"},"content":{"rendered":"<h1>A PiHP<\/h1>\n<p>\u03b1-PHiP, b\u011b\u017en\u011b ozna\u010dovan\u00fd tak\u00e9 jako <a href=\"https:\/\/en.wikipedia.org\/wiki\/%CE%91-PHiP\">Alpha-PHiP<\/a> je slou\u010denina ze skupiny katinon\u016f a strukturn\u00ed izomer mate\u0159sk\u00e9 slou\u010deniny pyrovaleronu, kter\u00e1 byla v posledn\u00edch desetilet\u00edch hojn\u011b p\u0159edepisov\u00e1na k l\u00e9\u010db\u011b letargie, ospalosti a chronick\u00e9 \u00fanavy.<\/p>\n<p>Je tak\u00e9 velmi podobn\u00fd jin\u00fdm, zn\u00e1m\u011bj\u0161\u00edm slou\u010denin\u00e1m A-PHP a MDPV, l\u00e1tk\u00e1m, kter\u00e9 po po\u017eit\u00ed vyvol\u00e1vaj\u00ed pocit euforie.<\/p>\n<p>P\u0159esto\u017ee je \u03b1-PHiP svou strukturou podobn\u00fd slou\u010denin\u00e1m, kter\u00e9 byly testov\u00e1ny a schv\u00e1leny pro lidskou spot\u0159ebu, je \u03b1-PHiP ur\u010den pouze pro v\u00fdzkumn\u00e9 \u00fa\u010dely a nen\u00ed ur\u010den k lidsk\u00e9 spot\u0159eb\u011b.<\/p>\n<h2>Chemick\u00e9 vlastnosti \u03b1-PHiP<\/h2>\n<ul>\n<li>Chemick\u00fd vzorec: C23H27N3O2<\/li>\n<li>Cel\u00fd n\u00e1zev: 4-Methyl-1-fenyl-2-(pyrrolidin-1-yl) pentan-1-on<\/li>\n<li>Molekulov\u00e1 hmotnost: g\/mol<\/li>\n<li>\u010cistota:&gt; 98%<\/li>\n<\/ul>\n<p>Jak bylo uvedeno v\u00fd\u0161e, A PiHP je slou\u010denina katinonov\u00e9 t\u0159\u00eddy a m\u00e1 stejn\u00e9 chemick\u00e9 vlastnosti jako l\u00e9pe prozkouman\u00fd pyrovaleron - jedin\u00fdm rozd\u00edlem je posun methylov\u00e9 skupiny ze 4. polohy aromatick\u00e9ho kruhu do 4. polohy acylov\u00e9ho \u0159et\u011bzce. Stejn\u011b jako u pyrovaleronu lze i u \u03b1-PHiP o\u010dek\u00e1vat, \u017ee po po\u017eit\u00ed vyvol\u00e1 euforii, zv\u00fd\u0161\u00ed energii a zlep\u0161\u00ed soust\u0159ed\u011bn\u00ed, a\u010dkoli nebyly provedeny \u017e\u00e1dn\u00e9 studie, kter\u00e9 by to potvrdily.<\/p>\n<p>Stejn\u011b jako u v\u0161ech psychoaktivn\u00edch katinon\u016f se p\u0159edpokl\u00e1d\u00e1, \u017ee \u03b1-PHiP zvy\u0161uje uvol\u0148ov\u00e1n\u00ed dopaminu a inhibuje zp\u011btn\u00e9 vychyt\u00e1v\u00e1n\u00ed adrenalinu, noradrenalinu a serotoninu v centr\u00e1ln\u00edm nervov\u00e9m syst\u00e9mu.<\/p>\n<p>Stoj\u00ed za zm\u00ednku, \u017ee v\u0161echny katinony jsou zalo\u017eeny na psychoaktivn\u00edch slou\u010denin\u00e1ch rostliny khat (Catha edulis), jej\u00ed\u017e listy vyvol\u00e1vaj\u00ed u t\u011bch, kdo je \u017ev\u00fdkaj\u00ed, povzbuzuj\u00edc\u00ed \u00fa\u010dinek. Khat se t\u00edmto zp\u016fsobem konzumuje v mnoha africk\u00fdch zem\u00edch ji\u017e stovky let. V\u0161echny chemick\u00e9 l\u00e1tky ze skupiny katinon\u016f poch\u00e1zej\u00ed z t\u00e9to rostliny.<\/p>\n<blockquote><p><strong>POZN\u00c1MKA:\u00a0<\/strong>\u00a0Na rozd\u00edl od k\u00e1tu nebo pyrovaleronu se \u03b1-PHiP v minulosti nepou\u017e\u00edval pro lidi a sm\u00ed se pou\u017e\u00edvat pouze pro v\u00fdzkumn\u00e9 \u00fa\u010dely, nikoli pro lidskou spot\u0159ebu.<\/p><\/blockquote>\n<h2><strong>Kde koupit?<\/strong><\/h2>\n<p>Na adrese\u00a0<span data-contrast=\"none\">na\u0161e chemick\u00e1 \u010dinnost<\/span>\u00a0jako d\u016fv\u011bryhodn\u00fd zdroj N1 nab\u00edz\u00edme vysoce kvalitn\u00ed \u03b1-PHiP v laboratorn\u00ed kvalit\u011b ve form\u011b pr\u00e1\u0161kov\u00e9 soli.\u00a0<span data-contrast=\"none\">Na\u0161e podnik\u00e1n\u00ed v oblasti chemick\u00fdch l\u00e1tek<\/span>\u00a0je prvn\u00ed volbou pro ty, kte\u0159\u00ed cht\u011bj\u00ed koupit v\u00fdzkumn\u00e9 chemik\u00e1lie. Vezm\u011bte pros\u00edm na v\u011bdom\u00ed, \u017ee pro n\u00e1kup \u03b1-PHiP mus\u00edte b\u00fdt star\u0161\u00ed 18 let.\u00a0<span data-contrast=\"none\">na\u0161e chemick\u00e1 \u010dinnost<\/span> ke koupi . V\u0161echny prod\u00e1van\u00e9 v\u00fdzkumn\u00e9 chemik\u00e1lie jsou ur\u010deny pro laboratorn\u00ed testov\u00e1n\u00ed a pokusy a nejsou ur\u010deny k lidsk\u00e9 spot\u0159eb\u011b. Pro dal\u0161\u00ed informace se pros\u00edm obra\u0165te na <a href=\"https:\/\/rc-chemlab.net\/cs\/kontakt\/\">Kontaktujte n\u00e1s<\/a> na.<\/p>","protected":false},"excerpt":{"rendered":"<p>A PiHP \u03b1-PHiP, auch allgemein als Alpha-PHiP bezeichnet, ist eine Verbindung der Cathinon-Klasse und ein Strukturisomer der Ausgangsverbindung Pyrovaleron, die<\/p>","protected":false},"featured_media":10330,"comment_status":"open","ping_status":"closed","template":"","meta":{"_seopress_robots_primary_cat":"none","_seopress_titles_title":"A PiHP %%sep%% %%sitetitle%%","_seopress_titles_desc":"\u03b1-PHiP, auch allgemein als Alpha-PHiP bezeichnet, ist eine Verbindung der Cathinon-Klasse - \u03b1-PHiP, auch allgemein als Alpha-PHiP bezeichnet, ist eine Verbindung der Cathinon-Klasse","_seopress_robots_index":""},"product_brand":[],"product_cat":[140],"product_tag":[],"class_list":{"0":"post-1340","1":"product","2":"type-product","3":"status-publish","4":"has-post-thumbnail","6":"product_cat-forschungschemikalien","8":"first","9":"instock","10":"taxable","11":"shipping-taxable","12":"purchasable","13":"product-type-variable"},"_links":{"self":[{"href":"https:\/\/rc-chemlab.net\/cs\/wp-json\/wp\/v2\/product\/1340","targetHints":{"allow":["GET"]}}],"collection":[{"href":"https:\/\/rc-chemlab.net\/cs\/wp-json\/wp\/v2\/product"}],"about":[{"href":"https:\/\/rc-chemlab.net\/cs\/wp-json\/wp\/v2\/types\/product"}],"replies":[{"embeddable":true,"href":"https:\/\/rc-chemlab.net\/cs\/wp-json\/wp\/v2\/comments?post=1340"}],"version-history":[{"count":1,"href":"https:\/\/rc-chemlab.net\/cs\/wp-json\/wp\/v2\/product\/1340\/revisions"}],"predecessor-version":[{"id":10331,"href":"https:\/\/rc-chemlab.net\/cs\/wp-json\/wp\/v2\/product\/1340\/revisions\/10331"}],"wp:featuredmedia":[{"embeddable":true,"href":"https:\/\/rc-chemlab.net\/cs\/wp-json\/wp\/v2\/media\/10330"}],"wp:attachment":[{"href":"https:\/\/rc-chemlab.net\/cs\/wp-json\/wp\/v2\/media?parent=1340"}],"wp:term":[{"taxonomy":"product_brand","embeddable":true,"href":"https:\/\/rc-chemlab.net\/cs\/wp-json\/wp\/v2\/product_brand?post=1340"},{"taxonomy":"product_cat","embeddable":true,"href":"https:\/\/rc-chemlab.net\/cs\/wp-json\/wp\/v2\/product_cat?post=1340"},{"taxonomy":"product_tag","embeddable":true,"href":"https:\/\/rc-chemlab.net\/cs\/wp-json\/wp\/v2\/product_tag?post=1340"}],"curies":[{"name":"wp","href":"https:\/\/api.w.org\/{rel}","templated":true}]}}