{"id":1332,"date":"2023-06-05T23:53:41","date_gmt":"2023-06-05T23:53:41","guid":{"rendered":"https:\/\/rc-chemlab.net\/?post_type=product&#038;p=1332"},"modified":"2024-04-16T01:38:04","modified_gmt":"2024-04-16T01:38:04","slug":"4-fma-kaufen","status":"publish","type":"product","link":"https:\/\/rc-chemlab.net\/cs\/product\/4-fma-kaufen\/","title":{"rendered":"4-FMA"},"content":{"rendered":"<h1>Koupit 4-FMA<\/h1>\n<p>Chcete si koupit 4-FMA? V\u0161echny produkty od Rc-<a href=\"\/cs\/\">Chemlab<\/a> jsou laboratorn\u011b testov\u00e1ny a maj\u00ed nejvy\u0161\u0161\u00ed kvalitu. Objedn\u00e1vky jsou diskr\u00e9tn\u011b baleny a odes\u00edl\u00e1ny do 24 hodin. M\u016f\u017eete tak\u00e9 bezpe\u010dn\u011b a rychle platit kryptom\u011bnami! Objedn\u00e1vky jsou diskr\u00e9tn\u011b baleny a odes\u00edl\u00e1ny do 24 hodin.<\/p>\n<h2>Co je 4-FMA?<\/h2>\n<p>4-FMA pat\u0159\u00ed do skupiny chemick\u00fdch l\u00e1tek \u00fazce p\u0159\u00edbuzn\u00fdch amfetaminu. Jedn\u00e1 se o fluorovou slou\u010deninu, co\u017e znamen\u00e1, \u017ee do molekuly byl p\u0159id\u00e1n atom fluoru, kter\u00fd m\u011bn\u00ed jej\u00ed vlastnosti. 4-FMA se skl\u00e1d\u00e1 z fenylov\u00e9 skupiny p\u0159ipojen\u00e9 k molekule amfetaminu. <a href=\"https:\/\/xtcdrogenhaus.com\/Produkt-Kategorie\/amphetamine-kaufen\/\">Amfetamin<\/a> je l\u00e1tka, kter\u00e1 ovliv\u0148uje mozek a nervov\u00fd syst\u00e9m. Zvy\u0161uje uvol\u0148ov\u00e1n\u00ed ur\u010dit\u00fdch chemick\u00fdch l\u00e1tek v mozku, jako je dopamin a noradrenalin, co\u017e m\u016f\u017ee v\u00e9st k pocitu euforie, zv\u00fd\u0161en\u00e9 bd\u011blosti a energie.<\/p>\n<h2>Kde si mohu koupit 4-FMA?<\/h2>\n<p>U spole\u010dnosti Chemlab si m\u016f\u017eete koupit v\u0161echny v\u00fdzkumn\u00e9 chemik\u00e1lie a zde si m\u016f\u017eete koupit tak\u00e9 4-FMA v nejlep\u0161\u00ed kvalit\u011b. Tato l\u00e1tka je dod\u00e1v\u00e1na ve form\u011b pr\u00e1\u0161ku a je ur\u010dena pouze pro laboratorn\u00ed pou\u017eit\u00ed a v\u017edy mus\u00edte dodr\u017eovat p\u0159\u00edslu\u0161n\u00e1 bezpe\u010dnostn\u00ed opat\u0159en\u00ed. Pozn\u00e1mka: 4-FMA je stejn\u011b jako ostatn\u00ed v\u00fdzkumn\u00e9 chemik\u00e1lie ur\u010dena pouze pro v\u00fdzkumn\u00e9 \u00fa\u010dely a nikdy nesm\u00ed b\u00fdt konzumov\u00e1na lidmi, zv\u00ed\u0159aty ani jin\u00fdmi \u017eiv\u00fdmi tvory. V\u00fdzkumn\u00e9 chemik\u00e1lie neprod\u00e1v\u00e1me osob\u00e1m mlad\u0161\u00edm 18 let. Pro dal\u0161\u00ed informace se pros\u00edm obra\u0165te na <a href=\"https:\/\/rc-chemlab.net\/cs\/kontakt\/\">Kontaktujte n\u00e1s<\/a> na.<\/p>","protected":false},"excerpt":{"rendered":"<p>4-FMA kaufen Sie m\u00f6chten 4-FMA kaufen? Alle Produkte von Rc-Chemlab sind laborgepr\u00fcft und von h\u00f6chster Qualit\u00e4t. Die Bestellungen werden diskret<\/p>","protected":false},"featured_media":10327,"comment_status":"open","ping_status":"closed","template":"","meta":{"_seopress_robots_primary_cat":"none","_seopress_titles_title":"4-FMA kaufen %%sep%% %%sitetitle%%","_seopress_titles_desc":"4-FMA kaufen - Sie m\u00f6chten 4-FMA kaufen? Alle Produkte von Rc-Chemlab sind laborgepr\u00fcft und von h\u00f6chster Qualit\u00e4t.","_seopress_robots_index":""},"product_brand":[],"product_cat":[140],"product_tag":[],"class_list":{"0":"post-1332","1":"product","2":"type-product","3":"status-publish","4":"has-post-thumbnail","6":"product_cat-forschungschemikalien","8":"first","9":"instock","10":"taxable","11":"shipping-taxable","12":"purchasable","13":"product-type-variable"},"_links":{"self":[{"href":"https:\/\/rc-chemlab.net\/cs\/wp-json\/wp\/v2\/product\/1332","targetHints":{"allow":["GET"]}}],"collection":[{"href":"https:\/\/rc-chemlab.net\/cs\/wp-json\/wp\/v2\/product"}],"about":[{"href":"https:\/\/rc-chemlab.net\/cs\/wp-json\/wp\/v2\/types\/product"}],"replies":[{"embeddable":true,"href":"https:\/\/rc-chemlab.net\/cs\/wp-json\/wp\/v2\/comments?post=1332"}],"version-history":[{"count":2,"href":"https:\/\/rc-chemlab.net\/cs\/wp-json\/wp\/v2\/product\/1332\/revisions"}],"predecessor-version":[{"id":10328,"href":"https:\/\/rc-chemlab.net\/cs\/wp-json\/wp\/v2\/product\/1332\/revisions\/10328"}],"wp:featuredmedia":[{"embeddable":true,"href":"https:\/\/rc-chemlab.net\/cs\/wp-json\/wp\/v2\/media\/10327"}],"wp:attachment":[{"href":"https:\/\/rc-chemlab.net\/cs\/wp-json\/wp\/v2\/media?parent=1332"}],"wp:term":[{"taxonomy":"product_brand","embeddable":true,"href":"https:\/\/rc-chemlab.net\/cs\/wp-json\/wp\/v2\/product_brand?post=1332"},{"taxonomy":"product_cat","embeddable":true,"href":"https:\/\/rc-chemlab.net\/cs\/wp-json\/wp\/v2\/product_cat?post=1332"},{"taxonomy":"product_tag","embeddable":true,"href":"https:\/\/rc-chemlab.net\/cs\/wp-json\/wp\/v2\/product_tag?post=1332"}],"curies":[{"name":"wp","href":"https:\/\/api.w.org\/{rel}","templated":true}]}}