{"id":1324,"date":"2023-06-05T23:21:14","date_gmt":"2023-06-05T23:21:14","guid":{"rendered":"https:\/\/rc-chemlab.net\/?post_type=product&#038;p=1324"},"modified":"2024-04-16T01:30:39","modified_gmt":"2024-04-16T01:30:39","slug":"6-apb-kaufen","status":"publish","type":"product","link":"https:\/\/rc-chemlab.net\/cs\/product\/6-apb-kaufen\/","title":{"rendered":"6-APB"},"content":{"rendered":"<h1>Koupit 6-APB<\/h1>\n<p>Chcete si koupit 6-APB? Pak je pro v\u00e1s Chemlab tou spr\u00e1vnou adresou. V\u0161echny produkty jsou laboratorn\u011b testov\u00e1ny a jsou minim\u00e1ln\u011b 95% \u010dist\u00e9. V\u0161echny v\u00fdzkumn\u00e9 chemik\u00e1lie nav\u00edc zas\u00edl\u00e1me z Nizozemska, tak\u017ee do va\u0161\u00ed laborato\u0159e doraz\u00ed do 24 hodin od zaplacen\u00ed!<\/p>\n<h2>Co je 6-APB?<\/h2>\n<p>6-APB, zn\u00e1m\u00fd tak\u00e9 jako Benzo Fury, je v\u00fdzkumn\u00e1 chemick\u00e1 l\u00e1tka, kter\u00e1 pat\u0159\u00ed do t\u0159\u00eddy benzofuran\u016f. Jedn\u00e1 se o velmi obl\u00edbenou l\u00e1tku, kter\u00e1 je dob\u0159e p\u0159ij\u00edm\u00e1na mnoha chemick\u00fdmi v\u00fdzkumn\u00edky. Z hlediska chemick\u00e9 struktury je 6-APB podobn\u00fd l\u00e1tk\u00e1m, jako jsou nap\u0159. <a href=\"https:\/\/xtcdrogenhaus.com\/Produkt-Kategorie\/ecstasys-kaufen\/\">MDMA<\/a> a XTC, jsou \u00fa\u010dinky 6-APB rovn\u011b\u017e podobn\u00e9 \u00fa\u010dink\u016fm t\u011bchto l\u00e1tek. Studie s 6-APB trvaj\u00ed o n\u011bkolik hodin d\u00e9le ne\u017e studie s MDMA. P\u0159i n\u00edzk\u00fdch d\u00e1vk\u00e1ch m\u00e1te v\u011bt\u0161\u00ed kontrolu a \u00fa\u010dinky jsou m\u00edrn\u011bj\u0161\u00ed ne\u017e u XTC. U 6-APB m\u016f\u017eete o\u010dek\u00e1vat euforick\u00fd a energizuj\u00edc\u00ed test. Tato v\u00fdzkumn\u00e1 chemick\u00e1 l\u00e1tka v\u0161ak m\u016f\u017ee poskytnout i trippingov\u00fd v\u00fdsledek v\u00fdzkumu. To v\u0161ak nen\u00ed p\u0159\u00edpad ni\u017e\u0161\u00ed d\u00e1vky.<\/p>\n<h2>6-APB Zku\u0161enosti<\/h2>\n<p>Chcete se dozv\u011bd\u011bt v\u00edce o 6-APB a \u00fa\u010dinc\u00edch t\u00e9to v\u00fdzkumn\u00e9 chemick\u00e9 l\u00e1tky? Pak se o t\u00e9to l\u00e1tce m\u016f\u017eete dozv\u011bd\u011bt na webov\u00fdch str\u00e1nk\u00e1ch, jako je Psychonaut Wiki a Wikipedia.<\/p>\n<h2>Koupit 6-APB online<\/h2>\n<p>U spole\u010dnosti Nachtapotheker.nl se m\u016f\u017eete spolehnout na vysoce kvalitn\u00ed Benzofury, kter\u00fd byl rovn\u011b\u017e testov\u00e1n v laborato\u0159i. D\u00edky tomu m\u016f\u017eeme zaru\u010dit \u010distotu nejm\u00e9n\u011b 95%. Nachtapotheker.nl prod\u00e1v\u00e1 6-APB pr\u00e1\u0161ek v mno\u017estv\u00ed 0,25, 0,5, 1, 2 a 5 gram\u016f. V\u0161echny v\u00fdzkumn\u00e9 chemik\u00e1lie jsou zas\u00edl\u00e1ny z Nizozemska a budou ve va\u0161\u00ed laborato\u0159i do 24 hodin od p\u0159ijet\u00ed platby. Upozorn\u011bn\u00ed: 6-APB, stejn\u011b jako ostatn\u00ed v\u00fdzkumn\u00e9 chemik\u00e1lie, je ur\u010den pouze pro v\u00fdzkumn\u00e9 \u00fa\u010dely a nikdy by nem\u011bl b\u00fdt konzumov\u00e1n lidmi, zv\u00ed\u0159aty nebo jin\u00fdmi \u017eiv\u00fdmi tvory. Skladujte na such\u00e9m a chladn\u00e9m m\u00edst\u011b, abyste zajistili maxim\u00e1ln\u00ed trvanlivost. V\u00fdzkumn\u00e9 chemik\u00e1lie neprod\u00e1v\u00e1me osob\u00e1m mlad\u0161\u00edm 18 let. Pro dal\u0161\u00ed informace se obra\u0165te na <a href=\"https:\/\/rc-chemlab.net\/cs\/kontakt\/\">Kontaktujte n\u00e1s<\/a> na.<\/p>","protected":false},"excerpt":{"rendered":"<p>6-APB kaufen M\u00f6chten Sie 6-APB kaufen? Dann sind Sie bei Chemlab an der richtigen Adresse. Alle Produkte sind laborgepr\u00fcft und<\/p>","protected":false},"featured_media":10323,"comment_status":"open","ping_status":"closed","template":"","meta":{"_seopress_robots_primary_cat":"none","_seopress_titles_title":"6-APB kaufen %%sep%% %%sitetitle%%","_seopress_titles_desc":"6-APB kaufen - M\u00f6chten Sie 6-APB kaufen? Dann sind Sie bei Chemlab an der richtigen Adresse.","_seopress_robots_index":""},"product_brand":[],"product_cat":[140],"product_tag":[],"class_list":{"0":"post-1324","1":"product","2":"type-product","3":"status-publish","4":"has-post-thumbnail","6":"product_cat-forschungschemikalien","8":"first","9":"instock","10":"taxable","11":"shipping-taxable","12":"purchasable","13":"product-type-variable"},"_links":{"self":[{"href":"https:\/\/rc-chemlab.net\/cs\/wp-json\/wp\/v2\/product\/1324","targetHints":{"allow":["GET"]}}],"collection":[{"href":"https:\/\/rc-chemlab.net\/cs\/wp-json\/wp\/v2\/product"}],"about":[{"href":"https:\/\/rc-chemlab.net\/cs\/wp-json\/wp\/v2\/types\/product"}],"replies":[{"embeddable":true,"href":"https:\/\/rc-chemlab.net\/cs\/wp-json\/wp\/v2\/comments?post=1324"}],"version-history":[{"count":1,"href":"https:\/\/rc-chemlab.net\/cs\/wp-json\/wp\/v2\/product\/1324\/revisions"}],"predecessor-version":[{"id":10324,"href":"https:\/\/rc-chemlab.net\/cs\/wp-json\/wp\/v2\/product\/1324\/revisions\/10324"}],"wp:featuredmedia":[{"embeddable":true,"href":"https:\/\/rc-chemlab.net\/cs\/wp-json\/wp\/v2\/media\/10323"}],"wp:attachment":[{"href":"https:\/\/rc-chemlab.net\/cs\/wp-json\/wp\/v2\/media?parent=1324"}],"wp:term":[{"taxonomy":"product_brand","embeddable":true,"href":"https:\/\/rc-chemlab.net\/cs\/wp-json\/wp\/v2\/product_brand?post=1324"},{"taxonomy":"product_cat","embeddable":true,"href":"https:\/\/rc-chemlab.net\/cs\/wp-json\/wp\/v2\/product_cat?post=1324"},{"taxonomy":"product_tag","embeddable":true,"href":"https:\/\/rc-chemlab.net\/cs\/wp-json\/wp\/v2\/product_tag?post=1324"}],"curies":[{"name":"wp","href":"https:\/\/api.w.org\/{rel}","templated":true}]}}