{"id":1306,"date":"2023-06-05T16:43:27","date_gmt":"2023-06-05T16:43:27","guid":{"rendered":"https:\/\/rc-chemlab.net\/?post_type=product&#038;p=1306"},"modified":"2024-04-16T01:15:51","modified_gmt":"2024-04-16T01:15:51","slug":"n-ethyl-pentedrone","status":"publish","type":"product","link":"https:\/\/rc-chemlab.net\/cs\/product\/n-ethyl-pentedrone\/","title":{"rendered":"N-ethyl-pentedron"},"content":{"rendered":"<h1>N Etylpentedron<\/h1>\n<p>N-ethyl-(nor)-pentedron (zn\u00e1m\u00fd tak\u00e9 jako N-ethylpentedron nebo \u010dast\u011bji jako NEP) je nov\u00fd syntetick\u00fd stimulant, kter\u00fd pat\u0159\u00ed do t\u0159\u00eddy substituovan\u00fdch katinon\u016f. N-ethyl-(nor)-pentedron se poprv\u00e9 objevil na trhu s v\u00fdzkumn\u00fdmi chemik\u00e1liemi v roce 2016. <a href=\"https:\/\/en.wikipedia.org\/wiki\/N-Ethylpentedrone\">N-ethyl-(nor)-pentedron<\/a> je \u00fazce p\u0159\u00edbuzn\u00fd s Pentedronem.<\/p>\n<p>Od <a href=\"\/cs\/\">Chemlab<\/a> Zakoupen\u00e9 produkty jsou ur\u010deny pouze pro \u00fa\u010dely laboratorn\u00edho v\u00fdzkumu a nejsou ur\u010deny k lidsk\u00e9 spot\u0159eb\u011b. Pokud si v\u00fdrobek zakoup\u00edte, \u010din\u00edte tak na vlastn\u00ed nebezpe\u010d\u00ed a jste zodpov\u011bdn\u00ed za dodr\u017eov\u00e1n\u00ed z\u00e1kon\u016f platn\u00fdch ve va\u0161\u00ed zemi. Spole\u010dnost Chemlab neodpov\u00edd\u00e1 za leg\u00e1lnost v\u00fdrobk\u016f v zem\u00edch z\u00e1kazn\u00edk\u016f. Pro dal\u0161\u00ed informace se pros\u00edm obra\u0165te na <a href=\"https:\/\/rc-chemlab.net\/cs\/kontakt\/\">Kontaktujte n\u00e1s<\/a> na.<\/p>","protected":false},"excerpt":{"rendered":"<p>N Ethyl Pentedrone N-Ethyl-(nor)-pentedron (auch bekannt als N-Ethylpentedron oder allgemeiner als NEP) ist ein neuartiges synthetisches Stimulans, das zur Klasse<\/p>","protected":false},"featured_media":10319,"comment_status":"open","ping_status":"closed","template":"","meta":{"_seopress_robots_primary_cat":"none","_seopress_titles_title":"N Ethyl Pentedrone %%sep%% %%sitetitle%%","_seopress_titles_desc":"N Ethyl Pentedrone - N-Ethyl-(nor)-pentedron (auch bekannt als N-Ethylpentedron oder allgemeiner als NEP) ist ein neuartiges synthetisches Stimulans","_seopress_robots_index":""},"product_brand":[],"product_cat":[140],"product_tag":[],"class_list":{"0":"post-1306","1":"product","2":"type-product","3":"status-publish","4":"has-post-thumbnail","6":"product_cat-forschungschemikalien","8":"first","9":"instock","10":"taxable","11":"shipping-taxable","12":"purchasable","13":"product-type-variable"},"_links":{"self":[{"href":"https:\/\/rc-chemlab.net\/cs\/wp-json\/wp\/v2\/product\/1306","targetHints":{"allow":["GET"]}}],"collection":[{"href":"https:\/\/rc-chemlab.net\/cs\/wp-json\/wp\/v2\/product"}],"about":[{"href":"https:\/\/rc-chemlab.net\/cs\/wp-json\/wp\/v2\/types\/product"}],"replies":[{"embeddable":true,"href":"https:\/\/rc-chemlab.net\/cs\/wp-json\/wp\/v2\/comments?post=1306"}],"version-history":[{"count":1,"href":"https:\/\/rc-chemlab.net\/cs\/wp-json\/wp\/v2\/product\/1306\/revisions"}],"predecessor-version":[{"id":10320,"href":"https:\/\/rc-chemlab.net\/cs\/wp-json\/wp\/v2\/product\/1306\/revisions\/10320"}],"wp:featuredmedia":[{"embeddable":true,"href":"https:\/\/rc-chemlab.net\/cs\/wp-json\/wp\/v2\/media\/10319"}],"wp:attachment":[{"href":"https:\/\/rc-chemlab.net\/cs\/wp-json\/wp\/v2\/media?parent=1306"}],"wp:term":[{"taxonomy":"product_brand","embeddable":true,"href":"https:\/\/rc-chemlab.net\/cs\/wp-json\/wp\/v2\/product_brand?post=1306"},{"taxonomy":"product_cat","embeddable":true,"href":"https:\/\/rc-chemlab.net\/cs\/wp-json\/wp\/v2\/product_cat?post=1306"},{"taxonomy":"product_tag","embeddable":true,"href":"https:\/\/rc-chemlab.net\/cs\/wp-json\/wp\/v2\/product_tag?post=1306"}],"curies":[{"name":"wp","href":"https:\/\/api.w.org\/{rel}","templated":true}]}}