{"id":1298,"date":"2023-06-05T13:38:44","date_gmt":"2023-06-05T13:38:44","guid":{"rendered":"https:\/\/rc-chemlab.net\/?post_type=product&#038;p=1298"},"modified":"2024-04-15T00:49:43","modified_gmt":"2024-04-15T00:49:43","slug":"mdphp-hcl","status":"publish","type":"product","link":"https:\/\/rc-chemlab.net\/cs\/product\/mdphp-hcl\/","title":{"rendered":"MDPHP HCL"},"content":{"rendered":"<h1>MDPHP HCL<\/h1>\n<p>Chcete si koupit pr\u00e1\u0161ek MDPHP HCL za nejni\u017e\u0161\u00ed cenu? M\u016f\u017eete j\u00edt do Chemlabu a z\u00edskat nejlep\u0161\u00ed zna\u010dkov\u00e9 drogy. MDPHP HCL znamen\u00e1 <a href=\"https:\/\/en.wikipedia.org\/wiki\/3%27,4%27-Methylenedioxy-%CE%B1-pyrrolidinobutiophenone\">3', 4'-methylendioxy-\u03b1-pyrrolidinohexiofenon<\/a>. MDPHP HCL je stimulant ze t\u0159\u00eddy substituovan\u00fdch katinon\u016f a od roku 2018 je designovou drogou. Za \u010dist\u00e9 designov\u00e9 drogy u\u017e nikdy nezaplat\u00edte p\u0159\u00edli\u0161 mnoho. V\u017edy skladem a dod\u00e1n\u00ed do 1 - 2 pracovn\u00edch dn\u016f. Bezpe\u010dn\u00e1 platba pomoc\u00ed Giropay, Bitcoin nebo kreditn\u00ed karty.<\/p>\n<h2>Bezpe\u010dn\u011b koupit zna\u010dkov\u00e9 drogy<\/h2>\n<p>Proto\u017ee nakupujeme p\u0159\u00edmo od v\u00fdrobce, m\u016f\u017eeme v\u017edy zaru\u010dit nejni\u017e\u0161\u00ed cenu. V na\u0161em internetov\u00e9m obchod\u011b m\u016f\u017eete bezpe\u010dn\u011b platit pomoc\u00ed Giropay, Bitcoin nebo kreditn\u00ed kartou.<br \/>\nV\u017edy v\u0161e skladem! Na\u0161e webov\u00e9 str\u00e1nky pou\u017e\u00edvaj\u00ed \u0161ifrov\u00e1n\u00ed SSL. \u0160ifrov\u00e1n\u00ed SSL zaji\u0161\u0165uje, \u017ee data jsou odes\u00edl\u00e1na v za\u0161ifrovan\u00e9 podob\u011b a nikdy nejsou p\u0159\u00edstupn\u00e1 t\u0159et\u00ed stran\u011b.<\/p>\n<h2>Vysoce kvalitn\u00ed MDPHP HCL<\/h2>\n<p>Prod\u00e1v\u00e1me nejkvalitn\u011bj\u0161\u00ed zna\u010dkov\u00e9 drogy z Beneluxu. Proto\u017ee p\u016fsob\u00edme v oblasti zna\u010dkov\u00fdch drog ji\u017e 7 let, m\u016f\u017eeme v\u00e1m v\u017edy dodat vysoce kvalitn\u00ed v\u00fdrobky. V\u0161echny na\u0161e v\u00fdrobky jsou laboratorn\u011b testov\u00e1ny, a proto je lze bezpe\u010dn\u011b pou\u017e\u00edvat pro v\u00fdzkumn\u00e9 \u00fa\u010dely.<\/p>\n<p>Bu\u010fte opatrn\u00ed p\u0159i n\u00e1kupu zna\u010dkov\u00fdch drog na internetu! Existuje mnoho internetov\u00fdch obchod\u016f, kter\u00e9 prod\u00e1vaj\u00ed fale\u0161n\u00e9 nebo \u0161patn\u00e9 zna\u010dkov\u00e9 drogy. Pokud si kupujete zna\u010dkov\u00e9 drogy od <a href=\"\/cs\/\">Chemlab<\/a> m\u016f\u017eete svou objedn\u00e1vku obdr\u017eet bezpe\u010dn\u011b a diskr\u00e9tn\u011b dom\u016f v co nejkrat\u0161\u00ed dob\u011b!<\/p>\n<h2>MDPHP HCL testovan\u00fd v laborato\u0159i<\/h2>\n<p>Pokud hled\u00e1te zna\u010dkov\u00e9 drogy, chcete si b\u00fdt samoz\u0159ejm\u011b jisti, \u017ee jsou v\u00fdrobky vysoce kvalitn\u00ed. V\u0161echny na\u0161e zna\u010dkov\u00e9 drogy jsou vysoce kvalitn\u00ed a jsou v\u017edy laboratorn\u011b testov\u00e1ny. U n\u00e1s budete velmi spokojeni s vysoce kvalitn\u00edmi v\u00fdrobky za nejlep\u0161\u00ed cenu. Pro v\u00edce informac\u00ed se pros\u00edm obra\u0165te na <a href=\"https:\/\/rc-chemlab.net\/cs\/kontakt\/\">Kontaktujte n\u00e1s<\/a> na.<\/p>","protected":false},"excerpt":{"rendered":"<p>MDPHP HCL M\u00f6chten Sie MDPHP HCL Pulver zum niedrigsten Preis kaufen? Sie k\u00f6nnen zu Chemlab gehen, um die besten Designerdrogen<\/p>","protected":false},"featured_media":10316,"comment_status":"open","ping_status":"closed","template":"","meta":{"_seopress_robots_primary_cat":"none","_seopress_titles_title":"MDPHP HCL %%sep%% %%sitetitle%%","_seopress_titles_desc":"MDPHP HCL - M\u00f6chten Sie MDPHP HCL Pulver zum niedrigsten Preis kaufen? Sie k\u00f6nnen zu Chemlab gehen, um die besten Designerdrogen zu erhalten.","_seopress_robots_index":""},"product_brand":[],"product_cat":[140],"product_tag":[],"class_list":{"0":"post-1298","1":"product","2":"type-product","3":"status-publish","4":"has-post-thumbnail","6":"product_cat-forschungschemikalien","8":"first","9":"instock","10":"taxable","11":"shipping-taxable","12":"purchasable","13":"product-type-variable"},"_links":{"self":[{"href":"https:\/\/rc-chemlab.net\/cs\/wp-json\/wp\/v2\/product\/1298","targetHints":{"allow":["GET"]}}],"collection":[{"href":"https:\/\/rc-chemlab.net\/cs\/wp-json\/wp\/v2\/product"}],"about":[{"href":"https:\/\/rc-chemlab.net\/cs\/wp-json\/wp\/v2\/types\/product"}],"replies":[{"embeddable":true,"href":"https:\/\/rc-chemlab.net\/cs\/wp-json\/wp\/v2\/comments?post=1298"}],"version-history":[{"count":1,"href":"https:\/\/rc-chemlab.net\/cs\/wp-json\/wp\/v2\/product\/1298\/revisions"}],"predecessor-version":[{"id":10317,"href":"https:\/\/rc-chemlab.net\/cs\/wp-json\/wp\/v2\/product\/1298\/revisions\/10317"}],"wp:featuredmedia":[{"embeddable":true,"href":"https:\/\/rc-chemlab.net\/cs\/wp-json\/wp\/v2\/media\/10316"}],"wp:attachment":[{"href":"https:\/\/rc-chemlab.net\/cs\/wp-json\/wp\/v2\/media?parent=1298"}],"wp:term":[{"taxonomy":"product_brand","embeddable":true,"href":"https:\/\/rc-chemlab.net\/cs\/wp-json\/wp\/v2\/product_brand?post=1298"},{"taxonomy":"product_cat","embeddable":true,"href":"https:\/\/rc-chemlab.net\/cs\/wp-json\/wp\/v2\/product_cat?post=1298"},{"taxonomy":"product_tag","embeddable":true,"href":"https:\/\/rc-chemlab.net\/cs\/wp-json\/wp\/v2\/product_tag?post=1298"}],"curies":[{"name":"wp","href":"https:\/\/api.w.org\/{rel}","templated":true}]}}