{"id":1290,"date":"2023-06-05T13:06:20","date_gmt":"2023-06-05T13:06:20","guid":{"rendered":"https:\/\/rc-chemlab.net\/?post_type=product&#038;p=1290"},"modified":"2024-10-10T12:55:17","modified_gmt":"2024-10-10T12:55:17","slug":"5-cl-adb-a","status":"publish","type":"product","link":"https:\/\/rc-chemlab.net\/cs\/product\/5-cl-adb-a\/","title":{"rendered":"5-CL-ADB-A"},"content":{"rendered":"<h1>5-CL-ADB-A Koupit<\/h1>\n<p>Pr\u00e1\u0161ek 5-CL-ADB-A - koupit 5-cl-adb-a online, 5-cl-adb-a na prodej online ve Velk\u00e9 Brit\u00e1nii.<\/p>\n<p><a href=\"\/cs\/\">Chemlab<\/a> je d\u016fv\u011bryhodn\u00fdm prodejcem uveden\u00fdch produkt\u016f. D\u00edky sv\u00fdm rozs\u00e1hl\u00fdm zku\u0161enostem s dod\u00e1vkami a obchodov\u00e1n\u00edm si na trhu vytvo\u0159ila renomovan\u00e9 jm\u00e9no d\u00edky nab\u00eddce vysoce kvalitn\u00edch 5-CL-ADB-A a dal\u0161\u00edch produkt\u016f. Spole\u010dnost m\u00e1 celoevropskou p\u016fsobnost a obsluhuje \u0161irokou z\u00e1kaznickou z\u00e1kladnu po cel\u00e9 zemi, p\u0159i\u010dem\u017e prioritou je orientace na z\u00e1kazn\u00edka. Nakupujte 5-CL-ADB-A online s produkty, kter\u00e9 zaru\u010duj\u00ed kvalitu ve velk\u00e9m mno\u017estv\u00ed od spole\u010dnosti LC. Nab\u00edz\u00ed online obchod s v\u00fdzkumnou chemi\u00ed, kde si m\u016f\u017eete snadno koupit 5-cl-adb-a v nejvy\u0161\u0161\u00ed kvalit\u011b. P\u0159i objedn\u00e1n\u00ed 5-cl-adb-a online obdr\u017e\u00edte d\u00e1rek v podob\u011b b\u00edl\u00e9ho nebo oran\u017eov\u00e9ho krystalick\u00e9ho pr\u00e1\u0161ku.<\/p>\n<h2>Co je zn\u00e1mo o 5-cl-adb-a?<\/h2>\n<p>Neexistuj\u00ed \u017e\u00e1dn\u00e9 ofici\u00e1ln\u00ed v\u011bdeck\u00e9 studie, kter\u00e9 by 5-cl-adb-a vz\u00e1jemn\u011b porovn\u00e1valy. Studie z roku 2018 v \u010dasopise Forensic Toxicology v\u0161ak srovn\u00e1vala \u00fa\u010dinnost a mechanismy \u00fa\u010dinku n\u011bkolika <a href=\"https:\/\/www.emcdda.europa.eu\/topics\/pods\/synthetic-cannabinoids_de\">syntetick\u00e9 kanabinoidy<\/a> ze t\u0159\u00eddy karboxamid\u016f. Tyto v\u00edced\u00edln\u00e9 l\u00e1tky, jako je 5CL-ADB-A, maj\u00ed asymetrick\u00fd uhl\u00edk odvozen\u00fd od amidov\u00e9 \u010d\u00e1sti tvo\u0159en\u00e9 deriv\u00e1ty aminokyselin. N\u00e1\u0161 t\u00fdm z\u00e1kaznick\u00e9 podpory je k dispozici 24 hodin denn\u011b, 7 dn\u00ed v t\u00fddnu, aby splnil v\u0161echny va\u0161e po\u017eadavky a co nejrychleji vy\u0159e\u0161il v\u00e1\u0161 probl\u00e9m. Z\u00edskejte 5-cl-adb-a na prodej. Zkontrolujte tak\u00e9 stanovy va\u0161\u00ed spole\u010dnosti, proto\u017ee existuje mnoho pr\u00e1vn\u00edch d\u016fsledk\u016f, kter\u00e9 pravd\u011bpodobn\u011b pot\u0159ebujete zn\u00e1t, ne\u017e si jej koup\u00edte bez l\u00e9ka\u0159sk\u00e9ho p\u0159edpisu.<\/p>\n<h2>Pro\u010d byste si m\u011bli vybrat 5-cl-adb-a?<\/h2>\n<p>Neexistuje \u017e\u00e1dn\u00fd spolehliv\u00fd zp\u016fsob, jak rozpoznat zneu\u017e\u00edv\u00e1n\u00ed drog a chemick\u00fdch l\u00e1tek. P\u0159\u00edznaky a symptomy u\u017e\u00edv\u00e1n\u00ed a zneu\u017e\u00edv\u00e1n\u00ed t\u011bchto drog se zna\u010dn\u011b li\u0161\u00ed, proto\u017ee v n\u011bkter\u00fdch p\u0159\u00edpadech se chovaj\u00ed stejn\u011b jako jak\u00e1koli jin\u00e1 droga. V jin\u00fdch p\u0159\u00edpadech se v\u0161ak chovaj\u00ed nez\u00e1visle na jin\u00fdch drog\u00e1ch. Jedn\u00edm ze zp\u016fsob\u016f, jak rozpoznat a podpo\u0159it v\u00fdzkum zneu\u017e\u00edv\u00e1n\u00ed chemick\u00fdch l\u00e1tek, je sezn\u00e1mit se s p\u0159\u00edznaky a symptomy drog, kter\u00e9 jsou jim bl\u00edzce p\u0159\u00edbuzn\u00e9, a tak\u00e9 se zn\u00e1m\u00fdmi designov\u00fdmi drogami, kter\u00e9 jsou na trhu podle nov\u00fdch informac\u00ed. Kupte si 5-CL-ADB-A levn\u011b.<\/p>\n<p>5-CL-ADB-A je syntetick\u00fd kanabinoid na b\u00e1zi indazolu. 5-cl-adb-a je designov\u00e1 droga dostupn\u00e1 online. 5-cl-adb-a, analog amylenov\u00e9ho deriv\u00e1tu 5f-adb, nahrazuje metylester amylenem. V\u0161echny pot\u0159ebn\u00e9 informace o tomto nov\u00e9m kanabinoidu, jeho\u017e popularita ji\u017e roste, z\u00edsk\u00e1te, pokud n\u00e1s je\u0161t\u011b dnes kontaktujete prost\u0159ednictv\u00edm na\u0161eho chatu. Objednejte si 5-CL-ADB-A online Na\u0161i \u010detn\u00ed z\u00e1kazn\u00edci za\u017eili pot\u011b\u0161en\u00ed, euforii ve sv\u00fdch smyslech, zrychlen\u00ed \u00farovn\u011b v\u00fdkonnosti a sexu\u00e1ln\u00ed zlep\u0161en\u00ed ve sv\u00fdch snech.<\/p>","protected":false},"excerpt":{"rendered":"<p>5-CL-ADB-A Kaufen 5-CL-ADB-A Pulver &#8211; 5-cl-adb-a online kaufen, 5-cl-adb-a zum Verkauf online in Deutschland. Chemlab ist ein vertrauensw\u00fcrdiger Verk\u00e4ufer der<\/p>","protected":false},"featured_media":10313,"comment_status":"open","ping_status":"closed","template":"","meta":{"_seopress_robots_primary_cat":"none","_seopress_titles_title":"5-CL-ADB-A Kaufen %%sep%% %%sitetitle%%","_seopress_titles_desc":"5-CL-ADB-A Kaufen -","_seopress_robots_index":""},"product_brand":[],"product_cat":[140],"product_tag":[],"class_list":{"0":"post-1290","1":"product","2":"type-product","3":"status-publish","4":"has-post-thumbnail","6":"product_cat-forschungschemikalien","8":"first","9":"instock","10":"taxable","11":"shipping-taxable","12":"purchasable","13":"product-type-variable"},"_links":{"self":[{"href":"https:\/\/rc-chemlab.net\/cs\/wp-json\/wp\/v2\/product\/1290","targetHints":{"allow":["GET"]}}],"collection":[{"href":"https:\/\/rc-chemlab.net\/cs\/wp-json\/wp\/v2\/product"}],"about":[{"href":"https:\/\/rc-chemlab.net\/cs\/wp-json\/wp\/v2\/types\/product"}],"replies":[{"embeddable":true,"href":"https:\/\/rc-chemlab.net\/cs\/wp-json\/wp\/v2\/comments?post=1290"}],"version-history":[{"count":1,"href":"https:\/\/rc-chemlab.net\/cs\/wp-json\/wp\/v2\/product\/1290\/revisions"}],"predecessor-version":[{"id":10314,"href":"https:\/\/rc-chemlab.net\/cs\/wp-json\/wp\/v2\/product\/1290\/revisions\/10314"}],"wp:featuredmedia":[{"embeddable":true,"href":"https:\/\/rc-chemlab.net\/cs\/wp-json\/wp\/v2\/media\/10313"}],"wp:attachment":[{"href":"https:\/\/rc-chemlab.net\/cs\/wp-json\/wp\/v2\/media?parent=1290"}],"wp:term":[{"taxonomy":"product_brand","embeddable":true,"href":"https:\/\/rc-chemlab.net\/cs\/wp-json\/wp\/v2\/product_brand?post=1290"},{"taxonomy":"product_cat","embeddable":true,"href":"https:\/\/rc-chemlab.net\/cs\/wp-json\/wp\/v2\/product_cat?post=1290"},{"taxonomy":"product_tag","embeddable":true,"href":"https:\/\/rc-chemlab.net\/cs\/wp-json\/wp\/v2\/product_tag?post=1290"}],"curies":[{"name":"wp","href":"https:\/\/api.w.org\/{rel}","templated":true}]}}