{"id":1282,"date":"2023-06-05T11:47:29","date_gmt":"2023-06-05T11:47:29","guid":{"rendered":"https:\/\/rc-chemlab.net\/?post_type=product&#038;p=1282"},"modified":"2024-09-17T01:32:44","modified_gmt":"2024-09-17T01:32:44","slug":"5f-mdmb-2201-kaufen","status":"publish","type":"product","link":"https:\/\/rc-chemlab.net\/cs\/product\/5f-mdmb-2201-kaufen\/","title":{"rendered":"5f MDMB 2201"},"content":{"rendered":"<h1><span class=\"___SText_mzmpq-ko_\" data-ui-name=\"Link.Text\">Koupit 5F-MDMB-2201<\/span><\/h1>\n<p>5F-MDMB-2201 je zbrusu nov\u00fd produkt. <a href=\"https:\/\/www.drugcom.de\/drogenlexikon\/buchstabe-s\/synthetische-cannabinoide\/\">syntetick\u00fd kanabinoid<\/a>. Pokud jste hledali nejnov\u011bj\u0161\u00ed kanabinoid dostupn\u00fd na v\u00fdzkumn\u00e9m trhu, jste na spr\u00e1vn\u00e9m m\u00edst\u011b. 5F-MDMB-2201 je siln\u00fd agonista kanabinoidn\u00edch receptor\u016f.<\/p>\n<p>Laboratorn\u00ed pokusy obvykle p\u0159in\u00e1\u0161ej\u00ed v\u00fdsledky v podob\u011b uvoln\u011bn\u00ed, fyzick\u00e9 lehkosti, zlep\u0161en\u00ed n\u00e1lady, sn\u00ed\u017een\u00ed stresu, zlep\u0161en\u00ed barev, lep\u0161\u00edho vn\u00edm\u00e1n\u00ed hudby a euforie. Pokud budete jednat rychle, m\u016f\u017eete b\u00fdt jednou z prvn\u00edch laborato\u0159\u00ed, kter\u00e1 si tuto \u00fa\u017easnou chemickou l\u00e1tku p\u0159id\u00e1 do sv\u00fdch rezervn\u00edch z\u00e1sob.<\/p>\n<h3><b>Kde si mohu koupit 5F-MDMB-2201?<\/b><\/h3>\n<p>Zde v\u00a0<span data-contrast=\"none\">na\u0161e chemick\u00e1 \u010dinnost<\/span>\u00a0prod\u00e1v\u00e1me 5F-MDMB-2201 mimo\u0159\u00e1dn\u011b vysok\u00e9 kvality. Obvykle se dod\u00e1v\u00e1 ve form\u011b pr\u00e1\u0161ku. \u010casto v\u0161ak m\u00e1me k dispozici i jin\u00e9 formy. Pokud tedy chcete jinou formu, sta\u010d\u00ed se n\u00e1s zeptat, pravd\u011bpodobn\u011b ji m\u00e1me k dispozici.<\/p>\n<p>Abyste si u n\u00e1s mohli koupit 5F-MDMB-2201, mus\u00edte b\u00fdt star\u0161\u00ed 18 let. Mus\u00edte tak\u00e9 pln\u011b dodr\u017eovat z\u00e1kony o v\u00fdzkumn\u00e9 chemii ve va\u0161\u00ed zemi. N\u00e1\u0161 p\u0159\u00edpravek 5f-MDMB-2201 je ur\u010den pouze pro v\u00fdzkumn\u00e9 \u00fa\u010dely. Nen\u00ed ur\u010den ke konzumaci lidmi ani zv\u00ed\u0159aty.<\/p>\n<h3><b>5F-MDMB-2201 Z\u00e1konnost<\/b><\/h3>\n<p>Proto\u017ee je 5F-MDMB-2201 tak nov\u00fd, nen\u00ed ve v\u011bt\u0161in\u011b zem\u00ed pl\u00e1nov\u00e1n, a proto je na v\u011bt\u0161in\u011b m\u00edst leg\u00e1ln\u00ed. V zem\u00edch s p\u0159\u00edsn\u00fdmi analogick\u00fdmi z\u00e1kony, jako jsou Spojen\u00e9 st\u00e1ty, v\u0161ak m\u016f\u017ee b\u00fdt. Pro v\u00edce informac\u00ed se obra\u0165te na <a href=\"https:\/\/rc-chemlab.net\/cs\/kontakt\/\">Kontaktujte n\u00e1s<\/a> na.<\/p>","protected":false},"excerpt":{"rendered":"<p>5F-MDMB-2201 kaufen 5F-MDMB-2201 ist ein brandneues synthetisches Cannabinoid.\u00a0Wenn Sie nach dem zuletzt auf dem Forschungsmarkt erh\u00e4ltlichen Cannabinoid gesucht haben, sind<\/p>","protected":false},"featured_media":10311,"comment_status":"open","ping_status":"closed","template":"","meta":{"_seopress_robots_primary_cat":"none","_seopress_titles_title":"5F-MDMB-2201 kaufen %%sep%% %%sitetitle%%","_seopress_titles_desc":"5F-MDMB-2201 kaufen - 5F-MDMB-2201 ist ein brandneues synthetisches Cannabinoid.\u00a0Wenn Sie nach dem zuletzt auf dem Forschungsmarkt erh\u00e4ltlichen Cannabinoid","_seopress_robots_index":""},"product_brand":[],"product_cat":[140],"product_tag":[],"class_list":{"0":"post-1282","1":"product","2":"type-product","3":"status-publish","4":"has-post-thumbnail","6":"product_cat-forschungschemikalien","8":"first","9":"instock","10":"taxable","11":"shipping-taxable","12":"purchasable","13":"product-type-variable"},"_links":{"self":[{"href":"https:\/\/rc-chemlab.net\/cs\/wp-json\/wp\/v2\/product\/1282","targetHints":{"allow":["GET"]}}],"collection":[{"href":"https:\/\/rc-chemlab.net\/cs\/wp-json\/wp\/v2\/product"}],"about":[{"href":"https:\/\/rc-chemlab.net\/cs\/wp-json\/wp\/v2\/types\/product"}],"replies":[{"embeddable":true,"href":"https:\/\/rc-chemlab.net\/cs\/wp-json\/wp\/v2\/comments?post=1282"}],"version-history":[{"count":1,"href":"https:\/\/rc-chemlab.net\/cs\/wp-json\/wp\/v2\/product\/1282\/revisions"}],"predecessor-version":[{"id":10312,"href":"https:\/\/rc-chemlab.net\/cs\/wp-json\/wp\/v2\/product\/1282\/revisions\/10312"}],"wp:featuredmedia":[{"embeddable":true,"href":"https:\/\/rc-chemlab.net\/cs\/wp-json\/wp\/v2\/media\/10311"}],"wp:attachment":[{"href":"https:\/\/rc-chemlab.net\/cs\/wp-json\/wp\/v2\/media?parent=1282"}],"wp:term":[{"taxonomy":"product_brand","embeddable":true,"href":"https:\/\/rc-chemlab.net\/cs\/wp-json\/wp\/v2\/product_brand?post=1282"},{"taxonomy":"product_cat","embeddable":true,"href":"https:\/\/rc-chemlab.net\/cs\/wp-json\/wp\/v2\/product_cat?post=1282"},{"taxonomy":"product_tag","embeddable":true,"href":"https:\/\/rc-chemlab.net\/cs\/wp-json\/wp\/v2\/product_tag?post=1282"}],"curies":[{"name":"wp","href":"https:\/\/api.w.org\/{rel}","templated":true}]}}