{"id":1266,"date":"2023-06-04T09:38:16","date_gmt":"2023-06-04T09:38:16","guid":{"rendered":"https:\/\/rc-chemlab.net\/?post_type=product&#038;p=1266"},"modified":"2024-04-15T00:30:36","modified_gmt":"2024-04-15T00:30:36","slug":"jwh-210-kaufen","status":"publish","type":"product","link":"https:\/\/rc-chemlab.net\/cs\/product\/jwh-210-kaufen\/","title":{"rendered":"JWH 210"},"content":{"rendered":"<h1>Koupit JWH 210<\/h1>\n<p>JWH 210 je siln\u00fd kanabimimetick\u00fd alkylindol, kter\u00fd se v\u00e1\u017ee na centr\u00e1ln\u00ed kanabinoidn\u00ed a perifern\u00ed kanabinoidn\u00ed receptory s hodnotami Ki 0,46 a 0,69 nM.<\/p>\n<p>Pro dlouhodob\u00e9 skladov\u00e1n\u00ed doporu\u010dujeme skladovat JWH 210 p\u0159i -20 \u00b0C tak, jak je dod\u00e1v\u00e1n. M\u011bl by b\u00fdt stabiln\u00ed po dobu nejm\u00e9n\u011b dvou let. JWH 210 se dod\u00e1v\u00e1 jako krystalick\u00e1 pevn\u00e1 l\u00e1tka. Z\u00e1sobn\u00ed roztok lze p\u0159ipravit rozpu\u0161t\u011bn\u00edm JWH 210 ve zvolen\u00e9m rozpou\u0161t\u011bdle. JWH 210 je rozpustn\u00fd v organick\u00fdch rozpou\u0161t\u011bdlech, jako jsou ethanol, DMSO a DMSO. <a href=\"https:\/\/de.wikipedia.org\/wiki\/Dimethylformamid\">Dimethylformamid<\/a> rozpustn\u00e9, kter\u00e9 by m\u011bly b\u00fdt propl\u00e1chnuty inertn\u00edm plynem.<\/p>\n<p>Rozpustnost JWH 210 v t\u011bchto rozpou\u0161t\u011bdlech je p\u0159ibli\u017en\u011b 0,5, 20 a 50 mg\/ml. JWH 210 je jen m\u00e1lo rozpustn\u00fd ve vodn\u00fdch roztoc\u00edch. Proto je t\u0159eba p\u0159ed prov\u00e1d\u011bn\u00edm biologick\u00fdch experiment\u016f prov\u00e9st dal\u0161\u00ed \u0159ed\u011bn\u00ed roztoku organick\u00e9ho rozpou\u0161t\u011bdla ve vodn\u00fdch pufrech nebo izotonick\u00e9m fyziologick\u00e9m roztoku.<\/p>\n<p>Ujist\u011bte se, \u017ee zb\u00fdvaj\u00edc\u00ed mno\u017estv\u00ed organick\u00e9ho rozpou\u0161t\u011bdla je zanedbateln\u00e9, proto\u017ee organick\u00e1 rozpou\u0161t\u011bdla v n\u00edzk\u00fdch koncentrac\u00edch mohou m\u00edt fyziologick\u00e9 \u00fa\u010dinky. Doporu\u010dujeme skladovat vodn\u00fd roztok nejd\u00e9le jeden den.<\/p>\n<p>Tento v\u00fdrobek se prod\u00e1v\u00e1 pouze pro v\u00fdzkumn\u00e9 \u00fa\u010dely a nem\u011bl by b\u00fdt pou\u017e\u00edv\u00e1n k \u017e\u00e1dn\u00fdm jin\u00fdm \u00fa\u010del\u016fm, mimo jin\u00e9 k diagnostick\u00fdm \u00fa\u010del\u016fm in vivo, v potravin\u00e1ch, l\u00e9c\u00edch, zdravotnick\u00fdch prost\u0159edc\u00edch a\/nebo kosmetice pro lidi a\/nebo zv\u00ed\u0159ata.<\/p>\n<p>P\u0159ed objedn\u00e1n\u00edm se ujist\u011bte, \u017ee jste \u0159\u00e1dn\u011b vybaveni pro v\u00fdzkum s chemick\u00fdmi l\u00e1tkami a \u017ee je va\u0161e pracovi\u0161t\u011b dob\u0159e v\u011btran\u00e9.<\/p>\n<p>Pro objedn\u00e1n\u00ed tohoto produktu mus\u00edte b\u00fdt star\u0161\u00ed 21 let.<\/p>\n<p>Je va\u0161\u00ed odpov\u011bdnost\u00ed zn\u00e1t a dodr\u017eovat z\u00e1kony platn\u00e9 ve va\u0161\u00ed zemi\/provincii\/oblasti\/st\u00e1t\u011b\/m\u011bst\u011b. Nejsme zodpov\u011bdn\u00ed za \u017e\u00e1dn\u00e9 kroky nebo d\u016fsledky vypl\u00fdvaj\u00edc\u00ed z va\u0161eho rozhodnut\u00ed objednat. Obra\u0165te se pros\u00edm na <a href=\"https:\/\/rc-chemlab.net\/cs\/kontakt\/\">n\u00e1s<\/a> dal\u0161\u00ed informace.<\/p>","protected":false},"excerpt":{"rendered":"<p>JWH 210 kaufen JWH 210 ist ein starkes cannabimimetisches Alkylindol, das an zentrale Cannabinoid- und periphere Cannabinoidrezeptoren mit Ki-Werten von<\/p>","protected":false},"featured_media":10304,"comment_status":"open","ping_status":"closed","template":"","meta":{"_seopress_robots_primary_cat":"none","_seopress_titles_title":"JWH 210 kaufen %%sep%% %%sitetitle%%","_seopress_titles_desc":"JWH 210 kaufen - JWH 210 ist ein potentes cannabimimetisches Alkylindol, das die zentralen Cannabinoid- und peripheren Cannabinoid-Rezeptoren","_seopress_robots_index":""},"product_brand":[],"product_cat":[140],"product_tag":[],"class_list":{"0":"post-1266","1":"product","2":"type-product","3":"status-publish","4":"has-post-thumbnail","6":"product_cat-forschungschemikalien","8":"first","9":"instock","10":"taxable","11":"shipping-taxable","12":"purchasable","13":"product-type-variable"},"_links":{"self":[{"href":"https:\/\/rc-chemlab.net\/cs\/wp-json\/wp\/v2\/product\/1266","targetHints":{"allow":["GET"]}}],"collection":[{"href":"https:\/\/rc-chemlab.net\/cs\/wp-json\/wp\/v2\/product"}],"about":[{"href":"https:\/\/rc-chemlab.net\/cs\/wp-json\/wp\/v2\/types\/product"}],"replies":[{"embeddable":true,"href":"https:\/\/rc-chemlab.net\/cs\/wp-json\/wp\/v2\/comments?post=1266"}],"version-history":[{"count":2,"href":"https:\/\/rc-chemlab.net\/cs\/wp-json\/wp\/v2\/product\/1266\/revisions"}],"predecessor-version":[{"id":10306,"href":"https:\/\/rc-chemlab.net\/cs\/wp-json\/wp\/v2\/product\/1266\/revisions\/10306"}],"wp:featuredmedia":[{"embeddable":true,"href":"https:\/\/rc-chemlab.net\/cs\/wp-json\/wp\/v2\/media\/10304"}],"wp:attachment":[{"href":"https:\/\/rc-chemlab.net\/cs\/wp-json\/wp\/v2\/media?parent=1266"}],"wp:term":[{"taxonomy":"product_brand","embeddable":true,"href":"https:\/\/rc-chemlab.net\/cs\/wp-json\/wp\/v2\/product_brand?post=1266"},{"taxonomy":"product_cat","embeddable":true,"href":"https:\/\/rc-chemlab.net\/cs\/wp-json\/wp\/v2\/product_cat?post=1266"},{"taxonomy":"product_tag","embeddable":true,"href":"https:\/\/rc-chemlab.net\/cs\/wp-json\/wp\/v2\/product_tag?post=1266"}],"curies":[{"name":"wp","href":"https:\/\/api.w.org\/{rel}","templated":true}]}}