{"id":1258,"date":"2023-06-04T05:23:28","date_gmt":"2023-06-04T05:23:28","guid":{"rendered":"https:\/\/rc-chemlab.net\/?post_type=product&#038;p=1258"},"modified":"2024-04-15T00:26:28","modified_gmt":"2024-04-15T00:26:28","slug":"diclazepam-kaufen","status":"publish","type":"product","link":"https:\/\/rc-chemlab.net\/cs\/product\/diclazepam-kaufen\/","title":{"rendered":"Pr\u00e1\u0161ek diklazepamu"},"content":{"rendered":"<h1>Koupit Diclazepam<\/h1>\n<h2>Co je diklazepam?<\/h2>\n<p>Diklazepam je tak\u00e9 zn\u00e1m\u00fd jako chlordiazepam. Tato v\u00fdzkumn\u00e1 chemick\u00e1 l\u00e1tka spad\u00e1 do skupiny benzodiazepin\u016f. Diklazepam byl poprv\u00e9 syntetizov\u00e1n v 60. letech 20. stolet\u00ed. Mnoho v\u00fdzkumn\u00edk\u016f s touto chemickou l\u00e1tkou experimentuje s c\u00edlem vyvinout. <a href=\"https:\/\/www.drugcom.de\/drogenlexikon\/buchstabe-b\/benzodiazepine\/\">Benzodiazepiny<\/a> typick\u00e9 v\u00fdsledky. P\u0159i pokusech s diklazepamem obvykle doch\u00e1z\u00ed ke svalov\u00e9 relaxaci, sedaci, disinhibici, potla\u010den\u00ed \u00fazkosti, zpomalen\u00ed my\u0161len\u00ed, potla\u010den\u00ed anal\u00fdzy, potenciaci sn\u016f a zbytkov\u00e9 ospalosti. V\u00fdzkumn\u00ed pracovn\u00edci by si m\u011bli b\u00fdt p\u0159ed experimentov\u00e1n\u00edm s diklazepamem ve sv\u00fdch laborato\u0159\u00edch v\u011bdomi ospalosti.<\/p>\n<h2>Jak si m\u016f\u017eete koupit Diclazepam?<\/h2>\n<p>Zde na Chemical Planet nab\u00edz\u00edme vysoce kvalitn\u00ed diclazepam. N\u00e1\u0161 diklazepam je obvykle dod\u00e1v\u00e1n ve form\u011b pr\u00e1\u0161ku. Pokud v\u0161ak d\u00e1v\u00e1te p\u0159ednost jin\u00e9 form\u011b, m\u016f\u017eete n\u00e1s kontaktovat a zjistit, kdy ji m\u00e1me k dispozici.<\/p>\n<p>Pokud si chcete koupit Chemical Planet Diclazepam, mus\u00ed v\u00e1m b\u00fdt alespo\u0148 18 let. Mus\u00edte tak\u00e9 pln\u011b dodr\u017eovat z\u00e1kony sv\u00e9 zem\u011b. N\u00e1\u0161 diclazepam nen\u00ed ur\u010den k vnit\u0159n\u00edmu u\u017eit\u00ed u zv\u00ed\u0159at ani u lid\u00ed. Je ur\u010den pouze pro v\u00fdzkumn\u00e9 \u00fa\u010dely.<\/p>\n<h2>Leg\u00e1lnost diclazepamu<\/h2>\n<p>Diklazepam je v N\u011bmecku neleg\u00e1ln\u00ed. Ve Spojen\u00e9m kr\u00e1lovstv\u00ed je to droga t\u0159\u00eddy C. Ve Spojen\u00fdch st\u00e1tech je leg\u00e1ln\u00ed. V Kanad\u011b je za\u0159azen do seznamu IV.<\/p>\n<p>V\u017edy skladujte na chladn\u00e9m a such\u00e9m m\u00edst\u011b, abyste zajistili maxim\u00e1ln\u00ed trvanlivost. Tento v\u00fdrobek je ur\u010den pouze pro forenzn\u00ed a v\u011bdeck\u00e9 pou\u017eit\u00ed. NEN\u00cd proto ur\u010den k lidsk\u00e9 spot\u0159eb\u011b ani k jak\u00e9mukoli testov\u00e1n\u00ed in vivo na zv\u00ed\u0159atech nebo \u017eiv\u00fdch organismech. Kontaktujte pros\u00edm <a href=\"https:\/\/rc-chemlab.net\/cs\/kontakt\/\">n\u00e1s<\/a> dal\u0161\u00ed informace.<\/p>","protected":false},"excerpt":{"rendered":"<p>Diclazepam kaufen Was ist Diclazepam? Diclazepam ist auch als Chlordiazepam bekannt. Diese Forschungschemikalie f\u00e4llt unter die Klasse der Benzodiazepine. Diclazepam<\/p>","protected":false},"featured_media":10302,"comment_status":"open","ping_status":"closed","template":"","meta":{"_seopress_robots_primary_cat":"none","_seopress_titles_title":"Diclazepam Kaufen %%sep%% %%sitetitle%%","_seopress_titles_desc":"Diclazepam Kaufen - Diclazepam ist auch als Chlordiazepam bekannt. Diese Forschungschemikalie f\u00e4llt unter die Klasse der Benzodiazepine.","_seopress_robots_index":""},"product_brand":[],"product_cat":[140],"product_tag":[],"class_list":{"0":"post-1258","1":"product","2":"type-product","3":"status-publish","4":"has-post-thumbnail","6":"product_cat-forschungschemikalien","8":"first","9":"instock","10":"taxable","11":"shipping-taxable","12":"purchasable","13":"product-type-variable"},"_links":{"self":[{"href":"https:\/\/rc-chemlab.net\/cs\/wp-json\/wp\/v2\/product\/1258","targetHints":{"allow":["GET"]}}],"collection":[{"href":"https:\/\/rc-chemlab.net\/cs\/wp-json\/wp\/v2\/product"}],"about":[{"href":"https:\/\/rc-chemlab.net\/cs\/wp-json\/wp\/v2\/types\/product"}],"replies":[{"embeddable":true,"href":"https:\/\/rc-chemlab.net\/cs\/wp-json\/wp\/v2\/comments?post=1258"}],"version-history":[{"count":2,"href":"https:\/\/rc-chemlab.net\/cs\/wp-json\/wp\/v2\/product\/1258\/revisions"}],"predecessor-version":[{"id":10301,"href":"https:\/\/rc-chemlab.net\/cs\/wp-json\/wp\/v2\/product\/1258\/revisions\/10301"}],"wp:featuredmedia":[{"embeddable":true,"href":"https:\/\/rc-chemlab.net\/cs\/wp-json\/wp\/v2\/media\/10302"}],"wp:attachment":[{"href":"https:\/\/rc-chemlab.net\/cs\/wp-json\/wp\/v2\/media?parent=1258"}],"wp:term":[{"taxonomy":"product_brand","embeddable":true,"href":"https:\/\/rc-chemlab.net\/cs\/wp-json\/wp\/v2\/product_brand?post=1258"},{"taxonomy":"product_cat","embeddable":true,"href":"https:\/\/rc-chemlab.net\/cs\/wp-json\/wp\/v2\/product_cat?post=1258"},{"taxonomy":"product_tag","embeddable":true,"href":"https:\/\/rc-chemlab.net\/cs\/wp-json\/wp\/v2\/product_tag?post=1258"}],"curies":[{"name":"wp","href":"https:\/\/api.w.org\/{rel}","templated":true}]}}