{"id":9597,"date":"2023-06-21T22:20:25","date_gmt":"2023-06-21T22:20:25","guid":{"rendered":"https:\/\/rc-chemlab.net\/?page_id=9597"},"modified":"2023-06-21T22:20:25","modified_gmt":"2023-06-21T22:20:25","slug":"zahlung-und-lieferung","status":"publish","type":"page","link":"https:\/\/rc-chemlab.net\/cs\/zahlung-und-lieferung\/","title":{"rendered":"Platba a dod\u00e1n\u00ed"},"content":{"rendered":"<h2>doru\u010den\u00ed<\/h2>\n<p>V\u0161echny na\u0161e v\u00fdrobky jsou dod\u00e1v\u00e1ny v s\u00e1\u010dc\u00edch\/jednoduch\u00fdch ob\u00e1lk\u00e1ch\/krabic\u00edch bez z\u00e1pachu. Bal\u00ed\u010dek je dvakr\u00e1t zape\u010det\u011bn siln\u00fdmi s\u00e1\u010dky bez z\u00e1pachu a pot\u00e9 p\u0159elepen p\u00e1skou, aby nebylo mo\u017en\u00e9 zjistit \u017e\u00e1dn\u00fd z\u00e1pach. P\u0159esto\u017ee objedn\u00e1vky odes\u00edl\u00e1me je\u0161t\u011b t\u00fd\u017e den, pokud jsou p\u0159ijaty do 17:00, m\u016f\u017ee doj\u00edt ke zpo\u017ed\u011bn\u00ed, proto\u017ee proces doru\u010den\u00ed z\u00e1vis\u00ed na poskytovateli slu\u017eeb a je mimo na\u0161i kontrolu. Pokud polo\u017eka nedoraz\u00ed podle o\u010dek\u00e1v\u00e1n\u00ed, <a href=\"https:\/\/rc-chemlab.net\/cs\/kontakt\/\">po\u0161lete n\u00e1m e-mail<\/a> a my pro v\u00e1s z\u00e1silku pro\u0161et\u0159\u00edme a vysledujeme.<\/p>\n<blockquote><p><strong>Odm\u00edtnut\u00ed odpov\u011bdnosti<\/strong><\/p>\n<p>P\u0159esto\u017ee je 99% na\u0161ich objedn\u00e1vek doru\u010deno, existuje mal\u00e1 pravd\u011bpodobnost, \u017ee dojde k jejich ztr\u00e1t\u011b\/odcizen\u00ed b\u011bhem expedice. Pokud se tak stane a vy jste sv\u016fj v\u00fdrobek neobdr\u017eeli do 14 dn\u016f, kontaktujte n\u00e1s a my se pokus\u00edme probl\u00e9m vy\u0159e\u0161it.<\/p><\/blockquote>\n<h2>Platba<\/h2>\n<p>Vzhledem k povaze produktu nem\u016f\u017eeme v sou\u010dasn\u00e9 dob\u011b zpracov\u00e1vat platby debetn\u00ed nebo kreditn\u00ed kartou. V sou\u010dasn\u00e9 dob\u011b lze platby prov\u00e1d\u011bt bu\u010f pomoc\u00ed kryptom\u011bn, nebo bankovn\u00edm p\u0159evodem SEPA.<\/p>\n<p>Chcete-li platit kryptom\u011bnami, mus\u00edte si vytvo\u0159it pen\u011b\u017eenku Bitcoin a prov\u00e9st p\u0159evod na adresu na\u0161\u00ed pen\u011b\u017eenky, kter\u00e1 se zobraz\u00ed u pokladny. Tento zp\u016fsob je manu\u00e1ln\u00ed a va\u0161e objedn\u00e1vka bude zpracov\u00e1na, jakmile transakci ov\u011b\u0159\u00edme. <a href=\"https:\/\/btcdirect.eu\/de-at\">Koupit Bitcoin online<\/a>.<\/p>","protected":false},"excerpt":{"rendered":"<p>Lieferung Alle unsere Produkte werden in geruchsneutralen Beuteln\/einfachen Umschl\u00e4gen\/Kartons verschickt. Das Paket wird zweimal mit strapazierf\u00e4higen, geruchsfreien Beuteln versiegelt und<\/p>","protected":false},"author":1,"featured_media":0,"parent":0,"menu_order":0,"comment_status":"closed","ping_status":"closed","template":"","meta":{"_seopress_robots_primary_cat":"","_seopress_titles_title":"","_seopress_titles_desc":"","_seopress_robots_index":"","footnotes":""},"class_list":["post-9597","page","type-page","status-publish","hentry"],"_links":{"self":[{"href":"https:\/\/rc-chemlab.net\/cs\/wp-json\/wp\/v2\/pages\/9597","targetHints":{"allow":["GET"]}}],"collection":[{"href":"https:\/\/rc-chemlab.net\/cs\/wp-json\/wp\/v2\/pages"}],"about":[{"href":"https:\/\/rc-chemlab.net\/cs\/wp-json\/wp\/v2\/types\/page"}],"author":[{"embeddable":true,"href":"https:\/\/rc-chemlab.net\/cs\/wp-json\/wp\/v2\/users\/1"}],"replies":[{"embeddable":true,"href":"https:\/\/rc-chemlab.net\/cs\/wp-json\/wp\/v2\/comments?post=9597"}],"version-history":[{"count":1,"href":"https:\/\/rc-chemlab.net\/cs\/wp-json\/wp\/v2\/pages\/9597\/revisions"}],"predecessor-version":[{"id":9599,"href":"https:\/\/rc-chemlab.net\/cs\/wp-json\/wp\/v2\/pages\/9597\/revisions\/9599"}],"wp:attachment":[{"href":"https:\/\/rc-chemlab.net\/cs\/wp-json\/wp\/v2\/media?parent=9597"}],"curies":[{"name":"wp","href":"https:\/\/api.w.org\/{rel}","templated":true}]}}