{"id":265,"date":"2017-06-21T08:08:41","date_gmt":"2017-06-21T08:08:41","guid":{"rendered":"http:\/\/dummy.xtemos.com\/woodmart\/?page_id=265"},"modified":"2024-11-14T23:18:29","modified_gmt":"2024-11-14T23:18:29","slug":"compare","status":"publish","type":"page","link":"https:\/\/rc-chemlab.net\/cs\/compare\/","title":{"rendered":"Porovnat"},"content":{"rendered":"<p class=\"wd-empty-compare wd-empty-page\">\n\t\t\tCompare list is empty.\t\t<\/p>\n\t\t\t\t\t<div class=\"wd-empty-page-text\">\n\t\t\t\tDo seznamu pro porovn\u00e1n\u00ed nebyly p\u0159id\u00e1ny \u017e\u00e1dn\u00e9 produkty. Pro porovn\u00e1n\u00ed je nutn\u00e9 p\u0159idat n\u011bkter\u00e9 produkty.<br> Na na\u0161\u00ed str\u00e1nce \"Obchod\" najdete mnoho zaj\u00edmav\u00fdch produkt\u016f.\t\t\t<\/div>\n\t\t\t\t<p class=\"return-to-shop\">\n\t\t\t<a class=\"button\" href=\"https:\/\/rc-chemlab.net\/cs\/shop-seite\/\">\n\t\t\t\tReturn to shop\t\t\t<\/a>\n\t\t<\/p>","protected":false},"excerpt":{"rendered":"","protected":false},"author":1,"featured_media":0,"parent":0,"menu_order":0,"comment_status":"closed","ping_status":"closed","template":"","meta":{"_seopress_robots_primary_cat":"","_seopress_titles_title":"","_seopress_titles_desc":"","_seopress_robots_index":"","footnotes":""},"class_list":["post-265","page","type-page","status-publish","hentry"],"_links":{"self":[{"href":"https:\/\/rc-chemlab.net\/cs\/wp-json\/wp\/v2\/pages\/265","targetHints":{"allow":["GET"]}}],"collection":[{"href":"https:\/\/rc-chemlab.net\/cs\/wp-json\/wp\/v2\/pages"}],"about":[{"href":"https:\/\/rc-chemlab.net\/cs\/wp-json\/wp\/v2\/types\/page"}],"author":[{"embeddable":true,"href":"https:\/\/rc-chemlab.net\/cs\/wp-json\/wp\/v2\/users\/1"}],"replies":[{"embeddable":true,"href":"https:\/\/rc-chemlab.net\/cs\/wp-json\/wp\/v2\/comments?post=265"}],"version-history":[{"count":1,"href":"https:\/\/rc-chemlab.net\/cs\/wp-json\/wp\/v2\/pages\/265\/revisions"}],"predecessor-version":[{"id":9404,"href":"https:\/\/rc-chemlab.net\/cs\/wp-json\/wp\/v2\/pages\/265\/revisions\/9404"}],"wp:attachment":[{"href":"https:\/\/rc-chemlab.net\/cs\/wp-json\/wp\/v2\/media?parent=265"}],"curies":[{"name":"wp","href":"https:\/\/api.w.org\/{rel}","templated":true}]}}