{"id":64,"date":"2020-03-13T10:16:57","date_gmt":"2020-03-13T10:16:57","guid":{"rendered":"https:\/\/demo.creativethemes.com\/blocksy\/modern-shop\/?post_type=product&#038;p=64"},"modified":"2024-04-11T16:18:31","modified_gmt":"2024-04-11T16:18:31","slug":"2-fma-kaufen","status":"publish","type":"product","link":"https:\/\/rc-chemlab.net\/ar\/product\/2-fma-kaufen\/","title":{"rendered":"2-\u0641\u0645\u0627"},"content":{"rendered":"<h1>2-FMA kaufen<\/h1>\n<p>2-FMA, auch <a href=\"https:\/\/en.wikipedia.org\/wiki\/2-Fluoromethamphetamine\">2-Fluormethamphetamin<\/a> genannt, ist ein seltenes Stimulans der Methamphetamin-Familie, das von vielen sehr gesucht wird und eine sehr interessante Forschung ist.<\/p>\n<p>Studien zeigen, dass die Forschungschemikalie 2-FMA sowohl Dopamin- als auch Noradrenalin-Freisetzungsmittel wirkt, obwohl sie offiziell nicht auf dem gleichen Niveau wie herk\u00f6mmliche Amphetamine untersucht wurde. Dies zeigt, dass es die Noradrenalin- und Dopaminspiegel effektiv erh\u00f6ht, indem es an die Transporterproteine bindet und sie teilweise blockiert, was sie normalerweise aus der synaptischen Spalte entfernt. Daher k\u00f6nnen sich Dopamin und Noradrenalin ansammeln, was zu stimulierenden und euphorischen Ergebnissen in chemischen Studien f\u00fchrt.<\/p>\n<h2>Wie verwendet man 2-FMA?<\/h2>\n<p>Kaufen Sie 2-FMA in der besten Pulverform online. Kaufen Sie 2-FDCK in 50 Gramm, 100 Gramm, 150 Gramm, 200 Gramm und 250 Gramm. Um die Haltbarkeit des 2-FDCK-Pulvers zu maximieren, bewahren Sie es an einem trockenen und k\u00fchlen Ort auf. Lagern Sie es am besten an einem trockenen und k\u00fchlen Ort. Achten Sie beim Umgang mit Forschungschemikalien im Labor auf die richtigen Vorsichtsma\u00dfnahmen, wie das Abwischen von Oberfl\u00e4chen und das Tragen von Handschuhen, einer Maske und Schutzkleidung.<\/p>\n<h2>Begriffsbestimmung von 2-FMA<\/h2>\n<p>Die offizielle Bezeichnung f\u00fcr 2-FMA ist 2-Fluormethamphetamin, eine seltene Substanz der Amphetaminklasse. Es ist mit 2-FA, 3-FA und 4-FMA verwandt und hat strukturelle \u00c4hnlichkeiten mit Methamphetamin. Neben anderen fluorierten Amphetaminen wie 2-FA und 4-FA tritt 2-FEA auch auf. 2-FMA wird heutzutage auf dem Markt f\u00fcr Forschungschemikalien immer beliebter, obwohl es seit langem nicht mehr auf dem gleichen Niveau wie herk\u00f6mmliche Amphetamine formell untersucht wurde.<\/p>\n<h2>Hintergrundinformationen zur 2-FMA-Chemie<\/h2>\n<p>2-Fluormethamphetamin ist ein Molek\u00fcl der Amphetaminklasse, der synthetisch hergestellt wird. Die Amphetaminklasse-Molek\u00fcle enthalten eine Methylgruppe, die an das RN-Endamin des Amphetaminkerns gebunden ist, was sie mit Methamphetamin teilt. 2 FMA hat eine enge Verbindung zu Methamphetamin und 2-Fluoramphetamin. Es wird angenommen, dass 2-FMA seine stimulierenden Eigenschaften durch Einfluss auf Dopamin- und Noradrenalinrezeptoren aus\u00fcbt. Es wird dringend empfohlen, bei Verwendung dieses Stoffes Verfahren zur Schadensminderung anzuwenden, da es nur wenige Forschungsergebnisse zu 2-FMA gibt.<\/p>\n<h2>Wo kann man 2-FMA kaufen?<\/h2>\n<p>Auf der Website von Chemlab ist es m\u00f6glich, 2-FMA zu kaufen. Wir verkaufen 2-FMA in Pulverform in Premiumqualit\u00e4t. Aber wir haben oft andere Substanzformen zur Verf\u00fcgung. Kontaktieren Sie uns, um zu erfahren, ob wir Ihre bevorzugte Substanzform auf Lager haben. Um bei uns 2-FMA zu kaufen, m\u00fcssen Sie mindestens 18 Jahre alt sein.<\/p>","protected":false},"excerpt":{"rendered":"<p>2-FMA kaufen 2-FMA, auch 2-Fluormethamphetamin genannt, ist ein seltenes Stimulans der Methamphetamin-Familie, das von vielen sehr gesucht wird und eine<\/p>","protected":false},"featured_media":10244,"comment_status":"open","ping_status":"closed","template":"","meta":{"_seopress_robots_primary_cat":"none","_seopress_titles_title":"2-FMA kaufen %%sep%% %%sitetitle%%","_seopress_titles_desc":"2-FMA, auch 2-Fluormethamphetamin genannt, ist ein seltenes Stimulans der Methamphetamin-Familie, das von vielen sehr gesucht wird und eine sehr interessante Forschung ist.","_seopress_robots_index":""},"product_brand":[],"product_cat":[140],"product_tag":[],"class_list":{"0":"post-64","1":"product","2":"type-product","3":"status-publish","4":"has-post-thumbnail","6":"product_cat-forschungschemikalien","8":"first","9":"instock","10":"featured","11":"taxable","12":"shipping-taxable","13":"purchasable","14":"product-type-variable"},"_links":{"self":[{"href":"https:\/\/rc-chemlab.net\/ar\/wp-json\/wp\/v2\/product\/64","targetHints":{"allow":["GET"]}}],"collection":[{"href":"https:\/\/rc-chemlab.net\/ar\/wp-json\/wp\/v2\/product"}],"about":[{"href":"https:\/\/rc-chemlab.net\/ar\/wp-json\/wp\/v2\/types\/product"}],"replies":[{"embeddable":true,"href":"https:\/\/rc-chemlab.net\/ar\/wp-json\/wp\/v2\/comments?post=64"}],"version-history":[{"count":3,"href":"https:\/\/rc-chemlab.net\/ar\/wp-json\/wp\/v2\/product\/64\/revisions"}],"predecessor-version":[{"id":10245,"href":"https:\/\/rc-chemlab.net\/ar\/wp-json\/wp\/v2\/product\/64\/revisions\/10245"}],"wp:featuredmedia":[{"embeddable":true,"href":"https:\/\/rc-chemlab.net\/ar\/wp-json\/wp\/v2\/media\/10244"}],"wp:attachment":[{"href":"https:\/\/rc-chemlab.net\/ar\/wp-json\/wp\/v2\/media?parent=64"}],"wp:term":[{"taxonomy":"product_brand","embeddable":true,"href":"https:\/\/rc-chemlab.net\/ar\/wp-json\/wp\/v2\/product_brand?post=64"},{"taxonomy":"product_cat","embeddable":true,"href":"https:\/\/rc-chemlab.net\/ar\/wp-json\/wp\/v2\/product_cat?post=64"},{"taxonomy":"product_tag","embeddable":true,"href":"https:\/\/rc-chemlab.net\/ar\/wp-json\/wp\/v2\/product_tag?post=64"}],"curies":[{"name":"wp","href":"https:\/\/api.w.org\/{rel}","templated":true}]}}