{"id":279,"date":"2020-03-18T15:35:09","date_gmt":"2020-03-18T15:35:09","guid":{"rendered":"https:\/\/demo.creativethemes.com\/blocksy\/modern-shop\/?post_type=product&#038;p=279"},"modified":"2024-04-12T20:55:47","modified_gmt":"2024-04-12T20:55:47","slug":"4f-mph-kaufen","status":"publish","type":"product","link":"https:\/\/rc-chemlab.net\/ar\/product\/4f-mph-kaufen\/","title":{"rendered":"4F-MPH"},"content":{"rendered":"<h1><span class=\"___SText_mzmpq-ko_\" data-ui-name=\"Link.Text\">4F MPH kaufen<\/span><\/h1>\n<p>Willst du 4F-MPH kaufen? Dann sind Sie bei <a href=\"\/ar\/\">Rc-Chemlab<\/a> genau richtig! Alle Produkte von Research Chemicals Nederland wurden im Labor getestet und sind von h\u00f6chster Qualit\u00e4t. Die Bestellungen werden diskret verpackt und innerhalb von 24 Stunden verschickt. Dar\u00fcber hinaus haben Sie die M\u00f6glichkeit, sicher und schnell per Kryptow\u00e4hrung und Bank\u00fcberweisung zu bezahlen.<\/p>\n<h2>Was ist 4F-MPH?<\/h2>\n<p>4F-MPH ist eine stimulierende Substanz, die zu den <a href=\"https:\/\/docplayer.org\/129150624-Institut-fuer-organische-katalyseforschung-an-der.html\">Enethylamin- und Piperidin-Klassen<\/a> der Forschungschemikalien geh\u00f6rt. 4F-Ritalin, auch bekannt als 4F-MPH, ist strukturell fast identisch mit Methylphenidat. Die einzige Ausnahme ist ein einzelnes Fluoratom, das an die Position vier des Phenethylaminkerns gebunden ist. Die \u00c4hnlichkeit zwischen Methylphenidat und 4F-MPH ist dem Produktbild zu entnehmen. Methylphenidat wird in den Niederlanden u. a. gegen ADHS und Narkolepsie verschrieben. Aus diesem Grund ist 4F-MPH ein m\u00f6glicher Ersatz f\u00fcr Ritalin.<\/p>\n<p>4F-Ritalin kann ohne Rezept erworben werden, aber seine gew\u00fcnschten Wirkungen sind sehr \u00e4hnlich wie Ritalin. Wenn man die Substanz einmal im Labor anwenden m\u00f6chte, spart dies viel Zeit und M\u00fche. Wie Sie wahrscheinlich erwarten, wirkt 4F-Ritalin \u00e4hnlich wie Methylphenidaatt. 4F-MPH erh\u00f6ht jedoch die Wachsamkeit und die M\u00fcdigkeit, aber nicht die Energie. Trotz der \u00c4hnlichkeiten zwischen den beiden Substanzen sollte 4F-MPH nicht konsumiert werden. M\u00f6chten Sie mehr Informationen \u00fcber die Auswirkungen von 4F-MPH erhalten? Anschlie\u00dfend sollten Sie Wikipedia oder Psychonaut Wiki konsultieren.<\/p>\n<h2>Wo gibt es 4F-MPH zu kaufen?<\/h2>\n<p>RC-Chemlab ist der richtige Ort, um alle Ihre Forschungschemikalien, einschlie\u00dflich 4F-MPH von h\u00f6chster Qualit\u00e4t, zu entdecken. Alle Forschungschemikalien werden von uns aus den Niederlanden verschickt, wodurch Ihre Bestellung innerhalb von 1 bis 2 Werktagen bei Ihnen eintrifft! 4F-MPH sind in Pulverform erh\u00e4ltlich, damit Sie w\u00e4hlen k\u00f6nnen, welche Form f\u00fcr Ihr Experiment am besten geeignet ist.<\/p>\n<h2>4F-MPH g\u00fcnstig kaufen<\/h2>\n<p>M\u00f6chten Sie wissen, ob Ritalin bei Ihnen die gew\u00fcnschte Wirkung hat? Dann bestellen Sie hier 4F-MPH und testen Sie es in Ihrem Labor. Bitte beachten Sie: 4F-MPH ist wie andere Forschungschemikalien nur f\u00fcr Forschungszwecke bestimmt und darf auf keinen Fall von Menschen, Tieren oder anderen Lebewesen verzehrt werden. 4F-MPH ist trocken und k\u00fchl zu lagern, um eine maximale Haltbarkeit zu gew\u00e4hrleisten. F\u00fcr weitere Informationen nehmen Sie bitte <a href=\"https:\/\/rc-chemlab.net\/ar\/kontakt\/\">\u062a\u0648\u0627\u0635\u0644 \u0645\u0639\u0646\u0627<\/a> \u0639\u0644\u0649.<\/p>","protected":false},"excerpt":{"rendered":"<p>4F MPH kaufen Willst du 4F-MPH kaufen? Dann sind Sie bei Rc-Chemlab genau richtig! Alle Produkte von Research Chemicals Nederland<\/p>","protected":false},"featured_media":10272,"comment_status":"open","ping_status":"closed","template":"","meta":{"_seopress_robots_primary_cat":"none","_seopress_titles_title":"4F MPH kaufen %%sep%% %%sitetitle%%","_seopress_titles_desc":"Willst du 4F-MPH kaufen? Dann sind Sie bei Rc-Chemlab genau richtig! Alle Produkte von Research Chemicals Nederland wurden im Labor getestet und sind von h\u00f6chster Qualit\u00e4t.","_seopress_robots_index":""},"product_brand":[],"product_cat":[140],"product_tag":[],"class_list":{"0":"post-279","1":"product","2":"type-product","3":"status-publish","4":"has-post-thumbnail","6":"product_cat-forschungschemikalien","8":"first","9":"instock","10":"featured","11":"taxable","12":"shipping-taxable","13":"purchasable","14":"product-type-variable"},"_links":{"self":[{"href":"https:\/\/rc-chemlab.net\/ar\/wp-json\/wp\/v2\/product\/279","targetHints":{"allow":["GET"]}}],"collection":[{"href":"https:\/\/rc-chemlab.net\/ar\/wp-json\/wp\/v2\/product"}],"about":[{"href":"https:\/\/rc-chemlab.net\/ar\/wp-json\/wp\/v2\/types\/product"}],"replies":[{"embeddable":true,"href":"https:\/\/rc-chemlab.net\/ar\/wp-json\/wp\/v2\/comments?post=279"}],"version-history":[{"count":3,"href":"https:\/\/rc-chemlab.net\/ar\/wp-json\/wp\/v2\/product\/279\/revisions"}],"predecessor-version":[{"id":10273,"href":"https:\/\/rc-chemlab.net\/ar\/wp-json\/wp\/v2\/product\/279\/revisions\/10273"}],"wp:featuredmedia":[{"embeddable":true,"href":"https:\/\/rc-chemlab.net\/ar\/wp-json\/wp\/v2\/media\/10272"}],"wp:attachment":[{"href":"https:\/\/rc-chemlab.net\/ar\/wp-json\/wp\/v2\/media?parent=279"}],"wp:term":[{"taxonomy":"product_brand","embeddable":true,"href":"https:\/\/rc-chemlab.net\/ar\/wp-json\/wp\/v2\/product_brand?post=279"},{"taxonomy":"product_cat","embeddable":true,"href":"https:\/\/rc-chemlab.net\/ar\/wp-json\/wp\/v2\/product_cat?post=279"},{"taxonomy":"product_tag","embeddable":true,"href":"https:\/\/rc-chemlab.net\/ar\/wp-json\/wp\/v2\/product_tag?post=279"}],"curies":[{"name":"wp","href":"https:\/\/api.w.org\/{rel}","templated":true}]}}