{"id":159,"date":"2020-03-16T09:03:45","date_gmt":"2020-03-16T09:03:45","guid":{"rendered":"https:\/\/demo.creativethemes.com\/blocksy\/modern-shop\/?post_type=product&#038;p=159"},"modified":"2024-09-17T01:32:26","modified_gmt":"2024-09-17T01:32:26","slug":"3-fpm-kaufen","status":"publish","type":"product","link":"https:\/\/rc-chemlab.net\/ar\/product\/3-fpm-kaufen\/","title":{"rendered":"3-\u062f\u0642\u064a\u0642\u0629 \u0641\u064a \u0627\u0644\u062f\u0642\u064a\u0642\u0629"},"content":{"rendered":"<h1>3-\u0634\u0631\u0627\u0621 3 - \u0641 - \u0628 - \u0645<\/h1>\n<h2>\u0645\u0627 \u0627\u0644\u0645\u0642\u0635\u0648\u062f \u0628\u0640 3 - FPM\u061f<\/h2>\n<p>3FPM \u0647\u0648 \u0627\u062e\u062a\u0635\u0627\u0631 \u0644\u0640 <a href=\"https:\/\/psychonautwiki.org\/wiki\/3-fpm\">3-\u0641\u0644\u0648\u0631\u0648\u0641\u064a\u0646\u0645\u064a\u062a\u0631\u0627\u0632\u064a\u0646<\/a>. 3-FPM \u0647\u0648 \u0645\u0646\u0634\u0637 \u0643\u064a\u0645\u064a\u0627\u0626\u064a \u0644\u0623\u063a\u0631\u0627\u0636 \u0627\u0644\u0628\u062d\u062b. 3-FPM \u0647\u064a \u0641\u0626\u0629 \u0643\u064a\u0645\u064a\u0627\u0626\u064a\u0629 \u0645\u0646 \u0627\u0644\u0641\u064a\u0646\u064a\u0644 \u0645\u0648\u0631\u0641\u0648\u0644\u064a\u0646. \u0648\u0627\u0644\u0646\u062a\u0627\u0626\u062c \u0627\u0644\u062a\u062c\u0631\u064a\u0628\u064a\u0629 \u0628\u0627\u0633\u062a\u062e\u062f\u0627\u0645 3-\u0641-\u0648-\u0648-\u0648-\u0628-\u0645-\u062f-\u062a-\u0645-\u0628-\u0645-\u0623\u0644\u0641-\u0645-\u0645-\u062f-\u0645-\u0645-\u064a-\u0645 \u0645\u062a\u0634\u0627\u0628\u0647\u0629 \u062c\u062f\u0627\u064b \u0628\u0634\u0643\u0644 \u0639\u0627\u0645 \u0648\u0645\u0637\u0627\u0628\u0642\u0629 \u062a\u0642\u0631\u064a\u0628\u0627\u064b \u0644\u0646\u062a\u0627\u0626\u062c \u0627\u0644\u0623\u0645\u0641\u064a\u062a\u0627\u0645\u064a\u0646.<\/p>\n<p>\u062a\u0624\u062f\u064a \u0627\u0644\u062a\u062c\u0627\u0631\u0628 \u0627\u0644\u062a\u064a \u0623\u062c\u0631\u064a\u062a \u0639\u0644\u0649 3-FPM \u0628\u0634\u0643\u0644 \u0639\u0627\u0645 \u0625\u0644\u0649 \u0632\u064a\u0627\u062f\u0629 \u0627\u0644\u062a\u0631\u0643\u064a\u0632 \u0648\u0627\u0644\u062a\u062d\u0641\u064a\u0632 \u0648\u062a\u0633\u0631\u064a\u0639 \u0627\u0644\u062a\u0641\u0643\u064a\u0631 \u0648\u0627\u0644\u0646\u0634\u0648\u0629. \u0648\u0645\u0639 \u0630\u0644\u0643\u060c \u063a\u0627\u0644\u0628\u064b\u0627 \u0645\u0627 \u062a\u0648\u0635\u0641 \u0647\u0630\u0647 \u0627\u0644\u0646\u062a\u0627\u0626\u062c \u0628\u0623\u0646\u0647\u0627 \u0623\u0642\u0644 \u062d\u062f\u0629 \u0645\u0646 \u0646\u062a\u0627\u0626\u062c \u0627\u0644\u0623\u0645\u0641\u064a\u062a\u0627\u0645\u064a\u0646 \u0623\u0648 \u0627\u0644\u0645\u0646\u0634\u0637\u0627\u062a \u0627\u0644\u0623\u062e\u0631\u0649. \u0648\u0646\u062a\u064a\u062c\u0629 \u0644\u0627\u0646\u062e\u0641\u0627\u0636 \u062c\u0631\u0639\u0627\u062a 3-FPM\u060c \u0643\u0627\u0646\u062a \u0647\u0646\u0627\u0643 \u0646\u062a\u064a\u062c\u062a\u0627\u0646 \u0623\u0642\u0644 \u062d\u0636\u0648\u0631\u0627\u064b: \u0627\u0644\u0639\u0635\u0628\u064a\u0629 \u0648\u0627\u0644\u0623\u0631\u0642.<\/p>\n<h2>\u0645\u0646 \u0623\u064a\u0646 \u064a\u0645\u0643\u0646\u0643 \u0634\u0631\u0627\u0621 3-FPM\u061f<\/h2>\n<p>\u0646\u062d\u0646 \u0646\u0642\u062f\u0645 \u0647\u0646\u0627 \u0641\u064a \u0643\u064a\u0645\u064a\u0643\u0627\u0644 \u0628\u0644\u0627\u0646\u064a\u062a 3-FPM \u0645\u0645\u062a\u0627\u0632. \u064a\u062a\u0648\u0641\u0631 \u0644\u062f\u064a\u0646\u0627 3-FPM \u0639\u0644\u0649 \u0634\u0643\u0644 \u062d\u0628\u064a\u0628\u0627\u062a \u0648\u0645\u0633\u062d\u0648\u0642. \u0644\u062f\u064a\u0646\u0627 \u0627\u0644\u062d\u0644 \u0644\u0623\u064a \u062d\u0627\u0644\u0629 \u0643\u064a\u0645\u064a\u0627\u0626\u064a\u0629 \u062a\u0641\u0636\u0644\u0647\u0627.<br \/>\n\u062c\u0647\u0627\u0632 3-FPM \u0627\u0644\u0630\u064a \u0646\u0628\u064a\u0639\u0647 \u0645\u062e\u0635\u0635 \u0644\u0623\u063a\u0631\u0627\u0636 \u0627\u0644\u0628\u062d\u062b \u0641\u0642\u0637. \u0648\u0647\u0648 \u063a\u064a\u0631 \u0645\u062e\u0635\u0635 \u0644\u0644\u0627\u0633\u062a\u062e\u062f\u0627\u0645 \u0641\u064a \u0627\u0644\u0623\u0645\u0627\u0643\u0646 \u0627\u0644\u0645\u063a\u0644\u0642\u0629. \u0628\u0627\u0644\u0625\u0636\u0627\u0641\u0629 \u0625\u0644\u0649 \u0630\u0644\u0643\u060c \u064a\u062c\u0628 \u0623\u0646 \u064a\u0643\u0648\u0646 \u0639\u0645\u0631\u0643 18 \u0639\u0627\u0645\u0627\u064b \u0639\u0644\u0649 \u0627\u0644\u0623\u0642\u0644 \u0644\u0634\u0631\u0627\u0621 3-FPM \u0645\u0646\u0627 \u0648\u064a\u062c\u0628 \u0623\u0646 \u062a\u0645\u062a\u062b\u0644 \u062a\u0645\u0627\u0645\u0627\u064b \u0644\u0644\u062a\u0634\u0631\u064a\u0639\u0627\u062a \u0627\u0644\u0648\u0637\u0646\u064a\u0629.<\/p>\n<h2>3-\u0627\u0644\u0648\u0636\u0639 \u0627\u0644\u0642\u0627\u0646\u0648\u0646\u064a \u0644\u0640 FPM \u0627\u0644\u0648\u0636\u0639 \u0627\u0644\u0642\u0627\u0646\u0648\u0646\u064a<\/h2>\n<p>\u0645\u0646 \u063a\u064a\u0631 \u0627\u0644\u0642\u0627\u0646\u0648\u0646\u064a \u0634\u0631\u0627\u0621 \u0623\u0648 \u0628\u064a\u0639 \u0623\u0648 \u062d\u064a\u0627\u0632\u0629 3-FPM \u0641\u064a \u0625\u0633\u0631\u0627\u0626\u064a\u0644 \u0648\u0633\u0648\u064a\u0633\u0631\u0627 \u0648\u0627\u0644\u0648\u0644\u0627\u064a\u0627\u062a \u0627\u0644\u0645\u062a\u062d\u062f\u0629 \u0627\u0644\u0623\u0645\u0631\u064a\u0643\u064a\u0629. \u0648\u0641\u064a \u0627\u0644\u0645\u0645\u0644\u0643\u0629 \u0627\u0644\u0645\u062a\u062d\u062f\u0629\u060c \u064a\u0639\u062a\u0628\u0631 \u0647\u0630\u0627 \u0627\u0644\u0639\u0642\u0627\u0631 \u0645\u0639\u0627\u062f\u0644\u0627\u064b \u0644\u0644\u0641\u064a\u0646\u0645\u064a\u062a\u0631\u0627\u0632\u064a\u0646\u060c \u0627\u0644\u0630\u064a \u064a\u0639\u062a\u0628\u0631 \u0645\u0646 \u0627\u0644\u0645\u062e\u062f\u0631\u0627\u062a \u0627\u0644\u0645\u062f\u0631\u062c\u0629 \u0641\u064a \u0627\u0644\u062c\u062f\u0648\u0644 \u0627\u0644\u062b\u0627\u0646\u064a \u0639\u0646\u062f \u0627\u0633\u062a\u062e\u062f\u0627\u0645\u0647 \u0644\u0644\u0627\u0633\u062a\u0647\u0644\u0627\u0643 \u0627\u0644\u0628\u0634\u0631\u064a.<\/p>\n<p>\u064a\u064f\u062d\u0641\u0638 \u062f\u0627\u0626\u0645\u064b\u0627 \u0641\u064a \u0645\u0643\u0627\u0646 \u0628\u0627\u0631\u062f \u0648\u062c\u0627\u0641 \u0644\u0623\u0642\u0635\u0649 \u0645\u062f\u0629 \u0635\u0644\u0627\u062d\u064a\u0629. \u0647\u0630\u0627 \u0627\u0644\u0645\u0646\u062a\u062c \u0645\u062e\u0635\u0635 \u0644\u0644\u0623\u063a\u0631\u0627\u0636 \u0627\u0644\u062c\u0646\u0627\u0626\u064a\u0629 \u0648\u0627\u0644\u0628\u062d\u062b\u064a\u0629 \u0641\u0642\u0637. \u0648\u0628\u0627\u0644\u062a\u0627\u0644\u064a \u0641\u0647\u0648 \u063a\u064a\u0631 \u0645\u062e\u0635\u0635 \u0644\u0644\u0627\u0633\u062a\u0647\u0644\u0627\u0643 \u0627\u0644\u0628\u0634\u0631\u064a \u0623\u0648 \u0644\u0644\u0627\u062e\u062a\u0628\u0627\u0631 \u0641\u064a \u0627\u0644\u062c\u0633\u0645 \u0627\u0644\u062d\u064a \u0645\u0646 \u0623\u064a \u0646\u0648\u0639 \u0639\u0644\u0649 \u0627\u0644\u062d\u064a\u0648\u0627\u0646\u0627\u062a \u0623\u0648 \u0627\u0644\u0643\u0627\u0626\u0646\u0627\u062a \u0627\u0644\u062d\u064a\u0629. \u0644\u0645\u0632\u064a\u062f \u0645\u0646 \u0627\u0644\u0645\u0639\u0644\u0648\u0645\u0627\u062a \u064a\u0631\u062c\u0649 \u0627\u0644\u0627\u062a\u0635\u0627\u0644 \u0628 <a href=\"https:\/\/rc-chemlab.net\/ar\/kontakt\/\">\u062a\u0648\u0627\u0635\u0644 \u0645\u0639\u0646\u0627<\/a> \u0639\u0644\u0649.<\/p>","protected":false},"excerpt":{"rendered":"<p>3-FPM-Kaufen Was ist 3-FPM? 3FPM ist die Abk\u00fcrzung f\u00fcr 3-Fluorophenmetrazin. 3-FPM ist ein chemisches Stimulans f\u00fcr Forschungszwecke. 3-FPM ist eine<\/p>","protected":false},"featured_media":10264,"comment_status":"open","ping_status":"closed","template":"","meta":{"_seopress_robots_primary_cat":"none","_seopress_titles_title":"3-FPM-Kaufen %%sep%% %%sitetitle%%","_seopress_titles_desc":"3-FPM-Kaufen - 3FPM ist die Abk\u00fcrzung f\u00fcr 3-Fluorophenmetrazin. 3-FPM ist ein chemisches Stimulans f\u00fcr Forschungszwecke.","_seopress_robots_index":""},"product_brand":[],"product_cat":[140],"product_tag":[],"class_list":{"0":"post-159","1":"product","2":"type-product","3":"status-publish","4":"has-post-thumbnail","6":"product_cat-forschungschemikalien","8":"first","9":"instock","10":"featured","11":"taxable","12":"shipping-taxable","13":"purchasable","14":"product-type-variable"},"_links":{"self":[{"href":"https:\/\/rc-chemlab.net\/ar\/wp-json\/wp\/v2\/product\/159","targetHints":{"allow":["GET"]}}],"collection":[{"href":"https:\/\/rc-chemlab.net\/ar\/wp-json\/wp\/v2\/product"}],"about":[{"href":"https:\/\/rc-chemlab.net\/ar\/wp-json\/wp\/v2\/types\/product"}],"replies":[{"embeddable":true,"href":"https:\/\/rc-chemlab.net\/ar\/wp-json\/wp\/v2\/comments?post=159"}],"version-history":[{"count":4,"href":"https:\/\/rc-chemlab.net\/ar\/wp-json\/wp\/v2\/product\/159\/revisions"}],"predecessor-version":[{"id":10266,"href":"https:\/\/rc-chemlab.net\/ar\/wp-json\/wp\/v2\/product\/159\/revisions\/10266"}],"wp:featuredmedia":[{"embeddable":true,"href":"https:\/\/rc-chemlab.net\/ar\/wp-json\/wp\/v2\/media\/10264"}],"wp:attachment":[{"href":"https:\/\/rc-chemlab.net\/ar\/wp-json\/wp\/v2\/media?parent=159"}],"wp:term":[{"taxonomy":"product_brand","embeddable":true,"href":"https:\/\/rc-chemlab.net\/ar\/wp-json\/wp\/v2\/product_brand?post=159"},{"taxonomy":"product_cat","embeddable":true,"href":"https:\/\/rc-chemlab.net\/ar\/wp-json\/wp\/v2\/product_cat?post=159"},{"taxonomy":"product_tag","embeddable":true,"href":"https:\/\/rc-chemlab.net\/ar\/wp-json\/wp\/v2\/product_tag?post=159"}],"curies":[{"name":"wp","href":"https:\/\/api.w.org\/{rel}","templated":true}]}}