{"id":1332,"date":"2023-06-05T23:53:41","date_gmt":"2023-06-05T23:53:41","guid":{"rendered":"https:\/\/rc-chemlab.net\/?post_type=product&#038;p=1332"},"modified":"2024-04-16T01:38:04","modified_gmt":"2024-04-16T01:38:04","slug":"4-fma-kaufen","status":"publish","type":"product","link":"https:\/\/rc-chemlab.net\/ar\/product\/4-fma-kaufen\/","title":{"rendered":"4-\u0641\u0645\u0627"},"content":{"rendered":"<h1>\u0627\u0634\u062a\u0631 4-FMA<\/h1>\n<p>\u0647\u0644 \u062a\u0631\u063a\u0628 \u0641\u064a \u0634\u0631\u0627\u0621 4-FMA\u061f \u062c\u0645\u064a\u0639 \u0627\u0644\u0645\u0646\u062a\u062c\u0627\u062a \u0645\u0646 Rc-<a href=\"\/ar\/\">\u0634\u064a\u0644\u0627\u0628<\/a> \u062a\u0645 \u0627\u062e\u062a\u0628\u0627\u0631\u0647\u0627 \u0645\u0639\u0645\u0644\u064a\u0627\u064b \u0648\u0628\u0623\u0639\u0644\u0649 \u062c\u0648\u062f\u0629. \u064a\u062a\u0645 \u062a\u063a\u0644\u064a\u0641 \u0627\u0644\u0637\u0644\u0628\u0627\u062a \u0628\u0634\u0643\u0644 \u0633\u0631\u064a \u0648\u0625\u0631\u0633\u0627\u0644\u0647\u0627 \u0641\u064a \u063a\u0636\u0648\u0646 24 \u0633\u0627\u0639\u0629. \u064a\u0645\u0643\u0646\u0643 \u0623\u064a\u0636\u064b\u0627 \u0627\u0644\u062f\u0641\u0639 \u0628\u0623\u0645\u0627\u0646 \u0648\u0633\u0631\u0639\u0629 \u0639\u0646 \u0637\u0631\u064a\u0642 \u0627\u0644\u062a\u0634\u0641\u064a\u0631! \u064a\u062a\u0645 \u062a\u063a\u0644\u064a\u0641 \u0627\u0644\u0637\u0644\u0628\u0627\u062a \u0628\u0633\u0631\u064a\u0629 \u062a\u0627\u0645\u0629 \u0648\u0625\u0631\u0633\u0627\u0644\u0647\u0627 \u062e\u0644\u0627\u0644 24 \u0633\u0627\u0639\u0629.<\/p>\n<h2>\u0645\u0627 \u0647\u064a 4-\u0641\u0645\u0627\u061f<\/h2>\n<p>4 -FMA \u0647\u0648 \u0641\u0626\u0629 \u0645\u0646 \u0627\u0644\u0645\u0648\u0627\u062f \u0627\u0644\u0643\u064a\u0645\u064a\u0627\u0626\u064a\u0629 \u0648\u062b\u064a\u0642\u0629 \u0627\u0644\u0635\u0644\u0629 \u0628\u0627\u0644\u0623\u0645\u0641\u064a\u062a\u0627\u0645\u064a\u0646. \u0648\u0647\u0648 \u0645\u0631\u0643\u0628 \u0641\u0644\u0648\u0631\u064a\u060c \u0645\u0645\u0627 \u064a\u0639\u0646\u064a \u0623\u0646\u0647 \u062a\u0645\u062a \u0625\u0636\u0627\u0641\u0629 \u0630\u0631\u0629 \u0641\u0644\u0648\u0631 \u0625\u0644\u0649 \u0627\u0644\u062c\u0632\u064a\u0621 \u0644\u062a\u063a\u064a\u064a\u0631 \u062e\u0635\u0627\u0626\u0635\u0647. \u064a\u062a\u0643\u0648\u0646 4-FMA \u0645\u0646 \u0645\u062c\u0645\u0648\u0639\u0629 \u0641\u064a\u0646\u064a\u0644 \u0645\u062a\u0635\u0644\u0629 \u0628\u062c\u0632\u064a\u0621 \u0627\u0644\u0623\u0645\u0641\u064a\u062a\u0627\u0645\u064a\u0646. <a href=\"https:\/\/xtcdrogenhaus.com\/Produkt-Kategorie\/amphetamine-kaufen\/\">\u0627\u0644\u0623\u0645\u0641\u064a\u062a\u0627\u0645\u064a\u0646<\/a> \u0647\u0648 \u0645\u0627\u062f\u0629 \u062a\u0624\u062b\u0631 \u0639\u0644\u0649 \u0627\u0644\u062f\u0645\u0627\u063a \u0648\u0627\u0644\u062c\u0647\u0627\u0632 \u0627\u0644\u0639\u0635\u0628\u064a. \u0641\u0647\u064a \u062a\u0632\u064a\u062f \u0645\u0646 \u0625\u0641\u0631\u0627\u0632 \u0645\u0648\u0627\u062f \u0643\u064a\u0645\u064a\u0627\u0626\u064a\u0629 \u0645\u0639\u064a\u0646\u0629 \u0641\u064a \u0627\u0644\u062f\u0645\u0627\u063a \u0645\u062b\u0644 \u0627\u0644\u062f\u0648\u0628\u0627\u0645\u064a\u0646 \u0648\u0627\u0644\u0646\u0648\u0631\u0627\u062f\u0631\u064a\u0646\u0627\u0644\u064a\u0646\u060c \u0645\u0645\u0627 \u0642\u062f \u064a\u0624\u062f\u064a \u0625\u0644\u0649 \u0627\u0644\u0634\u0639\u0648\u0631 \u0628\u0627\u0644\u0646\u0634\u0648\u0629 \u0648\u0632\u064a\u0627\u062f\u0629 \u0627\u0644\u064a\u0642\u0638\u0629 \u0648\u0627\u0644\u0637\u0627\u0642\u0629.<\/p>\n<h2>\u0623\u064a\u0646 \u064a\u0645\u0643\u0646\u0646\u064a \u0634\u0631\u0627\u0621 4-FMA\u061f<\/h2>\n<p>\u0641\u064a \u0634\u064a\u0644\u0627\u0628 \u064a\u0645\u0643\u0646\u0643 \u0634\u0631\u0627\u0621 \u062c\u0645\u064a\u0639 \u0627\u0644\u0645\u0648\u0627\u062f \u0627\u0644\u0643\u064a\u0645\u064a\u0627\u0626\u064a\u0629 \u0627\u0644\u0628\u062d\u062b\u064a\u0629\u060c \u0648\u0647\u0646\u0627 \u064a\u0645\u0643\u0646\u0643 \u0623\u064a\u0636\u064b\u0627 \u0634\u0631\u0627\u0621 4-FMA \u0628\u0623\u0641\u0636\u0644 \u062c\u0648\u062f\u0629. \u064a\u062a\u0645 \u062a\u0648\u0641\u064a\u0631 \u0647\u0630\u0647 \u0627\u0644\u0645\u0627\u062f\u0629 \u0641\u064a \u0634\u0643\u0644 \u0645\u0633\u062d\u0648\u0642 \u0648\u0647\u064a \u0645\u062e\u0635\u0635\u0629 \u0644\u0644\u0627\u0633\u062a\u062e\u062f\u0627\u0645 \u0627\u0644\u0645\u062e\u062a\u0628\u0631\u064a \u0641\u0642\u0637\u060c \u0648\u064a\u062c\u0628 \u0639\u0644\u064a\u0643 \u062f\u0627\u0626\u0645\u064b\u0627 \u0627\u062a\u062e\u0627\u0630 \u0627\u062d\u062a\u064a\u0627\u0637\u0627\u062a \u0627\u0644\u0633\u0644\u0627\u0645\u0629 \u0627\u0644\u0645\u0646\u0627\u0633\u0628\u0629. \u0645\u0644\u0627\u062d\u0638\u0629: 4-FMA\u060c \u0645\u062b\u0644\u0647\u0627 \u0645\u062b\u0644 \u0627\u0644\u0645\u0648\u0627\u062f \u0627\u0644\u0643\u064a\u0645\u064a\u0627\u0626\u064a\u0629 \u0627\u0644\u0628\u062d\u062b\u064a\u0629 \u0627\u0644\u0623\u062e\u0631\u0649\u060c \u0645\u062e\u0635\u0635\u0629 \u0644\u0644\u0627\u0633\u062a\u062e\u062f\u0627\u0645 \u0627\u0644\u0628\u062d\u062b\u064a \u0641\u0642\u0637 \u0648\u064a\u062c\u0628 \u0623\u0644\u0627 \u064a\u0633\u062a\u0647\u0644\u0643\u0647\u0627 \u0627\u0644\u0628\u0634\u0631 \u0623\u0648 \u0627\u0644\u062d\u064a\u0648\u0627\u0646\u0627\u062a \u0623\u0648 \u0627\u0644\u0643\u0627\u0626\u0646\u0627\u062a \u0627\u0644\u062d\u064a\u0629 \u0627\u0644\u0623\u062e\u0631\u0649. \u0646\u062d\u0646 \u0644\u0627 \u0646\u0628\u064a\u0639 \u0627\u0644\u0645\u0648\u0627\u062f \u0627\u0644\u0643\u064a\u0645\u064a\u0627\u0626\u064a\u0629 \u0627\u0644\u0628\u062d\u062b\u064a\u0629 \u0644\u0623\u064a \u0634\u062e\u0635 \u064a\u0642\u0644 \u0639\u0645\u0631\u0647 \u0639\u0646 18 \u0639\u0627\u0645\u064b\u0627. \u0644\u0645\u0632\u064a\u062f \u0645\u0646 \u0627\u0644\u0645\u0639\u0644\u0648\u0645\u0627\u062a \u064a\u0631\u062c\u0649 \u0627\u0644\u0627\u062a\u0635\u0627\u0644 \u0628 <a href=\"https:\/\/rc-chemlab.net\/ar\/kontakt\/\">\u062a\u0648\u0627\u0635\u0644 \u0645\u0639\u0646\u0627<\/a> \u0639\u0644\u0649.<\/p>","protected":false},"excerpt":{"rendered":"<p>4-FMA kaufen Sie m\u00f6chten 4-FMA kaufen? Alle Produkte von Rc-Chemlab sind laborgepr\u00fcft und von h\u00f6chster Qualit\u00e4t. Die Bestellungen werden diskret<\/p>","protected":false},"featured_media":10327,"comment_status":"open","ping_status":"closed","template":"","meta":{"_seopress_robots_primary_cat":"none","_seopress_titles_title":"4-FMA kaufen %%sep%% %%sitetitle%%","_seopress_titles_desc":"4-FMA kaufen - Sie m\u00f6chten 4-FMA kaufen? Alle Produkte von Rc-Chemlab sind laborgepr\u00fcft und von h\u00f6chster Qualit\u00e4t.","_seopress_robots_index":""},"product_brand":[],"product_cat":[140],"product_tag":[],"class_list":{"0":"post-1332","1":"product","2":"type-product","3":"status-publish","4":"has-post-thumbnail","6":"product_cat-forschungschemikalien","8":"first","9":"instock","10":"taxable","11":"shipping-taxable","12":"purchasable","13":"product-type-variable"},"_links":{"self":[{"href":"https:\/\/rc-chemlab.net\/ar\/wp-json\/wp\/v2\/product\/1332","targetHints":{"allow":["GET"]}}],"collection":[{"href":"https:\/\/rc-chemlab.net\/ar\/wp-json\/wp\/v2\/product"}],"about":[{"href":"https:\/\/rc-chemlab.net\/ar\/wp-json\/wp\/v2\/types\/product"}],"replies":[{"embeddable":true,"href":"https:\/\/rc-chemlab.net\/ar\/wp-json\/wp\/v2\/comments?post=1332"}],"version-history":[{"count":2,"href":"https:\/\/rc-chemlab.net\/ar\/wp-json\/wp\/v2\/product\/1332\/revisions"}],"predecessor-version":[{"id":10328,"href":"https:\/\/rc-chemlab.net\/ar\/wp-json\/wp\/v2\/product\/1332\/revisions\/10328"}],"wp:featuredmedia":[{"embeddable":true,"href":"https:\/\/rc-chemlab.net\/ar\/wp-json\/wp\/v2\/media\/10327"}],"wp:attachment":[{"href":"https:\/\/rc-chemlab.net\/ar\/wp-json\/wp\/v2\/media?parent=1332"}],"wp:term":[{"taxonomy":"product_brand","embeddable":true,"href":"https:\/\/rc-chemlab.net\/ar\/wp-json\/wp\/v2\/product_brand?post=1332"},{"taxonomy":"product_cat","embeddable":true,"href":"https:\/\/rc-chemlab.net\/ar\/wp-json\/wp\/v2\/product_cat?post=1332"},{"taxonomy":"product_tag","embeddable":true,"href":"https:\/\/rc-chemlab.net\/ar\/wp-json\/wp\/v2\/product_tag?post=1332"}],"curies":[{"name":"wp","href":"https:\/\/api.w.org\/{rel}","templated":true}]}}